{"id":933,"date":"2021-10-17T17:54:24","date_gmt":"2021-10-17T14:54:24","guid":{"rendered":"https:\/\/fil-promootio.helsinki.fi\/?page_id=933"},"modified":"2021-11-30T21:23:39","modified_gmt":"2021-11-30T19:23:39","slug":"hatterbjudanden","status":"publish","type":"page","link":"https:\/\/fil-promootio.helsinki.fi\/2022\/sv\/hatterbjudanden\/","title":{"rendered":"Hatterbjudanden"},"content":{"rendered":"\n<div class=\"wp-block-group alignfull\"><div class=\"wp-block-group__inner-container is-layout-flow wp-block-group-is-layout-flow\">\n<div class=\"wp-block-media-text alignwide is-stacked-on-mobile is-image-fill is-style-tw-shadow\"><figure class=\"wp-block-media-text__media\" style=\"background-image:url(https:\/\/fil-promo-22.it.helsinki.fi\/2022\/wp-content\/uploads\/sites\/3\/2021\/10\/IMG_0844-1600x1064.png);background-position:50% 50%\"><img decoding=\"async\" src=\"https:\/\/fil-promo-22.it.helsinki.fi\/2022\/wp-content\/uploads\/sites\/3\/2021\/10\/IMG_0844-1600x1064.png\" alt=\"\" class=\"wp-image-914 size-full\"\/><\/figure><div class=\"wp-block-media-text__content\">\n<h3 class=\"has-h-4-font-size wp-block-heading\">Hattstudio Memmu Lankila<\/h3>\n\n\n\n<p>Hattstudio Memmu Lankila erbjuder doktorshattar till ett specialpris p\u00e5 599 \u20ac. Best\u00e4llningen b\u00f6r g\u00f6ras senast den 30 november 2021. I priset ing\u00e5r en f\u00f6rvaringsl\u00e5da, lyra, namnm\u00e4rkning och moms. Hatten \u00e4r gjord f\u00f6r hand av en skicklig finsk hattmakare.<\/p>\n\n\n\n<p><a href=\"http:\/\/www.tohtorinhattu.eu\/\">http:\/\/www.tohtorinhattu.eu\/<\/a><\/p>\n<\/div><\/div>\n\n\n\n<div class=\"wp-block-media-text alignwide is-stacked-on-mobile is-image-fill is-style-tw-shadow\"><figure class=\"wp-block-media-text__media\" style=\"background-image:url(https:\/\/fil-promo-22.it.helsinki.fi\/2022\/wp-content\/uploads\/sites\/3\/2021\/10\/Melanders-hattfabrik-1-1600x1048.jpg);background-position:50% 50%\"><img decoding=\"async\" src=\"https:\/\/fil-promo-22.it.helsinki.fi\/2022\/wp-content\/uploads\/sites\/3\/2021\/10\/Melanders-hattfabrik-1-1600x1048.jpg\" alt=\"\" class=\"wp-image-931 size-full\"\/><\/figure><div class=\"wp-block-media-text__content\">\n<h3 class=\"has-h-4-font-size wp-block-heading\" style=\"line-height:1.5\">Melanders Hattfabrik<\/h3>\n\n\n\n<p>Melanders Hattfabrik erbjuder f\u00f6r deltagarna i filosofiska fakultetens promotion doktorshattar till priset 655 \u20ac.<br>I priset ing\u00e5r f\u00f6rutom hatten och lyran en skyddsp\u00e5se, en f\u00f6rvaringsl\u00e5da, m\u00e4tning av hattstorleken och leverans. Dessutom erbjuder vi ett doktorsv\u00e4rd till priset 355 \u20ac. F\u00f6rutom sv\u00e4rdet inkluderas Helsingfors universitets emblem, en skyddsp\u00e5se, en sv\u00e4rd slinga, gravering och leverans.<\/p>\n\n\n\n<p><a href=\"https:\/\/melandershattfabrik.com\/\">https:\/\/melandershattfabrik.com\/<\/a><\/p>\n<\/div><\/div>\n\n\n\n<div class=\"wp-block-media-text alignwide is-stacked-on-mobile is-image-fill is-style-tw-shadow\"><figure class=\"wp-block-media-text__media\" style=\"background-image:url(https:\/\/fil-promo-22.it.helsinki.fi\/2022\/wp-content\/uploads\/sites\/3\/2021\/10\/logo-wahlman-2-1600x1084.png);background-position:50% 50%\"><img decoding=\"async\" src=\"https:\/\/fil-promo-22.it.helsinki.fi\/2022\/wp-content\/uploads\/sites\/3\/2021\/10\/logo-wahlman-2-1600x1084.png\" alt=\"\" class=\"wp-image-938 size-full\"\/><\/figure><div class=\"wp-block-media-text__content\">\n<h3 class=\"has-h-4-font-size wp-block-heading\" style=\"line-height:1.5\">E.R. Wahlman<\/h3>\n\n\n\n<p>ER Wahlman Oy erbjuder -10% rabatt p\u00e5 doktorshattar f\u00f6r deltagarna i filosofiska fakultetens promotion. Erbjudandet g\u00e4ller till och med 23 december 2021. Rabattpriset \u00e4r 670 \u20ac (norm. 745 \u20ac). Vi hj\u00e4lper dig g\u00e4rna med fr\u00e5gor g\u00e4llande doktorshattar.<\/p>\n\n\n\n<p><a href=\"https:\/\/www.wahlman.fi\/\">https:\/\/www.wahlman.fi\/<\/a><\/p>\n<\/div><\/div>\n\n\n\n<div class=\"wp-block-media-text alignwide is-stacked-on-mobile is-style-tw-shadow\" id=\"harvesteb\"><figure class=\"wp-block-media-text__media\"><img loading=\"lazy\" decoding=\"async\" width=\"1004\" height=\"489\" src=\"https:\/\/fil-promo-22.it.helsinki.fi\/2022\/wp-content\/uploads\/sites\/3\/2021\/11\/Heb-logo-1.jpg\" alt=\"\" class=\"wp-image-1049 size-full\" srcset=\"https:\/\/fil-promootio.helsinki.fi\/2022\/wp-content\/uploads\/sites\/3\/2021\/11\/Heb-logo-1.jpg 1004w, https:\/\/fil-promootio.helsinki.fi\/2022\/wp-content\/uploads\/sites\/3\/2021\/11\/Heb-logo-1-600x292.jpg 600w, https:\/\/fil-promootio.helsinki.fi\/2022\/wp-content\/uploads\/sites\/3\/2021\/11\/Heb-logo-1-900x438.jpg 900w, https:\/\/fil-promootio.helsinki.fi\/2022\/wp-content\/uploads\/sites\/3\/2021\/11\/Heb-logo-1-768x374.jpg 768w\" sizes=\"auto, (max-width: 1004px) 100vw, 1004px\" \/><\/figure><div class=\"wp-block-media-text__content\">\n<h2 class=\"has-h-4-font-size wp-block-heading\">Doktorshattar Harvest EB<\/h2>\n\n\n\n<p>HarvestEb-Katico -doktorshattar tillverkas av europeiska kvalitetsmaterial och tillverkas som handarbete fr\u00e5n b\u00f6rjan till slut enligt kundens personliga m\u00e5tt. Tillverkaren har en l\u00e5ng erfarenhet inom branschen och hen har tillverkat upp till 2000 doktorshattar. V\u00e5r samarbetspartner Seremonia Oy g\u00f6r huvudm\u00e4tningar f\u00f6r m\u00e5ttbest\u00e4llda hattar i Helsingfors.<\/p>\n\n\n\n<p>Ifall du best\u00e4ller t.o.m. den 31.1.2022 \u00e4r rabatten -5%, det nedsatta priset \u00e4r 574,75 \u20ac. Efter detta datum \u00e4r priset f\u00f6r doktorshatten 605 \u20ac (norm. pris). Best\u00e4llningen inkluderar f\u00f6rutom doktorshatten lyran, ett fodral, leveransen och moms. V\u00e5r samarbetspartner g\u00f6r huvudm\u00e4tningen och f\u00f6r den betalas en skild ers\u00e4ttning till aff\u00e4ren i samband med m\u00e4tningen. Leveranstiden \u00e4r 5\u20148 veckor, br\u00e5dskande best\u00e4llningar ca. 4 veckor eller under (obs. kan inverka p\u00e5 priset).<\/p>\n\n\n\n<p>Huvudm\u00e4tningar i Helsingfors centrum Seremonia Oy, Norra Magasingatan 7, 00130 Helsingfors, www.seremonia.fi. Tidsbokning tel. 09-177224. Aff\u00e4ren har \u00f6ppet tis-fre 12-18 och l\u00f6r 10-15. I aff\u00e4ren finns hattmodeller till p\u00e5seende. Samarbetspartners f\u00f6r huvudm\u00e4tning finns \u00e4ven p\u00e5 andra orter i Finland, information p\u00e5 www-sidorna. <a href=\"https:\/\/fil-promo-22.it.helsinki.fi\/2022\/sv\/kladerbjudanden\/#seremonia\" data-type=\"URL\" data-id=\"https:\/\/fil-promo-22.it.helsinki.fi\/2022\/sv\/kladerbjudanden\/#seremonia\">Du kan bekanta dig med ceremonins festkl\u00e4nning- och frackerbjudanden h\u00e4r.<\/a><\/p>\n\n\n\n<p>Vi hyr ocks\u00e5 ut doktorshattar och levererar sv\u00e4rd med personlig gravering, tillh\u00f6rande lyra och 24 karats guld.<\/p>\n\n\n\n<p><a href=\"http:\/\/www.doctoralhats.harvesteb.com\">www.doctoralhats.harvesteb.com<br><\/a><a href=\"mailto:info@harvesteb.com\">info@harvesteb.com<\/a><\/p>\n<\/div><\/div>\n<\/div><\/div>\n","protected":false},"excerpt":{"rendered":"<p>Hattstudio Memmu Lankila Hattstudio Memmu Lankila erbjuder doktorshattar till ett specialpris p\u00e5 599 \u20ac. Best\u00e4llningen b\u00f6r g\u00f6ras senast den 30 november 2021. I priset ing\u00e5r en f\u00f6rvaringsl\u00e5da, lyra, namnm\u00e4rkning och moms. Hatten \u00e4r gjord f\u00f6r hand av en skicklig finsk hattmakare. http:\/\/www.tohtorinhattu.eu\/ Melanders Hattfabrik Melanders Hattfabrik erbjuder f\u00f6r deltagarna i filosofiska fakultetens promotion doktorshattar till [&hellip;]<\/p>\n","protected":false},"author":7,"featured_media":0,"parent":0,"menu_order":0,"comment_status":"closed","ping_status":"closed","template":"","meta":{"footnotes":""},"class_list":["post-933","page","type-page","status-publish","hentry"],"_links":{"self":[{"href":"https:\/\/fil-promootio.helsinki.fi\/2022\/wp-json\/wp\/v2\/pages\/933","targetHints":{"allow":["GET"]}}],"collection":[{"href":"https:\/\/fil-promootio.helsinki.fi\/2022\/wp-json\/wp\/v2\/pages"}],"about":[{"href":"https:\/\/fil-promootio.helsinki.fi\/2022\/wp-json\/wp\/v2\/types\/page"}],"author":[{"embeddable":true,"href":"https:\/\/fil-promootio.helsinki.fi\/2022\/wp-json\/wp\/v2\/users\/7"}],"replies":[{"embeddable":true,"href":"https:\/\/fil-promootio.helsinki.fi\/2022\/wp-json\/wp\/v2\/comments?post=933"}],"version-history":[{"count":7,"href":"https:\/\/fil-promootio.helsinki.fi\/2022\/wp-json\/wp\/v2\/pages\/933\/revisions"}],"predecessor-version":[{"id":1065,"href":"https:\/\/fil-promootio.helsinki.fi\/2022\/wp-json\/wp\/v2\/pages\/933\/revisions\/1065"}],"wp:attachment":[{"href":"https:\/\/fil-promootio.helsinki.fi\/2022\/wp-json\/wp\/v2\/media?parent=933"}],"curies":[{"name":"wp","href":"https:\/\/api.w.org\/{rel}","templated":true}]}}