{"id":913,"date":"2021-10-12T22:04:05","date_gmt":"2021-10-12T19:04:05","guid":{"rendered":"https:\/\/fil-promootio.helsinki.fi\/?page_id=913"},"modified":"2021-11-30T21:23:12","modified_gmt":"2021-11-30T19:23:12","slug":"hattutarjoukset","status":"publish","type":"page","link":"https:\/\/fil-promootio.helsinki.fi\/2022\/hattutarjoukset\/","title":{"rendered":"Hattutarjoukset"},"content":{"rendered":"\n<div class=\"wp-block-group alignfull\"><div class=\"wp-block-group__inner-container is-layout-flow wp-block-group-is-layout-flow\">\n<div class=\"wp-block-media-text alignwide is-stacked-on-mobile is-image-fill is-style-tw-shadow\"><figure class=\"wp-block-media-text__media\" style=\"background-image:url(https:\/\/fil-promo-22.it.helsinki.fi\/2022\/wp-content\/uploads\/sites\/3\/2021\/10\/IMG_0844-1600x1064.png);background-position:50% 50%\"><img decoding=\"async\" src=\"https:\/\/fil-promo-22.it.helsinki.fi\/2022\/wp-content\/uploads\/sites\/3\/2021\/10\/IMG_0844-1600x1064.png\" alt=\"\" class=\"wp-image-914 size-full\"\/><\/figure><div class=\"wp-block-media-text__content\">\n<h3 class=\"has-h-4-font-size wp-block-heading\">Hattuateljee Memmu Lankila<\/h3>\n\n\n\n<p>Hattuateljee Memmu Lankila tarjoaa\u00a0 30.11.2021 menness\u00e4 tilatut tohtorinhatut tarjoushintaan 599\u20ac, sis\u00e4lt\u00e4en s\u00e4ilytyslaatikon, lyyran ja nimikoinnin sek\u00e4 alv:n. Hattu on kokonaan k\u00e4sin tehty, suomalaisen modistimestarin taidolla.\u00a0<\/p>\n\n\n\n<p><a href=\"http:\/\/www.tohtorinhattu.eu\/\">http:\/\/www.tohtorinhattu.eu\/<\/a><\/p>\n<\/div><\/div>\n\n\n\n<div class=\"wp-block-media-text alignwide is-stacked-on-mobile is-image-fill is-style-tw-shadow\"><figure class=\"wp-block-media-text__media\" style=\"background-image:url(https:\/\/fil-promo-22.it.helsinki.fi\/2022\/wp-content\/uploads\/sites\/3\/2021\/10\/Melanders-hattfabrik-1-1600x1048.jpg);background-position:50% 50%\"><img decoding=\"async\" src=\"https:\/\/fil-promo-22.it.helsinki.fi\/2022\/wp-content\/uploads\/sites\/3\/2021\/10\/Melanders-hattfabrik-1-1600x1048.jpg\" alt=\"\" class=\"wp-image-931 size-full\"\/><\/figure><div class=\"wp-block-media-text__content\">\n<h3 class=\"has-h-4-font-size wp-block-heading\" style=\"line-height:1.5\">Melanders Hattfabrik<\/h3>\n\n\n\n<p>Melanders Hattfabrik tarjoaa promootioon osallistuville tohtoreille tohtorinhatun hintaan 659 \u20ac. Hintaan sis\u00e4ltyy hatun ja lyyran lis\u00e4ksi suojapussi, s\u00e4ilytyslaatikko sek\u00e4 mittaus formaattorilla ja toimitus. Lis\u00e4ksi tohtorinmiekka hintaan 355 \u20ac. Hintaan sis\u00e4ltyy miekan lis\u00e4ksi Helsingin yliopiston embleemi, suojapussi, kannatinlenkki, kaiverrus ja toimitus.<\/p>\n\n\n\n<p><a href=\"https:\/\/melandershattfabrik.com\/\">https:\/\/melandershattfabrik.com\/<\/a><\/p>\n<\/div><\/div>\n\n\n\n<div class=\"wp-block-media-text alignwide is-stacked-on-mobile is-image-fill is-style-tw-shadow\"><figure class=\"wp-block-media-text__media\" style=\"background-image:url(https:\/\/fil-promo-22.it.helsinki.fi\/2022\/wp-content\/uploads\/sites\/3\/2021\/10\/logo-wahlman.png);background-position:50% 50%\"><img loading=\"lazy\" decoding=\"async\" width=\"2000\" height=\"1355\" src=\"https:\/\/fil-promo-22.it.helsinki.fi\/2022\/wp-content\/uploads\/sites\/3\/2021\/10\/logo-wahlman.png\" alt=\"\" class=\"wp-image-915 size-full\" srcset=\"https:\/\/fil-promootio.helsinki.fi\/2022\/wp-content\/uploads\/sites\/3\/2021\/10\/logo-wahlman.png 2000w, https:\/\/fil-promootio.helsinki.fi\/2022\/wp-content\/uploads\/sites\/3\/2021\/10\/logo-wahlman-600x407.png 600w, https:\/\/fil-promootio.helsinki.fi\/2022\/wp-content\/uploads\/sites\/3\/2021\/10\/logo-wahlman-900x610.png 900w, https:\/\/fil-promootio.helsinki.fi\/2022\/wp-content\/uploads\/sites\/3\/2021\/10\/logo-wahlman-768x520.png 768w, https:\/\/fil-promootio.helsinki.fi\/2022\/wp-content\/uploads\/sites\/3\/2021\/10\/logo-wahlman-1536x1041.png 1536w, https:\/\/fil-promootio.helsinki.fi\/2022\/wp-content\/uploads\/sites\/3\/2021\/10\/logo-wahlman-1200x813.png 1200w, https:\/\/fil-promootio.helsinki.fi\/2022\/wp-content\/uploads\/sites\/3\/2021\/10\/logo-wahlman-1980x1341.png 1980w\" sizes=\"auto, (max-width: 2000px) 100vw, 2000px\" \/><\/figure><div class=\"wp-block-media-text__content\">\n<h3 class=\"has-h-4-font-size wp-block-heading\" style=\"line-height:1.5\">E. R. Wahlman<\/h3>\n\n\n\n<p>E.R. Wahlman Oy tarjoaa filosofisen tiedekunnan promootioon osallistuville tohtorin hatusta -10 % alennuksen, kun tilauksen tekee 23.12.2021 menness\u00e4. Alehinta on 670 \u20ac (norm. 745 \u20ac). Autamme mielell\u00e4mme kaikissa tohtorinhattuja koskevissa kysymyksiss\u00e4.<\/p>\n\n\n\n<p><a href=\"https:\/\/www.wahlman.fi\">https:\/\/www.wahlman.fi<\/a><\/p>\n<\/div><\/div>\n\n\n\n<div class=\"wp-block-media-text alignwide is-stacked-on-mobile is-style-tw-shadow\" id=\"harvesteb\"><figure class=\"wp-block-media-text__media\"><img loading=\"lazy\" decoding=\"async\" width=\"1004\" height=\"489\" src=\"https:\/\/fil-promo-22.it.helsinki.fi\/2022\/wp-content\/uploads\/sites\/3\/2021\/11\/Heb-logo.jpg\" alt=\"\" class=\"wp-image-1027 size-full\" srcset=\"https:\/\/fil-promootio.helsinki.fi\/2022\/wp-content\/uploads\/sites\/3\/2021\/11\/Heb-logo.jpg 1004w, https:\/\/fil-promootio.helsinki.fi\/2022\/wp-content\/uploads\/sites\/3\/2021\/11\/Heb-logo-600x292.jpg 600w, https:\/\/fil-promootio.helsinki.fi\/2022\/wp-content\/uploads\/sites\/3\/2021\/11\/Heb-logo-900x438.jpg 900w, https:\/\/fil-promootio.helsinki.fi\/2022\/wp-content\/uploads\/sites\/3\/2021\/11\/Heb-logo-768x374.jpg 768w\" sizes=\"auto, (max-width: 1004px) 100vw, 1004px\" \/><\/figure><div class=\"wp-block-media-text__content\">\n<h2 class=\"has-h-4-font-size wp-block-heading\">Tohtorinhatut Harvest EB<\/h2>\n\n\n\n<p>HarvestEb-Katico -tohtorinhatut valmistetaan laadukkaista eurooppalaisista materiaaleista asiakkaan henkil\u00f6kohtaisten p\u00e4\u00e4nmittojen mukaan ammattitaitoisena k\u00e4sity\u00f6n\u00e4 alusta loppuun. Valmistajallamme on pitk\u00e4 kokemus alalta ja h\u00e4n on tehnyt l\u00e4hes 2000 tohtorinhatua. Yhteisty\u00f6liikkeemme Seremonia Oy tekee Helsingiss\u00e4 p\u00e4\u00e4nmittauksia hattutilauksia varten.<\/p>\n\n\n\n<p>Tilattaessa 31.1.2022 menness\u00e4 alennus on -5%, alennus hinta on 574,75\u20ac. T\u00e4m\u00e4n j\u00e4lkeen tohtorinhatun hinta on 605e (norm. hinta). Tilaus sis\u00e4lt\u00e4\u00e4 tohtorinhatun lis\u00e4ksi lyyran, kotelon, toimituksen ja alv:n.&nbsp; Yhteisty\u00f6liikkeemme tekev\u00e4t p\u00e4\u00e4nmittauksen ja siit\u00e4 maksetaan erillinen korvaus liikkeelle mittauksen yhteydess\u00e4. Toimitusaika on 5\u20148 viikkoa, kiireellisen\u00e4 noin 4 viikkoa tai jopa alle (huom. mahd. vaikutus hintaan).<\/p>\n\n\n\n<p>P\u00e4\u00e4nmittaukset Helsingin keskustassa Seremonia Oy, Pohjoinen Makasiinikatu 7, 00130 Helsinki, www.seremonia.fi. Ajanvaraus p. 09-177224. Liike on auki ti-pe 12-18 ja la 10-15. Liikkeess\u00e4 on mallihattuja n\u00e4ht\u00e4vill\u00e4. Yhteisty\u00f6liikkeit\u00e4 p\u00e4\u00e4nmittaukseen on my\u00f6s muualla Suomessa, tiedot www-sivuillamme. <a href=\"https:\/\/fil-promo-22.it.helsinki.fi\/2022\/vaatetarjoukset\/#seremonia\" data-type=\"URL\" data-id=\"https:\/\/fil-promo-22.it.helsinki.fi\/2022\/vaatetarjoukset\/#seremonia\">Seremonian juhlapuku- ja frakki-tarjoukseen voit tutustua t\u00e4st\u00e4.<\/a><\/p>\n\n\n\n<p>Vuokraamme my\u00f6s tohtorinhattuja ja toimitamme miekkoja henkil\u00f6kohtaisine kaiverruksineen, asianmukaisella lyyralla ja 24 karaatin kultauksella varustettuna.<\/p>\n\n\n\n<p><a href=\"http:\/\/www.doctoralhats.harvesteb.com\">www.doctoralhats.harvesteb.com<br><\/a><a href=\"mailto:info@harvesteb.com\">info@harvesteb.com<\/a><\/p>\n<\/div><\/div>\n<\/div><\/div>\n\n\n\n<p><\/p>\n","protected":false},"excerpt":{"rendered":"<p>Hattuateljee Memmu Lankila Hattuateljee Memmu Lankila tarjoaa\u00a0 30.11.2021 menness\u00e4 tilatut tohtorinhatut tarjoushintaan 599\u20ac, sis\u00e4lt\u00e4en s\u00e4ilytyslaatikon, lyyran ja nimikoinnin sek\u00e4 alv:n. Hattu on kokonaan k\u00e4sin tehty, suomalaisen modistimestarin taidolla.\u00a0 http:\/\/www.tohtorinhattu.eu\/ Melanders Hattfabrik Melanders Hattfabrik tarjoaa promootioon osallistuville tohtoreille tohtorinhatun hintaan 659 \u20ac. Hintaan sis\u00e4ltyy hatun ja lyyran lis\u00e4ksi suojapussi, s\u00e4ilytyslaatikko sek\u00e4 mittaus formaattorilla ja toimitus. Lis\u00e4ksi [&hellip;]<\/p>\n","protected":false},"author":7,"featured_media":0,"parent":0,"menu_order":0,"comment_status":"closed","ping_status":"closed","template":"","meta":{"footnotes":""},"class_list":["post-913","page","type-page","status-publish","hentry"],"_links":{"self":[{"href":"https:\/\/fil-promootio.helsinki.fi\/2022\/wp-json\/wp\/v2\/pages\/913","targetHints":{"allow":["GET"]}}],"collection":[{"href":"https:\/\/fil-promootio.helsinki.fi\/2022\/wp-json\/wp\/v2\/pages"}],"about":[{"href":"https:\/\/fil-promootio.helsinki.fi\/2022\/wp-json\/wp\/v2\/types\/page"}],"author":[{"embeddable":true,"href":"https:\/\/fil-promootio.helsinki.fi\/2022\/wp-json\/wp\/v2\/users\/7"}],"replies":[{"embeddable":true,"href":"https:\/\/fil-promootio.helsinki.fi\/2022\/wp-json\/wp\/v2\/comments?post=913"}],"version-history":[{"count":9,"href":"https:\/\/fil-promootio.helsinki.fi\/2022\/wp-json\/wp\/v2\/pages\/913\/revisions"}],"predecessor-version":[{"id":1064,"href":"https:\/\/fil-promootio.helsinki.fi\/2022\/wp-json\/wp\/v2\/pages\/913\/revisions\/1064"}],"wp:attachment":[{"href":"https:\/\/fil-promootio.helsinki.fi\/2022\/wp-json\/wp\/v2\/media?parent=913"}],"curies":[{"name":"wp","href":"https:\/\/api.w.org\/{rel}","templated":true}]}}