{"id":549,"date":"2021-01-15T20:58:25","date_gmt":"2021-01-15T18:58:25","guid":{"rendered":"https:\/\/fil-promootio.helsinki.fi\/?page_id=549"},"modified":"2022-03-03T14:35:02","modified_gmt":"2022-03-03T12:35:02","slug":"vad-promotion","status":"publish","type":"page","link":"https:\/\/fil-promootio.helsinki.fi\/2022\/sv\/vad-promotion\/","title":{"rendered":"Vad \u00e4r promotion?"},"content":{"rendered":"\n<p>Promotionen \u00e4r en unik examensfest som varar i flera dagar d\u00e5 magistrar och doktorer firar sina examina i v\u00e4rdiga omst\u00e4ndigheter med hela universitetsgemenskapen. Genom att delta i promotionen f\u00e5r promovenderna r\u00e4ttigheten att anv\u00e4nda akademiska insignier enligt sina examensgrader: magisterkrans och -ring eller doktorshatt och -v\u00e4rja.<\/p>\n\n\n\n<p>I promotionen f\u00f6renas v\u00e4rdighet och gl\u00e4ttighet, tradition och ungdomlighet. Den f\u00f6rsta filosofiska fakultetens promotion arrangerades redan \u00e5r 1643. Det \u00e4r Finlands \u00e4ldsta akademiska fest och ing\u00e5r i landets levande kulturarv.<\/p>\n\n\n\n<p>Promotionen best\u00e5r av tre dagars lyckligt och intensivt levande och festande som inneh\u00e5ller allt fr\u00e5n utm\u00e4rkta middagar till en nattlig procession som slutar med soluppg\u00e5ngen. Som upplevelse \u00e4r promotionen of\u00f6rgl\u00f6mlig och den erbjuder \u00e4nnu en till mycket v\u00e4lf\u00f6rtj\u00e4nad m\u00f6jlighet att f\u00e5 fira sina studie\u00e5r.<\/p>\n\n\n\n<p>L\u00e4s mer om promotionens historia, personligheter och traditioner <a href=\"https:\/\/fil-promo-22.it.helsinki.fi\/2022\/sv\/532-2\/\" data-type=\"page\" data-id=\"532\">h\u00e4r<\/a>, samt om promotionskultur och beskrivningar av evenemang som promotionen inneh\u00e5ller <a href=\"https:\/\/fil-promo-22.it.helsinki.fi\/2022\/sv\/program\/\" data-type=\"page\" data-id=\"558\">h\u00e4r<\/a>. Om du vill kolla atmosf\u00e4ren p\u00e5 den f\u00f6rra promotionen kan du se kollagevideon h\u00e4r:<\/p>\n\n\n\n<figure class=\"wp-block-embed is-type-video is-provider-youtube wp-block-embed-youtube wp-embed-aspect-16-9 wp-has-aspect-ratio\"><div class=\"wp-block-embed__wrapper\">\n<iframe loading=\"lazy\" title=\"Filpro19 \u2013 Aftermovie\" width=\"580\" height=\"326\" src=\"https:\/\/www.youtube.com\/embed\/Wk-LWj9O4f8?feature=oembed\" frameborder=\"0\" allow=\"accelerometer; autoplay; clipboard-write; encrypted-media; gyroscope; picture-in-picture; web-share\" referrerpolicy=\"strict-origin-when-cross-origin\" allowfullscreen><\/iframe>\n<\/div><\/figure>\n\n\n\n<p>Helsingfors universitets filosofiska fakultets promotion firas n\u00e4sta g\u00e5ng 26\u201328.5.2022. Anm\u00e4lningen (<a href=\"https:\/\/fil-promo-22.it.helsinki.fi\/2022\/sv\/anmalning\/\">h\u00e4r<\/a>) st\u00e4ngs den 7.3.2022 klockan 23.59.<\/p>\n","protected":false},"excerpt":{"rendered":"<p>Promotionen \u00e4r en unik examensfest som varar i flera dagar d\u00e5 magistrar och doktorer firar sina examina i v\u00e4rdiga omst\u00e4ndigheter med hela universitetsgemenskapen. Genom att delta i promotionen f\u00e5r promovenderna r\u00e4ttigheten att anv\u00e4nda akademiska insignier enligt sina examensgrader: magisterkrans och -ring eller doktorshatt och -v\u00e4rja. I promotionen f\u00f6renas v\u00e4rdighet och gl\u00e4ttighet, tradition och ungdomlighet. Den [&hellip;]<\/p>\n","protected":false},"author":6,"featured_media":0,"parent":0,"menu_order":0,"comment_status":"closed","ping_status":"closed","template":"","meta":{"footnotes":""},"class_list":["post-549","page","type-page","status-publish","hentry"],"_links":{"self":[{"href":"https:\/\/fil-promootio.helsinki.fi\/2022\/wp-json\/wp\/v2\/pages\/549","targetHints":{"allow":["GET"]}}],"collection":[{"href":"https:\/\/fil-promootio.helsinki.fi\/2022\/wp-json\/wp\/v2\/pages"}],"about":[{"href":"https:\/\/fil-promootio.helsinki.fi\/2022\/wp-json\/wp\/v2\/types\/page"}],"author":[{"embeddable":true,"href":"https:\/\/fil-promootio.helsinki.fi\/2022\/wp-json\/wp\/v2\/users\/6"}],"replies":[{"embeddable":true,"href":"https:\/\/fil-promootio.helsinki.fi\/2022\/wp-json\/wp\/v2\/comments?post=549"}],"version-history":[{"count":5,"href":"https:\/\/fil-promootio.helsinki.fi\/2022\/wp-json\/wp\/v2\/pages\/549\/revisions"}],"predecessor-version":[{"id":1118,"href":"https:\/\/fil-promootio.helsinki.fi\/2022\/wp-json\/wp\/v2\/pages\/549\/revisions\/1118"}],"wp:attachment":[{"href":"https:\/\/fil-promootio.helsinki.fi\/2022\/wp-json\/wp\/v2\/media?parent=549"}],"curies":[{"name":"wp","href":"https:\/\/api.w.org\/{rel}","templated":true}]}}