{"id":542,"date":"2021-01-15T20:40:48","date_gmt":"2021-01-15T18:40:48","guid":{"rendered":"https:\/\/fil-promootio.helsinki.fi\/?page_id=542"},"modified":"2021-11-07T17:31:01","modified_gmt":"2021-11-07T15:31:01","slug":"vem-kan-delta","status":"publish","type":"page","link":"https:\/\/fil-promootio.helsinki.fi\/2022\/sv\/vem-kan-delta\/","title":{"rendered":"Vem kan delta?"},"content":{"rendered":"\n<p>Filosofiska fakultetens promotion \u00e4r en fest f\u00f6r de magistrar och doktorer som har utexaminerats fr\u00e5n den historiska filosofiska fakulteten. D\u00e4rf\u00f6r \u00e4r r\u00e4tten till deltagandet bunden till examen fr\u00e5n dessa fakulteter.<\/p>\n\n\n\n<p>Som magisterpromovend kan man delta i promotionen ifall man har avlagt&nbsp;<\/p>\n\n\n\n<ul class=\"wp-block-list\"><li>magisterexamen <strong>vid humanistiska, matematisk-naturvetenskapliga, bio- och milj\u00f6vetenskapliga, beteendevetenskapliga, pedagogiska eller farmaceutiska fakulteten vid Helsingfors universitetet<\/strong> (FM, AFM (biov.), PeM, PsM)&nbsp;<\/li><li>en motsvarande kandidatexamen f\u00f6re \u00e5r 1994 (FK, FaK., PeK eller PsK) samt de magistrar <strong>som har b\u00f6rjat studera vid beteendevetenskapliga fakulteten<\/strong> men utexaminerats fr\u00e5n mediciniska fakulteten (PeM., PsM.)<\/li><li>provisorer (prov.) som skrivit sin pro gradu-avhandling (allts\u00e5 vars omfattning \u00e4r 30 studiepo\u00e4ng) <strong>efter Stora Hjulet<\/strong><\/li><\/ul>\n\n\n\n<p>Som doktorpromovend kan man delta i promotionen ifall man har avlagt<\/p>\n\n\n\n<ul class=\"wp-block-list\"><li>doktorsexamen vid de ovann\u00e4mnda fakulteterna (FD, FaD, AFD (biov.) PeD eller PsD).&nbsp;<\/li><\/ul>\n\n\n\n<p>De doktorer som utexaminerats fr\u00e5n mediciniska fakulteten (FD eller PsD) deltar \u00e4nd\u00e5 i mediciniska fakultetens promotion.<\/p>\n\n\n\n<p>Provisorer och filosofie magistrar som avlagt sina examina vid andra fakulteter vid Helsingfors universitet \u00e4n de ovann\u00e4mnda kan allts\u00e5 inte delta i filosofiska fakultetens promotion.<\/p>\n\n\n\n<p>Om man deltar i promotionen som promovend m\u00e5ste denna deltagares examen vara godk\u00e4nt senast <strong>31.7.2021.<\/strong><\/p>\n\n\n\n<p>Promovenderna deltar ofta i promotionen tillsammans med en avec. Avecen kan vara en v\u00e4n, partner eller annan f\u00f6ljeslagare. Magisterpromovendens f\u00f6ljeslagare kallas f\u00f6r kransbindare. Som titeln h\u00e4nvisar tillverkar de promovendernas lagerkransar vid kransbindningen. Doktorpromovendens f\u00f6ljeslagare kallas f\u00f6r sv\u00e4rdslipare, som trots denna titel inte beh\u00f6ver st\u00e4lla upp med att slipa doktorsv\u00e4rjan. F\u00f6ljeslagaren f\u00f6ljer promovenden vid middagarna och deltar i alla tillst\u00e4llningar. Man kan \u00e4ven delta i promotionen utan f\u00f6ljeslagare. D\u00e5 ansvarar den allm\u00e4nna kransbindaren med sina hj\u00e4lpredor f\u00f6r tillverkning av magisterpromovendens krans.<\/p>\n\n\n\n<p>Man kan v\u00e4lja bland tv\u00e5 alternativ att delta i promotionen: man kan antingen delta i alla tillst\u00e4llningar eller enbart i akten och akt\u00f6vningen. Floradagen firas f\u00f6re de egentliga promotionsfestligheterna och det \u00e4r m\u00f6jligt att delta i det \u00e4ven om man deltar enbart i akten och akt\u00f6vningen.<\/p>\n","protected":false},"excerpt":{"rendered":"<p>Filosofiska fakultetens promotion \u00e4r en fest f\u00f6r de magistrar och doktorer som har utexaminerats fr\u00e5n den historiska filosofiska fakulteten. D\u00e4rf\u00f6r \u00e4r r\u00e4tten till deltagandet bunden till examen fr\u00e5n dessa fakulteter. Som magisterpromovend kan man delta i promotionen ifall man har avlagt&nbsp; magisterexamen vid humanistiska, matematisk-naturvetenskapliga, bio- och milj\u00f6vetenskapliga, beteendevetenskapliga, pedagogiska eller farmaceutiska fakulteten vid Helsingfors [&hellip;]<\/p>\n","protected":false},"author":6,"featured_media":0,"parent":0,"menu_order":0,"comment_status":"closed","ping_status":"closed","template":"","meta":{"footnotes":""},"class_list":["post-542","page","type-page","status-publish","hentry"],"_links":{"self":[{"href":"https:\/\/fil-promootio.helsinki.fi\/2022\/wp-json\/wp\/v2\/pages\/542","targetHints":{"allow":["GET"]}}],"collection":[{"href":"https:\/\/fil-promootio.helsinki.fi\/2022\/wp-json\/wp\/v2\/pages"}],"about":[{"href":"https:\/\/fil-promootio.helsinki.fi\/2022\/wp-json\/wp\/v2\/types\/page"}],"author":[{"embeddable":true,"href":"https:\/\/fil-promootio.helsinki.fi\/2022\/wp-json\/wp\/v2\/users\/6"}],"replies":[{"embeddable":true,"href":"https:\/\/fil-promootio.helsinki.fi\/2022\/wp-json\/wp\/v2\/comments?post=542"}],"version-history":[{"count":3,"href":"https:\/\/fil-promootio.helsinki.fi\/2022\/wp-json\/wp\/v2\/pages\/542\/revisions"}],"predecessor-version":[{"id":970,"href":"https:\/\/fil-promootio.helsinki.fi\/2022\/wp-json\/wp\/v2\/pages\/542\/revisions\/970"}],"wp:attachment":[{"href":"https:\/\/fil-promootio.helsinki.fi\/2022\/wp-json\/wp\/v2\/media?parent=542"}],"curies":[{"name":"wp","href":"https:\/\/api.w.org\/{rel}","templated":true}]}}