{"id":540,"date":"2021-01-15T20:39:12","date_gmt":"2021-01-15T18:39:12","guid":{"rendered":"https:\/\/fil-promootio.helsinki.fi\/?page_id=540"},"modified":"2022-03-04T13:38:42","modified_gmt":"2022-03-04T11:38:42","slug":"evenemangsprinciper","status":"publish","type":"page","link":"https:\/\/fil-promootio.helsinki.fi\/2022\/sv\/evenemangsprinciper\/","title":{"rendered":"Promotions principer om tryggare rum"},"content":{"rendered":"\n<p>Vi vill erbjuda alla deltagare en trygg och trivsam promotion. Promotionens principer om tryggare rum \u00e4r anvisningar som \u00e4r avsedda f\u00f6r att skapa en trygg och uppskattande atm\u00f6sf\u00e4r p\u00e5 promotionen. Principerna \u00e4r i kraft vid alla promotionens evenemang och vi f\u00f6ruts\u00e4tter att alla deltagare f\u00f6ljer dem. Om n\u00e5gon inte f\u00f6ljer dessa principer kan de avl\u00e4gsnas fr\u00e5n evenemanget.<\/p>\n\n\n\n<p>\u2022 Respektera m\u00e4nniskors olikhet och m\u00f6t andra m\u00e4nniskor \u00f6ppet som de \u00e4r. F\u00f6rs\u00f6k vara medveten om dina f\u00f6rmodanden och ta h\u00e4nsyn till m\u00e5ngfalden hos m\u00e4nniskor. Lyssna, ge utrymme och l\u00e5t varje deltagare definiera sin identitet och erfarenhet sj\u00e4lv.<\/p>\n\n\n\n<p>\u2022 Var medveten om dina privilegier. Med privilegier avses f\u00f6rm\u00e5ner som individer f\u00e5r genom att tillh\u00f6ra vissa sociala grupper. Privilegierna \u00e4r f\u00f6rknippade till bland annat k\u00f6n, sexuell l\u00e4ggning, hudf\u00e4rg, klass, spr\u00e5k, h\u00e4lsotillst\u00e5nd eller religion. Fast\u00e4n du k\u00e4nner dig trygg och accepterad s\u00e5 betyder det inte alla g\u00f6r det. Om du k\u00e4nner dig bekv\u00e4m, anv\u00e4nd det f\u00f6r att skapa en trygg atmosf\u00e4r f\u00f6r alla.<\/p>\n\n\n\n<p>\u2022 Se till att alla blir h\u00f6rda och f\u00e5r delta i diskussioner. F\u00f6rs\u00f6k att tala s\u00e5 att alla kan f\u00f6rst\u00e5.<\/p>\n\n\n\n<p>\u2022 Promotionens evenemang har nolltolerans mot alla former av trakasserier, rasism, diskriminering eller annat osaklig beteende.<\/p>\n\n\n\n<p>\u2022 Respektera andras fysiska och psykiska integritet. Trakassera ingen verbalt, med ber\u00f6ringar eller genom att stirra. Nej betyder nej, \u00e4ndra ditt beteende eller sluta om n\u00e5gon ber om det.<\/p>\n\n\n\n<p>\u2022 Om du bevittnar eller upplever osakligt beteende, ingripa eller anm\u00e4la h\u00e4ndelsen till marsalk. Om du vill kan du ocks\u00e5 kontakta Helsingfors universitets studentk\u00e5rs eller Universitets trakasseriombud efter evenemanget.<\/p>\n\n\n\n<p>\u2022 Om du bryter mot eller f\u00e5r tills\u00e4gelser om att ha brutit mot principerna om tryggare rum, be om urs\u00e4kt. Alla g\u00f6r misstag. Korrigera ditt beteende vid behov. St\u00e4ll dig f\u00f6rst\u00e5ende \u00e4ven till andras fel och f\u00f6rs\u00f6k i m\u00e5n av m\u00f6jlighet enas om fr\u00e5gan med de \u00f6vriga parterna.<\/p>\n\n\n\n<p>\u2022 Var och en av oss har ansvar \u00f6ver att alla k\u00e4nner sig bekv\u00e4ma och trygga. Bidra med ditt agerande till en \u00f6ppen, positiv och s\u00e4ker atmosf\u00e4r.<\/p>\n","protected":false},"excerpt":{"rendered":"<p>Vi vill erbjuda alla deltagare en trygg och trivsam promotion. Promotionens principer om tryggare rum \u00e4r anvisningar som \u00e4r avsedda f\u00f6r att skapa en trygg och uppskattande atm\u00f6sf\u00e4r p\u00e5 promotionen. Principerna \u00e4r i kraft vid alla promotionens evenemang och vi f\u00f6ruts\u00e4tter att alla deltagare f\u00f6ljer dem. Om n\u00e5gon inte f\u00f6ljer dessa principer kan de avl\u00e4gsnas [&hellip;]<\/p>\n","protected":false},"author":6,"featured_media":0,"parent":0,"menu_order":0,"comment_status":"closed","ping_status":"closed","template":"","meta":{"footnotes":""},"class_list":["post-540","page","type-page","status-publish","hentry"],"_links":{"self":[{"href":"https:\/\/fil-promootio.helsinki.fi\/2022\/wp-json\/wp\/v2\/pages\/540","targetHints":{"allow":["GET"]}}],"collection":[{"href":"https:\/\/fil-promootio.helsinki.fi\/2022\/wp-json\/wp\/v2\/pages"}],"about":[{"href":"https:\/\/fil-promootio.helsinki.fi\/2022\/wp-json\/wp\/v2\/types\/page"}],"author":[{"embeddable":true,"href":"https:\/\/fil-promootio.helsinki.fi\/2022\/wp-json\/wp\/v2\/users\/6"}],"replies":[{"embeddable":true,"href":"https:\/\/fil-promootio.helsinki.fi\/2022\/wp-json\/wp\/v2\/comments?post=540"}],"version-history":[{"count":4,"href":"https:\/\/fil-promootio.helsinki.fi\/2022\/wp-json\/wp\/v2\/pages\/540\/revisions"}],"predecessor-version":[{"id":1149,"href":"https:\/\/fil-promootio.helsinki.fi\/2022\/wp-json\/wp\/v2\/pages\/540\/revisions\/1149"}],"wp:attachment":[{"href":"https:\/\/fil-promootio.helsinki.fi\/2022\/wp-json\/wp\/v2\/media?parent=540"}],"curies":[{"name":"wp","href":"https:\/\/api.w.org\/{rel}","templated":true}]}}