{"id":536,"date":"2021-01-15T20:35:58","date_gmt":"2021-01-15T18:35:58","guid":{"rendered":"https:\/\/fil-promootio.helsinki.fi\/?page_id=536"},"modified":"2022-03-24T16:17:19","modified_gmt":"2022-03-24T14:17:19","slug":"kostnader","status":"publish","type":"page","link":"https:\/\/fil-promootio.helsinki.fi\/2022\/sv\/kostnader\/","title":{"rendered":"Kostnader"},"content":{"rendered":"\n<p>Promotionen \u00e4r en unik typ av fest. Som ett evenemang p\u00e5 flera dagar \u00e4r den ett unikt s\u00e4tt att fira den erh\u00e5llna examen och att en livsfas tagit slut. Deltagaravgifterna t\u00e4cker mindre \u00e4n h\u00e4lften av alla kostnaderna f\u00f6r promotionen. D\u00e4rf\u00f6r underst\u00f6der universitetet promotionen med en avsev\u00e4rd summa och vi s\u00f6ker \u00e4ven aktivt efter ytterligare sponsorer f\u00f6r promotionen s\u00e5som f\u00f6retag och organisationer.<\/p>\n\n\n\n<p><strong>Deltagaravgifter<\/strong><\/p>\n\n\n\n<p>Promotionens deltagaravgift inkluderar tre dagar med festligheter som inneh\u00e5ller till exempel tv\u00e5 festmiddagar, en bal med buff\u00e9middag, en n\u00f6jesutflykt och \u00f6vriga kostnader samt promotionsmatrikeln. Det \u00e4r m\u00f6jligt att delta ensam (<em>solo<\/em>) eller i s\u00e4llskap av en <em>avec<\/em>. Avecen kan vara exempelvis en v\u00e4n, partner eller medlem i familjen.<\/p>\n\n\n\n<p>Om promovenden deltar ensam (solo) i promotionen \u00e4r deltagaravgiften 300 euro.&nbsp;<\/p>\n\n\n\n<p>Det \u00e4r \u00e4ven m\u00f6jligt att delta med en avec. D\u00e5 \u00e4r deltagaravgiften 500 euro. Ifall b\u00e5da ska promoveras m\u00e5ste b\u00e5da deltagarna betala solo-avgiften som \u00e4r 300 euro.<\/p>\n\n\n\n<p>Promovenden har m\u00f6jlighet att ocks\u00e5 delta endast i promotionsakten och akt\u00f6vningen. D\u00e5 \u00e4r promotionsavgiften 100 euro oberoende av om promovenden deltar ensam eller med en avec. Avgiften inkluderar matrikeln.<\/p>\n\n\n\n<p>Det \u00e4r \u00e4ven m\u00f6jligt att delta i promotionen som fr\u00e5nvarande (<em>absens<\/em>). D\u00e5 f\u00e5r promovenden sitt namn och sina uppgifter i promotionsmatrikeln samt r\u00e4tten att anv\u00e4nda sina akademiska insignier. Promotionsavgiften \u00e4r 100 euro \u00e4ven f\u00f6r den som deltar som fr\u00e5nvarande. Avgiften inkluderar matrikeln.<\/p>\n\n\n\n<p>Floradagens lunch ing\u00e5r inte i priset p\u00e5 promotionen, utan den betalas skilt. Deltagaravgiften f\u00f6r floradagens lunch \u00e4r 70 euro. Man kan delta avgiftsfritt i Floradagens andra evenemang.<\/p>\n\n\n\n<p><strong>\u00d6vriga kostnader n\u00e4r man deltar i promotionen<\/strong><\/p>\n\n\n\n<p>V\u00e4nligen notera att det finns \u00e4ven \u00f6vriga kostnader som man b\u00f6r ta h\u00e4nsyn till. Dessa kostnader utg\u00f6rs av inf\u00f6rskaffandet av akademiska insignier samt kl\u00e4dsel. L\u00e4s mera information om <a href=\"https:\/\/fil-promo-22.it.helsinki.fi\/2022\/sv\/akademiska-insignier\/\" data-type=\"page\" data-id=\"530\">insignier<\/a> och <a href=\"https:\/\/fil-promo-22.it.helsinki.fi\/2022\/sv\/kladsel-och-etikett\/\" data-type=\"page\" data-id=\"562\">kl\u00e4dsel<\/a>.<\/p>\n\n\n\n<p>Vi rekommenderar varmt ocks\u00e5 att bekanta dig med gruppen <a href=\"https:\/\/www.facebook.com\/groups\/1673660669534202\/\">Promootiot kierr\u00e4tt\u00e4\u00e4<\/a> p\u00e5 Facebook!<\/p>\n","protected":false},"excerpt":{"rendered":"<p>Promotionen \u00e4r en unik typ av fest. Som ett evenemang p\u00e5 flera dagar \u00e4r den ett unikt s\u00e4tt att fira den erh\u00e5llna examen och att en livsfas tagit slut. Deltagaravgifterna t\u00e4cker mindre \u00e4n h\u00e4lften av alla kostnaderna f\u00f6r promotionen. D\u00e4rf\u00f6r underst\u00f6der universitetet promotionen med en avsev\u00e4rd summa och vi s\u00f6ker \u00e4ven aktivt efter ytterligare sponsorer [&hellip;]<\/p>\n","protected":false},"author":6,"featured_media":0,"parent":0,"menu_order":0,"comment_status":"closed","ping_status":"closed","template":"","meta":{"footnotes":""},"class_list":["post-536","page","type-page","status-publish","hentry"],"_links":{"self":[{"href":"https:\/\/fil-promootio.helsinki.fi\/2022\/wp-json\/wp\/v2\/pages\/536","targetHints":{"allow":["GET"]}}],"collection":[{"href":"https:\/\/fil-promootio.helsinki.fi\/2022\/wp-json\/wp\/v2\/pages"}],"about":[{"href":"https:\/\/fil-promootio.helsinki.fi\/2022\/wp-json\/wp\/v2\/types\/page"}],"author":[{"embeddable":true,"href":"https:\/\/fil-promootio.helsinki.fi\/2022\/wp-json\/wp\/v2\/users\/6"}],"replies":[{"embeddable":true,"href":"https:\/\/fil-promootio.helsinki.fi\/2022\/wp-json\/wp\/v2\/comments?post=536"}],"version-history":[{"count":4,"href":"https:\/\/fil-promootio.helsinki.fi\/2022\/wp-json\/wp\/v2\/pages\/536\/revisions"}],"predecessor-version":[{"id":1248,"href":"https:\/\/fil-promootio.helsinki.fi\/2022\/wp-json\/wp\/v2\/pages\/536\/revisions\/1248"}],"wp:attachment":[{"href":"https:\/\/fil-promootio.helsinki.fi\/2022\/wp-json\/wp\/v2\/media?parent=536"}],"curies":[{"name":"wp","href":"https:\/\/api.w.org\/{rel}","templated":true}]}}