{"id":534,"date":"2021-01-15T20:34:49","date_gmt":"2021-01-15T18:34:49","guid":{"rendered":"https:\/\/fil-promootio.helsinki.fi\/?page_id=534"},"modified":"2022-06-16T12:37:00","modified_gmt":"2022-06-16T09:37:00","slug":"kontakt","status":"publish","type":"page","link":"https:\/\/fil-promootio.helsinki.fi\/2022\/sv\/kontakt\/","title":{"rendered":"Kontakt"},"content":{"rendered":"\n<h3 class=\"has-text-align-center wp-block-heading\"><strong>Promotionskansliet<\/strong><\/h3>\n\n\n\n<p>Kansliet ligger i Porthanias (Universitetsgatan 3) andra v\u00e5ning, rum 221, mittemot l\u00e4rarnas matsal. Det \u00e4r m\u00f6jligt att skicka e-post, <a rel=\"noreferrer noopener\" href=\"mailto:fil-promootio@helsinki.fi\" target=\"_blank\">fil-promootio@helsinki.fi<\/a>.<\/p>\n\n\n\n<p><strong>\u00d6ppettider<\/strong>: Kansliet \u00e4r st\u00e4ngd.<\/p>\n\n\n\n<h3 class=\"has-text-align-center wp-block-heading\"><strong>Promotionskommitt\u00e9<\/strong><\/h3>\n\n\n\n<p>F\u00f6r promotionsarrangemangen ansvarar en kommitt\u00e9 som best\u00e5r av frivilliga och som leds av gratisten. Kommitt\u00e9ns uppgifter delas vidare upp i mindre ansvarsomr\u00e5den. Du kan kontakta promotionskommitt\u00e9n per e-post: <a href=\"mailto:fil-promootio@helsinki.fi\">fil-promootio@helsinki.fi<\/a>.<\/p>\n\n\n\n<h4 class=\"has-text-align-center wp-block-heading\">Promotor<\/h4>\n\n\n\n<p class=\"has-text-align-center\">Henrik Meinander<\/p>\n\n\n\n<h4 class=\"has-text-align-center wp-block-heading\">Ceremonim\u00e4stare<\/h4>\n\n\n\n<p class=\"has-text-align-center\">Minna Palmroth<\/p>\n\n\n\n<h4 class=\"has-text-align-center wp-block-heading\">\u00d6vermarskalk<\/h4>\n\n\n\n<p class=\"has-text-align-center\">Jonna Kulmuni<\/p>\n\n\n\n<h4 class=\"has-text-align-center wp-block-heading\"><strong>Gratist<\/strong><\/h4>\n\n\n\n<p class=\"has-text-align-center\">Anna-Liisa Koskinen<\/p>\n\n\n\n<h4 class=\"has-text-align-center wp-block-heading\"><strong>Vicegratister<\/strong><\/h4>\n\n\n\n<p class=\"has-text-align-center\">Janette V\u00e4lim\u00e4ki<br>Kanerva Matveinen<\/p>\n\n\n\n<h4 class=\"has-text-align-center wp-block-heading\"><strong>Sekreterare<\/strong><\/h4>\n\n\n\n<p class=\"has-text-align-center\">Elina Niemel\u00e4inen<\/p>\n\n\n\n<h4 class=\"has-text-align-center wp-block-heading\"><strong>Kass\u00f6r<\/strong><\/h4>\n\n\n\n<p class=\"has-text-align-center\">Teemu Palkki<br><\/p>\n","protected":false},"excerpt":{"rendered":"<p>Promotionskansliet Kansliet ligger i Porthanias (Universitetsgatan 3) andra v\u00e5ning, rum 221, mittemot l\u00e4rarnas matsal. Det \u00e4r m\u00f6jligt att skicka e-post, fil-promootio@helsinki.fi. \u00d6ppettider: Kansliet \u00e4r st\u00e4ngd. Promotionskommitt\u00e9 F\u00f6r promotionsarrangemangen ansvarar en kommitt\u00e9 som best\u00e5r av frivilliga och som leds av gratisten. Kommitt\u00e9ns uppgifter delas vidare upp i mindre ansvarsomr\u00e5den. Du kan kontakta promotionskommitt\u00e9n per e-post: fil-promootio@helsinki.fi. [&hellip;]<\/p>\n","protected":false},"author":6,"featured_media":0,"parent":0,"menu_order":0,"comment_status":"closed","ping_status":"closed","template":"","meta":{"footnotes":""},"class_list":["post-534","page","type-page","status-publish","hentry"],"_links":{"self":[{"href":"https:\/\/fil-promootio.helsinki.fi\/2022\/wp-json\/wp\/v2\/pages\/534","targetHints":{"allow":["GET"]}}],"collection":[{"href":"https:\/\/fil-promootio.helsinki.fi\/2022\/wp-json\/wp\/v2\/pages"}],"about":[{"href":"https:\/\/fil-promootio.helsinki.fi\/2022\/wp-json\/wp\/v2\/types\/page"}],"author":[{"embeddable":true,"href":"https:\/\/fil-promootio.helsinki.fi\/2022\/wp-json\/wp\/v2\/users\/6"}],"replies":[{"embeddable":true,"href":"https:\/\/fil-promootio.helsinki.fi\/2022\/wp-json\/wp\/v2\/comments?post=534"}],"version-history":[{"count":10,"href":"https:\/\/fil-promootio.helsinki.fi\/2022\/wp-json\/wp\/v2\/pages\/534\/revisions"}],"predecessor-version":[{"id":1374,"href":"https:\/\/fil-promootio.helsinki.fi\/2022\/wp-json\/wp\/v2\/pages\/534\/revisions\/1374"}],"wp:attachment":[{"href":"https:\/\/fil-promootio.helsinki.fi\/2022\/wp-json\/wp\/v2\/media?parent=534"}],"curies":[{"name":"wp","href":"https:\/\/api.w.org\/{rel}","templated":true}]}}