{"id":532,"date":"2021-01-15T20:34:28","date_gmt":"2021-01-15T18:34:28","guid":{"rendered":"https:\/\/fil-promootio.helsinki.fi\/?page_id=532"},"modified":"2022-03-04T09:21:29","modified_gmt":"2022-03-04T07:21:29","slug":"532-2","status":"publish","type":"page","link":"https:\/\/fil-promootio.helsinki.fi\/2022\/sv\/532-2\/","title":{"rendered":"Promotionskultur"},"content":{"rendered":"\n<h2 class=\"wp-block-heading\">Historien<\/h2>\n\n\n\n<p>Promotionen i filosofiska fakulteten vid Helsingfors universitet utg\u00f6r en del av en tusen\u00e5rig akademisk kontinuitet. I varje promotion f\u00e5r en ny akademisk generation r\u00e4tt att b\u00e4ra symbolerna f\u00f6r sina nya l\u00e4rda grader. Promotionens k\u00e4rna har under tidens g\u00e5ng bevarats n\u00e4stan or\u00f6rd, men de olika festligheterna och till\u00e4ggsprogrammet har f\u00f6r\u00e4ndrats med tiden.\u00a0<\/p>\n\n\n\n<p><strong><strong>Promotionen eller det solenna beviljandet av akademiska l\u00e4rda grader<\/strong> <\/strong>\u00e4r ett lika gammalt fenomen som sj\u00e4lva universitetsv\u00e4sendet. Under medeltiden var universitet en del av den katolska kyrkan, och kyrkans spr\u00e5k var latin. Universitetets l\u00e4rob\u00f6cker var latinska klassiker fr\u00e5n Romartiden. Latinet var ocks\u00e5 det enda kodifierade skriftspr\u00e5ket i Europa f\u00f6re 1600-talet. N\u00e4r universitet var en del av kyrkan fick l\u00e4rare och studenter njuta av pr\u00e4stest\u00e5ndets privilegier \u2013 d\u00e4ribland den akademiska friheten.\u00a0<\/p>\n\n\n\n<p>Det h\u00f6gmedeltida universitetet i Bologna anses vara det f\u00f6rsta v\u00e4sterl\u00e4ndska universitetet. Det fick r\u00e4tt att bevilja akademiska grader av kejsaren och p\u00e5ven. D\u00e5 senare universitet grundades fick de ofta dessa specialr\u00e4ttigheter enligt modellen i Bologna. <strong>Fr\u00e5n f\u00f6rsta b\u00f6rjan bestod promotionen av en h\u00f6gtidlig latinsk promotionsakt<\/strong>, d\u00e4r promotorn gav de nyblivna magistrarna r\u00e4tten att b\u00e4ra lagerkransen (ursprungligen en r\u00f6d huvudbonad) och ringen som tecknen f\u00f6r den l\u00e4rda graden. Eftersom universiteten under medeltiden och \u00e4ven l\u00e4nge efter\u00e5t var en viktig del av kyrkan, \u00e5tf\u00f6ljdes akten av en tacks\u00e4gelsegudstj\u00e4nst i universitetets kyrka. Efter detta var det en festm\u00e5ltid f\u00f6r de promoverade och inbjudna g\u00e4ster.\u00a0<\/p>\n\n\n\n<p>Promotionen kom till Finland d\u00e5 generalguvern\u00f6r Pehr Brahe \u00e5r 1640 grundade Sveriges tredje universitet i \u00c5bo. Promotionstraditionerna och -ritualerna fick intryck fr\u00e5n Paris, Prag och Uppsala universitet. \u00c5r 1643 anordnades den f\u00f6rsta promotionen vid Kungliga Akademin i \u00c5bo, d\u00e4r en handfull magistrar promoverades. H\u00e4danefter firades promotionen i \u00c5bo med ungef\u00e4r fyra \u00e5rs mellanrum eftersom promotioner h\u00f6lls turvis med de andra universiteten i det svenska riket. I \u00c5bo bestod promotionen av f\u00f6rutom akten, gudstj\u00e4nsten och middagen ocks\u00e5 av varierande program, s\u00e5som olika musikuppvisningar, diktl\u00e4sning och studenternas teaterf\u00f6rest\u00e4llningar.<\/p>\n\n\n\n<p>P\u00e5 1700-talet str\u00e4vade man efter att fira promotioner ofta i samband med olika m\u00e4rkesh\u00e4ndelser, som n\u00e4r regenten bes\u00f6kte \u00c5bo. Samtidigt b\u00f6rjade latinet i jubileumsdikterna vika undan f\u00f6r det svenska spr\u00e5ket. Man b\u00f6rjade best\u00e4lla dikter enkom f\u00f6r promotionen \u2013 en hedersst\u00e4llning som promotionsdiktare s\u00e5g ljuset. Under f\u00f6rsta h\u00e4lften av 1800-talet f\u00f6rflyttades firandet av l\u00e4s\u00e5rets slut fr\u00e5n b\u00f6rjan av maj till kring den 13 maj. V\u00e5rfesten utvecklades till Floradagen som fick sitt namn efter v\u00e5rens och blommornas gudinna i antikens Rom.<\/p>\n\n\n\n<p>En v\u00e4sentlig f\u00f6r\u00e4ndring f\u00f6r promotionen var \u00f6verg\u00e5ngen fr\u00e5n svenskt till ryskt styre i Finland \u00e5r 1809 och \u00c5bo brand 1828, efter vilket kejsare Nikolaj I f\u00f6rflyttade universitetet till Helsingfors. Universitetets budget f\u00f6rdubblades av de ryska kejsarna, Finland blev rikare och det kejserliga hovet i St Petersburg \u00f6vade inflytande p\u00e5 traditionerna. Promotionerna v\u00e4xte till festligare och l\u00e4ngre ceremonier. I b\u00f6rjan av 1800-talet delades promotionen i tv\u00e5 delar, och man utdelade magisters- och doktorsgraden skilt. F\u00f6r f\u00f6rsta g\u00e5ngen promoverades magistrar som blivit promoverade femtio \u00e5r tidigare p\u00e5 nytt som jubelmagistrar. I mitten av 1800-talet vigdes de f\u00f6rsta hedersdoktorerna. Det blev ocks\u00e5 en tradition att p\u00e5 Floradagen v\u00e4lja en dotter till n\u00e5gon professor inom filosofiska fakulteten till den allm\u00e4nna kransbinderskan f\u00f6r att binda lagerkransar till de magisterpromovender som inte hade en egen avec, det vill s\u00e4ga egen kransbinderska. Ursprungligen var alla promovender m\u00e4n och deras medf\u00f6ljande avecer kvinnor.<\/p>\n\n\n\n<p>Mot slutet av \u00e5rhundradet v\u00e4xte festen till en tre dagars festlighet, d\u00e5 kransbindningen utvecklades till l\u00e5nga middagar och balen f\u00f6rflyttades fr\u00e5n att ha varit kv\u00e4llsprogram efter festmiddagen till att ha en egen dag. Samtidigt f\u00f6ddes programpunkten promotionsutf\u00e4rd p\u00e5 baldagen d\u00e5 man reste ut med b\u00e5t eller vagn f\u00f6r en lunch ute i det fria.\u00a0<\/p>\n\n\n\n<p>Balen fick inflytande fr\u00e5n det kejserliga hovlivet i Sankt Petersburg och dess baler. I samband med dansen utvecklades nya ritualer och programnummer, s\u00e5som hedersstolen, doktorernas sv\u00e4rdsall\u00e9 och maccaroni-t\u00e5get. Innan de statliga ceremonierna i Finland utvecklades, samlade universitetet och promotionen ihop Finlands st\u00e5ndspersoner och promotionen fick ocks\u00e5 statlig uppm\u00e4rksamhet i hela landet.\u00a0<\/p>\n\n\n\n<p>\u00c5r 1919, efter v\u00e4rldskriget och inb\u00f6rdeskriget, firades den f\u00f6rsta promotionen i det sj\u00e4lvst\u00e4ndiga Finland. Till hedersdoktor vigdes riksf\u00f6rest\u00e5ndaren Mannerheim, och hans dotter var den allm\u00e4nna kransbinderskan. Under 1920- och 30-talen byttes promotionens spr\u00e5k till finska och det blev kutym att best\u00e4lla en finskspr\u00e5kig och en svenskspr\u00e5kig dikt. Samtidigt fick sj\u00e4lva promotionen kritik f\u00f6r att vara en dyr tradition. Andra v\u00e4rldskriget innebar ett avbrott i promotionstraditionen. Efter kriget str\u00e4vade man efter att \u00e5terinf\u00f6ra formerna och traditionerna som funnits tidigare. Under 1960- och 1970-talen sj\u00f6nk deltagarantalet i promotionerna, och traditionen fick ocks\u00e5 h\u00e4ftig kritik f\u00f6r att vara en f\u00f6rlegad borgerlig kvarleva.\u00a0<\/p>\n\n\n\n<p>Fr\u00e5n och med 1980-talet upplevde promotionen \u00e4nd\u00e5 en ren\u00e4ssans precis som andra akademiska traditioner. \u00c5r 2014 v\u00e4xte deltagarantalet s\u00e5 stort att utrymmet tog slut i universitetets solennitetssal. P\u00e5 grund av dess stora popularitet har promotionscykeln f\u00f6rkortats under 2010-talet genom att fira nya promotioner som inte har en direkt f\u00f6reg\u00e5ngare 50 \u00e5r tillbaka i tiden.\u00a0<\/p>\n\n\n\n<p><strong><strong>Promotionen har godk\u00e4nts till den officiella listan av Finlands immateriella kulturarv, eftersom promotionen med sina n\u00e4stan 400 \u00e5r \u00e4r en av de \u00e4ldsta ceremonierna och festerna som fortfarande firas i Finland.<\/strong><\/strong><\/p>\n\n\n\n<p>V\u00e5ren 2022 stundar den 99. promotionen i filosofiska fakulteten och den hundrade promotionen h\u00e4grar \u00e5r 2023.<\/p>\n\n\n\n<h2 class=\"wp-block-heading\">Traditioner i samband med promotionsceremonin<\/h2>\n\n\n\n<p><em>N\u00e4r ordnas promotionen?<\/em><\/p>\n\n\n\n<p>Promotionen \u00e4r en h\u00e4rlig examensceremoni och den ordnas d\u00e4rf\u00f6r vanligtvis i slutet av den akademiska terminen som \u00e4r i maj eller juni. Promotionen \u00e4r en enast\u00e5ende upplevelse. Det \u00e4r ett st\u00e5tligt slut p\u00e5 studie\u00e5ren och en glori\u00f6s b\u00f6rjan p\u00e5 ett nytt skede i livet.<\/p>\n\n\n\n<p><em>S\u00e5nger<\/em><\/p>\n\n\n\n<p>Den akademiska s\u00e5ngkulturen \u00e4r en del av promotionen. Den \u00e4ldsta s\u00e5ngen \u00e4r den akademiska temal\u00e5ten <em>Gaudeamus igitur <\/em>som \u00e4r fr\u00e5n 1270-talet. Vid den ekumeniska tillbedjan vid promotion 1897 var psalmen <em>Soi kunniaksi Luojan <\/em>av Sibelius s\u00e5 popul\u00e4r att den hamnade i den evangeliska lutherska kyrkans psalmbok. Speciellt p\u00e5 s\u00f6ndagens sm\u00e5 timmar lyser studenternas s\u00e5ngkultur n\u00e4r folk sjunger olika s\u00e5nger p\u00e5 Esplanad. Den nattliga processionen slutar med <em>Teinilaulu <\/em>framf\u00f6r universitetets huvudbyggnad.<\/p>\n\n\n\n<p><em>Uppvisningsdanser<\/em><\/p>\n\n\n\n<p>En specialitet i promotionen \u00e4r uppvisningsdanserna fr\u00e5n 1800-talet. Eftersom dans var en viktig f\u00e4rdighet i 1800-talets h\u00f6ga samh\u00e4lle, anst\u00e4llde universitetet en l\u00e4rare som var specialiserad p\u00e5 att undervisa om dessa danser. Frivilliga magisterpromovender kan delta i magistersfrans\u00e4sen och frivilliga doktorpromovender kan delta i doktorspolon\u00e4sen. De \u00f6var dessa danser veckor f\u00f6re promotionen, s\u00e5 sj\u00e4lva dansen flyter vackert p\u00e5 Promotionsbal. P\u00e5 grund av uppvisningsdansernas symmetri m\u00e5ste dansparet f\u00f6lja den svarta och vita kl\u00e4dkoden.<\/p>\n\n\n\n<p><em>Andra danser<\/em><\/p>\n\n\n\n<p>F\u00f6rutom ceremoniella danser dansas ocks\u00e5 andra danser under promotionen. M\u00e5nga finl\u00e4ndare kommer ih\u00e5g dessa danser fr\u00e5n gymnasiet men de dansas vanligtvis ocks\u00e5 p\u00e5 \u00e5rsbaler vid olika studentf\u00f6reningar. De vanligaste danserna \u00e4r polonaise, mignon, cicapo (eller picador), vals, pas d\u2019espagne och pas de quatre. Dessa danser \u00e4r \u00f6ppna f\u00f6r alla och \u00f6vas f\u00f6re promotionen.<\/p>\n\n\n\n<p><em>Promotionsmatrikeln<\/em><\/p>\n\n\n\n<p>Alla promovender som blir promoverade vid promotionsakten samlas in i promotionsmatrikeln, och fr\u00e5n matrikeln \u00e4r det enkelt att kolla upp vem som promoverades personligen eller i fr\u00e5nvaro med en. I matrikeln finns det ocks\u00e5 korta presentationer av jubelmagistrarna och jubeldoktorerna, hedersdoktorerna och andra personer som promoverades f\u00f6r 100 \u00e5r sedan.<\/p>\n\n\n\n<h2 class=\"wp-block-heading\">Promotionens spr\u00e5k<\/h2>\n\n\n\n<p>Promotionens officiella spr\u00e5k \u00e4r <strong>finska<\/strong>, <strong>svenska <\/strong>och <strong>engelska <\/strong>i enlighet med Helsingfors universitets officiella spr\u00e5kstrategi. Ut\u00f6ver informationsf\u00f6rmedlingen h\u00f6rs dessa spr\u00e5k i talen under promotionen. \u00c4ven andra spr\u00e5k kan synas i talen eller till exempel p\u00e5 menyer om promotionskommitt\u00e9n eller personer som h\u00e5ller talen har valt s\u00e5.<\/p>\n\n\n\n<p><strong>Latin<\/strong> \u00e4r ett viktigt spr\u00e5k ocks\u00e5 eftersom de latinska texterna fortfarande \u00e4r en del av ceremonin. M\u00e5nga av titlarna som anv\u00e4nds p\u00e5 promotionen har sina ursprung i latinet ocks\u00e5. Latin spelar en viktig roll speciellt under promotionsakten vars traditioner h\u00e4rstammar fr\u00e5n medeltiden och fr\u00e5n universitetet i Bologna. Nuf\u00f6rtiden \u00e4r latin ett d\u00f6tt spr\u00e5k, och det anv\u00e4nds som ett neutralt och universellt spr\u00e5k vid universitetet eftersom det inte \u00e4gs av n\u00e5gon.<\/p>\n\n\n\n<p>\u00a0<strong>Reform av titlar:<\/strong> M\u00e5nga titlar p\u00e5 promotionen baserar sig p\u00e5 latinska ord som har grammatiskt , till exempel gratist \/ gratista (ordf\u00f6rande f\u00f6r promotionskommitt\u00e9n), primus \/ prima (den promovend som fick b\u00e4sta betyg fr\u00e5n sin avhandling) eller magister \/ magistra (magister). De svenska titlarna har ocks\u00e5 varit k\u00f6nsbest\u00e4mda, till exempel kransbindare och kransbinderska.<\/p>\n\n\n\n<p>Promotionskommitt\u00e9n har best\u00e4mt att den 99:e promotionen ska vara en k\u00f6nsneutral begivenhet, och alla titlar ska anv\u00e4ndas i maskulin form f\u00f6r att antyda den neutrala formen. Latin har en neutral form, men den anv\u00e4nds inte f\u00f6r m\u00e4nniskor. Genom att avskaffa de k\u00f6nsbest\u00e4mda titlarna g\u00f6r promotionen ett viktigt steg fram\u00e5t mot att ta h\u00e4nsyn till m\u00e5ngfalden hos deltagarna.<\/p>\n\n\n\n<p>Den maskulina formen valdes ur Europeiska unionens riktlinjer f\u00f6r italienska. EU har inga riktlinjer f\u00f6r latin eftersom det inte \u00e4r ett officiellt spr\u00e5k i unionen. Eftersom latin tillh\u00f6r den kursiva grenen av de indoeuropeiska spr\u00e5ken med samma grammatiska k\u00f6n anses italienskan vara en bra parallell till det. \u00c4ven andra universitet anv\u00e4nder maskulina former p\u00e5 latin i sina examensbevis.<\/p>\n\n\n\n<p>Promotionskommitt\u00e9n gav upp anv\u00e4ndningen av k\u00f6nsbundna \u00e4ndelser \u00e4ven i finska och svenska promotionstitlar.<\/p>\n\n\n\n<h2 class=\"wp-block-heading\">Olika personer p\u00e5 promotionen<\/h2>\n\n\n\n<p><em>Officiant:<\/em><strong> <\/strong>En person som valts av fakulteten f\u00f6r att sk\u00f6ta en s\u00e4rskild uppgift under promotionen. Promotorn, ceremonim\u00e4staren och \u00f6vermarskalken \u00e4r officianter.<\/p>\n\n\n\n<ul class=\"wp-block-list\"><li><em>Promotor:<\/em> Promotorn promoverar, dvs. viger, promovenderna till sina akademiska grader vid promotionsakten och \u00e4r promotionens h\u00f6gsta officiant.<\/li><li><em>Ceremonim\u00e4stare<\/em>: Ceremonim\u00e4staren f\u00e5r uttryckligen styra ceremonierna, dvs. tar hand om promotionsaktens och andra evenemangs ceremoniella flyt.<\/li><li><em>\u00d6vermarskalk:<\/em><strong> <\/strong>\u00d6vermarskalken tar hand om tillst\u00e4llningarnas flyt under promotionen tillsammans med ceremonim\u00e4staren och fungerar som ledare f\u00f6r promotionens marskalkar.<\/li><\/ul>\n\n\n\n<p><em>Promotionskommitt\u00e9n:<\/em><strong> <\/strong>F\u00f6r promotionsarrangemangen ansvarar en kommitt\u00e9 som best\u00e5r av frivilliga magister- och doktorpromovender. Kommitt\u00e9n leds av gratisten..<\/p>\n\n\n\n<ul class=\"wp-block-list\"><li><em>Gratist: <\/em>Gratisten leder promotionskommitt\u00e9n och har valts av medlemmarna i kommitt\u00e9n.<\/li><\/ul>\n\n\n\n<p><em>Marskalkar:<\/em><strong> <\/strong>Traditionellt var marskalkarna unga studenter men nuf\u00f6rtiden kan de vara alla typer av studenter. De fungerar som ceremonim\u00e4starens och \u00f6vermarskalkens hj\u00e4lpredor. Till marskalkarnas uppgifter ing\u00e5r exempelvis att informera g\u00e4ster samt fungera som hedersvakter. Marskalken k\u00e4nns igen p\u00e5 sitt marskalksband och sin studentm\u00f6ssa. Vid promotionen representerar marskalkarna vanligtvis de olika fakulteterna vid promotionen eller de olika regionerna i Finland.<\/p>\n\n\n\n<p><em>Promovend: <\/em>En magister eller doktor som promoveras till sin examensgrad vid promotionen. Bland promovenderna v\u00e4ljs en primusmagister och -doktor. Deras uppgift \u00e4r att utf\u00f6ra vissa ritualer som att h\u00e5lla tal.<\/p>\n\n\n\n<ul class=\"wp-block-list\"><li><em>Primusmagister och primusdoktor:<\/em><strong> <\/strong>Den magister som f\u00e5tt det b\u00e4sta vitsordet f\u00f6r sin avhandling kallas f\u00f6r primusmagister, p\u00e5 motsvarande s\u00e4tt kallas doktorer f\u00f6r primusdoktorer. Primus uppgift \u00e4r att svara p\u00e5 magister- eller doktorsfr\u00e5gan i akten.<\/li><li><em>Ultimusmagister och ultimusdoktor: <\/em>Den magister som f\u00e5tt det n\u00e4stb\u00e4sta vitsordet f\u00f6r sin avhandling kallas f\u00f6r ultimusmagister, p\u00e5 motsvarande s\u00e4tt kallas doktorn f\u00f6r ultimusdoktor.<\/li><\/ul>\n\n\n\n<p><em>Promovendens avec:<\/em><\/p>\n\n\n\n<ul class=\"wp-block-list\"><li><em>Kransbindare: <\/em>Magisterpromovendens avec. Kransbindaren binder lagerkransen p\u00e5 en bas (karkas) under ledning av den allm\u00e4nna kransbindaren vid kransbindningen. Den allm\u00e4nna kransbindaren binder kransar f\u00f6r magisterpromovender som deltar utan f\u00f6ljeslagare.<\/li><li><em>Sv\u00e4rdsslipare:<\/em> Doktorpromovendens f\u00f6ljeslagare. Trots titeln kommer sv\u00e4rdssliparen inte att slipa doktorsv\u00e4rjan med undantag av primusdoktorns avec.<\/li><\/ul>\n\n\n\n<p><em>Allm\u00e4n kransbindare:<\/em><strong> <\/strong>P\u00e5 Floradagen den 13 maj samlas promovenderna p\u00e5 morgonen f\u00f6r att v\u00e4lja promotionens allm\u00e4nna kransbindare. Till dennes uppgifter h\u00f6r bland annat att \u00f6vervaka bindandet av magisterkransarna. Till allm\u00e4n kransbindare kan v\u00e4ljas en av fakultetens professorers eller annan uppskattad persons barn. Kransbindaren symboliserar v\u00e5ren, ungdomen och tron p\u00e5 framtiden.<\/p>\n\n\n\n<p><em>Hedersdoktorer: <\/em>Under promotionen viger fakulteten \u00e4ven hedersdoktorer. Filosofiska fakulteten kan tilldela titeln av hedersdoktor \u00e5t vem som helst som anses vara tillr\u00e4ckligt v\u00e4lmeriterad, oavsett vilken utbildningsbakgrund denna person har.<\/p>\n\n\n\n<p><em>Jubelmagistrar och jubeldoktorer: <\/em>De magistrar och doktorer som vigdes vid promotionen f\u00f6r 50 \u00e5r sedan kommer att promoveras till jubelmagistrar och -doktorer. Promotionen p\u00e5 v\u00e5ren 2022 har ingen direkt jubelpromotion f\u00f6r 50 \u00e5r sedan, s\u00e5 jubelmagistrarna och -doktorerna \u00e4r promovender som erh\u00e5llit examina mellan 1969 och 1971 och promoverades under \u00e5rets 1973 promotion.<\/p>\n\n\n\n<p><em>Promotionspoet:<\/em> Vanligtvis en del av programmet f\u00f6r promotionsmiddagen \u00e4r dikten som har komponerats f\u00f6r promotionen. Sedan b\u00f6rjan av 1900-talet har promotionen haft b\u00e5de finska och svenska dikter. Den som skriver dikten heter Promotionspoet, och hen v\u00e4ljs av kommitt\u00e9n. Kommitt\u00e9n f\u00f6r \u00e5rets 2021 promotion beslutade att inte best\u00e4lla nya dikter. Promotions dikterna som h\u00f6rs vid promotionsmiddagen \u00e4r gamla dikter fr\u00e5n tidigare promotioner.<\/p>\n","protected":false},"excerpt":{"rendered":"<p>Historien Promotionen i filosofiska fakulteten vid Helsingfors universitet utg\u00f6r en del av en tusen\u00e5rig akademisk kontinuitet. I varje promotion f\u00e5r en ny akademisk generation r\u00e4tt att b\u00e4ra symbolerna f\u00f6r sina nya l\u00e4rda grader. Promotionens k\u00e4rna har under tidens g\u00e5ng bevarats n\u00e4stan or\u00f6rd, men de olika festligheterna och till\u00e4ggsprogrammet har f\u00f6r\u00e4ndrats med tiden.\u00a0 Promotionen eller det [&hellip;]<\/p>\n","protected":false},"author":6,"featured_media":0,"parent":0,"menu_order":0,"comment_status":"closed","ping_status":"closed","template":"","meta":{"footnotes":""},"class_list":["post-532","page","type-page","status-publish","hentry"],"_links":{"self":[{"href":"https:\/\/fil-promootio.helsinki.fi\/2022\/wp-json\/wp\/v2\/pages\/532","targetHints":{"allow":["GET"]}}],"collection":[{"href":"https:\/\/fil-promootio.helsinki.fi\/2022\/wp-json\/wp\/v2\/pages"}],"about":[{"href":"https:\/\/fil-promootio.helsinki.fi\/2022\/wp-json\/wp\/v2\/types\/page"}],"author":[{"embeddable":true,"href":"https:\/\/fil-promootio.helsinki.fi\/2022\/wp-json\/wp\/v2\/users\/6"}],"replies":[{"embeddable":true,"href":"https:\/\/fil-promootio.helsinki.fi\/2022\/wp-json\/wp\/v2\/comments?post=532"}],"version-history":[{"count":5,"href":"https:\/\/fil-promootio.helsinki.fi\/2022\/wp-json\/wp\/v2\/pages\/532\/revisions"}],"predecessor-version":[{"id":1138,"href":"https:\/\/fil-promootio.helsinki.fi\/2022\/wp-json\/wp\/v2\/pages\/532\/revisions\/1138"}],"wp:attachment":[{"href":"https:\/\/fil-promootio.helsinki.fi\/2022\/wp-json\/wp\/v2\/media?parent=532"}],"curies":[{"name":"wp","href":"https:\/\/api.w.org\/{rel}","templated":true}]}}