{"id":486,"date":"2021-01-15T20:02:27","date_gmt":"2021-01-15T18:02:27","guid":{"rendered":"https:\/\/fil-promootio.helsinki.fi\/?page_id=486"},"modified":"2022-06-16T12:36:01","modified_gmt":"2022-06-16T09:36:01","slug":"yhteystiedot","status":"publish","type":"page","link":"https:\/\/fil-promootio.helsinki.fi\/2022\/yhteystiedot\/","title":{"rendered":"Yhteystiedot"},"content":{"rendered":"\n<p class=\"has-text-align-center\"><strong>Promootiokanslia<\/strong><\/p>\n\n\n\n<p>Kansliahuone sijaitsee Porthanian (Yliopistonkatu 3) toisessa kerroksessa opettajien ruokalaa vastap\u00e4\u00e4t\u00e4 (huone 221). Kansliaan saa yhteyden s\u00e4hk\u00f6postitse, <a rel=\"noreferrer noopener\" href=\"mailto:fil-promootio@helsinki.fi\" target=\"_blank\">fil-promootio@helsinki.fi<\/a>.<\/p>\n\n\n\n<p><strong>Aukioloajat<\/strong>: Kanslia on suljettu.<\/p>\n\n\n\n<p class=\"has-text-align-center\"><strong>Promootiotoimikunta<\/strong><\/p>\n\n\n\n<p class=\"has-text-align-center\">Promootion j\u00e4rjest\u00e4\u00e4 vapaaehtoisista koostuva promootiotoimikunta, jota johtaa gratisti. Promootiotoimikunnan teht\u00e4v\u00e4t on jaettu edelleen pienempiin vastuualueisiin. Voit ottaa yhteytt\u00e4 promootiotoimikuntaan s\u00e4hk\u00f6postilla:<\/p>\n\n\n\n<p class=\"has-text-align-center has-large-font-size\"><a href=\"mailto:fil-promootio@helsinki.fi\">fil-promootio@helsinki.fi<\/a><\/p>\n\n\n\n<h3 class=\"has-text-align-center wp-block-heading\">Voit ottaa yhteytt\u00e4 my\u00f6s sosiaalisessa mediassa:<\/h3>\n\n\n\n<div class=\"wp-block-wpzoom-blocks-social-icons is-style-with-canvas-round\" style=\"--wpz-social-icons-block-item-font-size:32px;--wpz-social-icons-block-item-padding-horizontal:10px;--wpz-social-icons-block-item-padding-vertical:10px;--wpz-social-icons-block-item-margin-horizontal:14px;--wpz-social-icons-block-item-margin-vertical:5px;--wpz-social-icons-block-item-border-radius:50px;--wpz-social-icons-block-label-font-size:20px;--wpz-social-icons-block-label-color:#2e3131;--wpz-social-icons-block-label-color-hover:#2e3131;--wpz-social-icons-alignment:center\"><a href=\"https:\/\/facebook.com\/FilPromootio\" class=\"social-icon-link\" style=\"--wpz-social-icons-block-item-color:#1877F2;--wpz-social-icons-block-item-color-hover:#1877F2\"><span class=\"social-icon socicon socicon-facebook\"><\/span><\/a><a href=\"https:\/\/twitter.com\" class=\"social-icon-link\" style=\"--wpz-social-icons-block-item-color:#1da1f2;--wpz-social-icons-block-item-color-hover:#1da1f2\"><span class=\"social-icon socicon socicon-twitter\"><\/span><\/a><a href=\"https:\/\/instagram.com\/filpromootio\" class=\"social-icon-link\" style=\"--wpz-social-icons-block-item-color:#e4405f;--wpz-social-icons-block-item-color-hover:#e4405f\"><span class=\"social-icon socicon socicon-instagram\"><\/span><\/a><\/div>\n\n\n\n<hr class=\"wp-block-separator\"\/>\n\n\n\n<h3 class=\"has-text-align-center wp-block-heading\">P\u00e4\u00e4virkailijat<\/h3>\n\n\n\n<h4 class=\"has-text-align-center wp-block-heading\">Promoottori<\/h4>\n\n\n\n<p class=\"has-text-align-center\">Henrik Meinander<\/p>\n\n\n\n<h4 class=\"has-text-align-center wp-block-heading\">Juhlamenojen ohjaaja<\/h4>\n\n\n\n<p class=\"has-text-align-center\">Minna Palmroth<\/p>\n\n\n\n<h4 class=\"has-text-align-center wp-block-heading\">Yliairut<\/h4>\n\n\n\n<p class=\"has-text-align-center\">Jonna Kulmuni<\/p>\n\n\n\n<h4 class=\"has-text-align-center wp-block-heading\">Gratisti<\/h4>\n\n\n\n<p class=\"has-text-align-center\">Anna-Liisa Koskinen <\/p>\n\n\n\n<h4 class=\"has-text-align-center wp-block-heading\">Varagratistit<\/h4>\n\n\n\n<p class=\"has-text-align-center\">Janette V\u00e4lim\u00e4ki<br>Kanerva Matveinen<\/p>\n\n\n\n<h4 class=\"has-text-align-center wp-block-heading\">Sihteeri<\/h4>\n\n\n\n<p class=\"has-text-align-center\">Elina Niemel\u00e4inen<\/p>\n\n\n\n<h4 class=\"has-text-align-center wp-block-heading\">Taloudenhoitaja<\/h4>\n\n\n\n<p class=\"has-text-align-center\">Teemu Palkki<\/p>\n\n\n\n<div class=\"wp-block-group alignfull is-layout-flow wp-block-group-is-layout-flow\"><div class=\"wp-block-group__inner-container\"><\/div><\/div>\n","protected":false},"excerpt":{"rendered":"<p>Promootiokanslia Kansliahuone sijaitsee Porthanian (Yliopistonkatu 3) toisessa kerroksessa opettajien ruokalaa vastap\u00e4\u00e4t\u00e4 (huone 221). Kansliaan saa yhteyden s\u00e4hk\u00f6postitse, fil-promootio@helsinki.fi. Aukioloajat: Kanslia on suljettu. Promootiotoimikunta Promootion j\u00e4rjest\u00e4\u00e4 vapaaehtoisista koostuva promootiotoimikunta, jota johtaa gratisti. Promootiotoimikunnan teht\u00e4v\u00e4t on jaettu edelleen pienempiin vastuualueisiin. Voit ottaa yhteytt\u00e4 promootiotoimikuntaan s\u00e4hk\u00f6postilla: fil-promootio@helsinki.fi Voit ottaa yhteytt\u00e4 my\u00f6s sosiaalisessa mediassa: P\u00e4\u00e4virkailijat Promoottori Henrik Meinander Juhlamenojen [&hellip;]<\/p>\n","protected":false},"author":6,"featured_media":0,"parent":0,"menu_order":0,"comment_status":"closed","ping_status":"closed","template":"","meta":{"footnotes":""},"class_list":["post-486","page","type-page","status-publish","hentry"],"_links":{"self":[{"href":"https:\/\/fil-promootio.helsinki.fi\/2022\/wp-json\/wp\/v2\/pages\/486","targetHints":{"allow":["GET"]}}],"collection":[{"href":"https:\/\/fil-promootio.helsinki.fi\/2022\/wp-json\/wp\/v2\/pages"}],"about":[{"href":"https:\/\/fil-promootio.helsinki.fi\/2022\/wp-json\/wp\/v2\/types\/page"}],"author":[{"embeddable":true,"href":"https:\/\/fil-promootio.helsinki.fi\/2022\/wp-json\/wp\/v2\/users\/6"}],"replies":[{"embeddable":true,"href":"https:\/\/fil-promootio.helsinki.fi\/2022\/wp-json\/wp\/v2\/comments?post=486"}],"version-history":[{"count":29,"href":"https:\/\/fil-promootio.helsinki.fi\/2022\/wp-json\/wp\/v2\/pages\/486\/revisions"}],"predecessor-version":[{"id":1373,"href":"https:\/\/fil-promootio.helsinki.fi\/2022\/wp-json\/wp\/v2\/pages\/486\/revisions\/1373"}],"wp:attachment":[{"href":"https:\/\/fil-promootio.helsinki.fi\/2022\/wp-json\/wp\/v2\/media?parent=486"}],"curies":[{"name":"wp","href":"https:\/\/api.w.org\/{rel}","templated":true}]}}