{"id":483,"date":"2021-01-15T20:01:50","date_gmt":"2021-01-15T18:01:50","guid":{"rendered":"https:\/\/fil-promootio.helsinki.fi\/?page_id=483"},"modified":"2022-04-14T14:51:57","modified_gmt":"2022-04-14T11:51:57","slug":"ilmoittautuminen","status":"publish","type":"page","link":"https:\/\/fil-promootio.helsinki.fi\/2022\/ilmoittautuminen\/","title":{"rendered":"Ilmoittautuminen"},"content":{"rendered":"\n<p><strong>Ilmoittautuminen on p\u00e4\u00e4ttynyt.<\/strong><\/p>\n\n\n\n<p>Ennen ilmoittautumista on hyv\u00e4 tutustua huolellisesti t\u00e4m\u00e4n sivun lis\u00e4ksi ainakin seuraaviin sivuihin:<\/p>\n\n\n\n<ul class=\"is-style-tw-border wp-block-list\"><li><strong><a href=\"https:\/\/fil-promo-22.it.helsinki.fi\/2022\/mika-on-promootio\/\" data-type=\"page\" data-id=\"448\">Mik\u00e4 on promootio?<\/a><\/strong><\/li><li><strong><a href=\"https:\/\/fil-promo-22.it.helsinki.fi\/2022\/pukeutuminen-ja-etiketti\/\" data-type=\"page\" data-id=\"469\">Pukeutuminen ja etiketti<\/a><\/strong><\/li><li><strong><a href=\"https:\/\/fil-promo-22.it.helsinki.fi\/2022\/hinta\/\" data-type=\"page\" data-id=\"454\">Hinta<\/a><\/strong><\/li><li><a href=\"https:\/\/fil-promo-22.it.helsinki.fi\/2022\/tapahtumaperiaatteet\/\" data-type=\"page\" data-id=\"480\"><strong>Tapahtumaperiaatteet<\/strong><\/a><\/li><li><a href=\"https:\/\/fil-promo-22.it.helsinki.fi\/2022\/ketka-voivat-osallistua\/\" data-type=\"page\" data-id=\"451\"><strong>Ketk\u00e4 voivat osallistua?<\/strong><\/a><\/li><\/ul>\n\n\n\n<p>Helsingin yliopiston filosofisen tiedekunnan promootioon 2022 voivat osallistua kaikki ne humanistisesta, matemaattis-luonnontieteellisest\u00e4, bio- ja ymp\u00e4rist\u00f6tieteellisest\u00e4, kasvatus- tai k\u00e4ytt\u00e4ytymistieteellisest\u00e4 tai farmasian tiedekunnasta maisterin, proviisorin tai tohtorin tutkinnon suorittaneet tai viimeist\u00e4\u00e4n 31.7.2021 valmistuvat henkil\u00f6t, joita ei ole aiemmin promovoitu filosofisen tiedekunnan promootiossa, sek\u00e4 heid\u00e4n avecinsa.<\/p>\n\n\n\n<p>Riemumaisterina tai riemutohtorina voivat vuoden 2021 promootioon osallistua promovendit, jotka promovoitiin maisteriksi tai tohtoriksi vuoden 1973 promootiossa ja jotka suorittivat tutkintonsa 31.7.1971 menness\u00e4. Koska vuonna 1971 ei ollut promootiota, kev\u00e4\u00e4n 2022 promootiolla ei ole varsinaista riemupromootiota, ja siksi promootion riemumaistereina ja \u2011tohtoreina osallistuvat ne promovoidut maisterit ja tohtorit, jotka ovat suorittaneet tutkintonsa 31.7.1971 menness\u00e4.<\/p>\n\n\n\n<p>Promootioon voi osallistua yksin tai avecin kanssa. Avecin ei tarvitse itse olla promovendi. Avec voi olla esimerkiksi yst\u00e4v\u00e4, kumppani tai perheenj\u00e4sen.<\/p>\n\n\n\n<p><strong>T\u00e4rke\u00e4\u00e4 tietoa ilmoittautumisesta<\/strong><\/p>\n\n\n\n<p>Jokaisen promovoitavan maisterin ja tohtorin tulee ilmoittautua erikseen. Mik\u00e4li avec ei ole itse promovendi, h\u00e4n voi ilmoittautua promovendin kanssa samalla lomakkeella. Ilmoittautumislomakkeeseen on syyt\u00e4 tutustua huolella, ja sen t\u00e4ytt\u00e4miseen on hyv\u00e4 varata noin 30 minuuttia aikaa. Ilmoittautumislomakkeessa ker\u00e4t\u00e4\u00e4n tapahtuman j\u00e4rjest\u00e4misess\u00e4 tarvittavat sek\u00e4 promootiomatrikkeliin tulevat tiedot.<\/p>\n\n\n\n<p>Ilmoittautuminen on sitova, ja osallistumismaksu tulee maksaa ilmoittautumisen yhteydess\u00e4. Ilmoittautumisesta tulee vahvistus lomakkeessa ilmoitettuun s\u00e4hk\u00f6postiosoitteeseen. Ilmoittautumistietoja voi muokata vahvistusviestiss\u00e4 olevan linkin kautta niin kauan kuin ilmoittautuminen on k\u00e4ynniss\u00e4.<\/p>\n\n\n\n<p>Promootion juhlatilat saattavat rajoittaa osallistujam\u00e4\u00e4r\u00e4\u00e4. Jos ilmoittautuneita on enemm\u00e4n kuin tilat antavat my\u00f6ten, osallistujat valitaan ilmoittautumisj\u00e4rjestyksess\u00e4.<\/p>\n\n\n\n<p>Promootion valmisteluista vastaava promootiotoimikunta seuraa koronapandemian tilannetta tarkasti ja pohjaa p\u00e4\u00e4t\u00f6ksens\u00e4 tapahtuman j\u00e4rjest\u00e4misest\u00e4 Helsingin yliopiston ja viranomaisten ohjeistuksiin. Promootio j\u00e4rjestet\u00e4\u00e4n kev\u00e4\u00e4ll\u00e4 2022 ainoastaan, mik\u00e4li pandemiatilanne sen sallii eik\u00e4 tapahtuman j\u00e4rjest\u00e4minen ole ristiriidassa Helsingin yliopiston linjausten kanssa. Tarkoituksena on, ett\u00e4 tapahtuman ilmoittautumisen avautuessa on tiedossa, tullaanko tapahtuma j\u00e4rjest\u00e4m\u00e4\u00e4n.&nbsp;<\/p>\n\n\n\n<p><strong>Ilmoittautumislomakkeen t\u00e4ytt\u00e4misen j\u00e4lkeen<\/strong><\/p>\n\n\n\n<p>Ilmoittautumislomakkeen t\u00e4ytt\u00e4misen lis\u00e4ksi jokaisen promovendin on toimitettava promootiotoimikunnalle kopio osallistumiseen oikeuttavasta tutkintotodistuksesta. Riemumaisterien ja riemutohtorien ei tarvitse toimittaa kopioita tutkintotodistuksestaan.&nbsp;<\/p>\n\n\n\n<p>Kopion tutkintotodistuksesta voi tuoda henkil\u00f6kohtaisesti promootiokansliaan tai l\u00e4hett\u00e4\u00e4 toimikunnalle s\u00e4hk\u00f6postilla tai tavallisella postilla. Kopio tulee toimittaa mahdollisimman pian ilmoittautumislomakkeen t\u00e4ytt\u00e4misen j\u00e4lkeen.&nbsp;<\/p>\n\n\n\n<p>Promootiokanslian sijainti ja aukioloajat julkaistaan vuoden 2022 puolella. Toimikunnan s\u00e4hk\u00f6postiosoite on fil\u2011promootio@helsinki.fi.<\/p>\n\n\n\n<p><strong>Viestint\u00e4 ilmoittautuneille<\/strong><\/p>\n\n\n\n<p>Promootiota koskeva tieto toimitetaan osallistujille s\u00e4hk\u00f6postitse ilmoittautumislomakkeessa annettuun osoitteeseen. Ilmoittautumisen p\u00e4\u00e4tytty\u00e4 kaikille ilmoittautuneille l\u00e4hetet\u00e4\u00e4n s\u00e4hk\u00f6postitse infovihkonen, josta l\u00f6ytyy kootusti kaikki, mit\u00e4 promovendin on tarpeen tiet\u00e4\u00e4 tapahtumaan osallistuessa. Vihkonen sis\u00e4lt\u00e4\u00e4 muun muassa yksityiskohtaista tietoa promootion osatapahtumista. Valmistautuminen tapahtumaan kannattaa aloittaa hyviss\u00e4 ajoin, ja osallistujien on suositeltavaa tutustua promootion nettisivuilta l\u00f6ytyv\u00e4\u00e4n tietoon.&nbsp;<\/p>\n\n\n\n<p>Promootion infotilaisuus pidet\u00e4\u00e4n perjantaina 22.4.2022 klo 16.00-18.00 Helsingin yliopiston p\u00e4\u00e4rakennuksen suuressa juhlasalissa (Unioninkatu 34, k\u00e4ynti Senaatintorin puolelta. Esteet\u00f6n sis\u00e4\u00e4nk\u00e4ynti osoitteessa Yliopistonkatu 2).<\/p>\n\n\n\n<p><strong>Matrikkeli<\/strong><\/p>\n\n\n\n<p>Promootiotoimikunta toimittaa promootiossa sek\u00e4 l\u00e4sn\u00e4- ett\u00e4 poissaolevina promovoitavista maistereista ja tohtoreista matrikkelin. Matrikkeliin tulevat henkil\u00f6tiedot t\u00e4ytet\u00e4\u00e4n ilmoittautumisen yhteydess\u00e4 suomeksi, ruotsiksi tai englanniksi.<\/p>\n\n\n\n<p>Oma matrikkeliteksti on mahdollista tarkistaa promootiokansliassa ilmoittautumisajan p\u00e4\u00e4tytty\u00e4. Jos et p\u00e4\u00e4se kansliaan, voimme l\u00e4hett\u00e4\u00e4 tekstisi my\u00f6s s\u00e4hk\u00f6isesti.<\/p>\n\n\n\n<p>Matrikkelin esimerkkiteksti<\/p>\n\n\n\n<p>MALLIKAS, Minna Elina. * 10.3.1985 Pieks\u00e4m\u00e4ki, SavO. <strong>VANHT<\/strong> maanviljelij\u00e4 Kari Pekka Mallikas ja KT Pirkko Maija Mallikas (os. J\u00e4rvinen) <strong>PSO<\/strong> OTM Mirjami Mallikas (os. Korhonen) 2019 <strong>LAPSET<\/strong> Milla 2010, Mari 2011, <strong>YO <\/strong>Lukiolan lukio 2004 \u2013 LuK 2009, FM 2012, <strong>FT<\/strong> 2016 (teoreettinen fysiikka) <strong>V\u00c4IT\u00d6SK.<\/strong> Cosmological constraints on Standard Model Extensions <strong>P\u00c4\u00c4TOIM.<\/strong> tutkijatohtori, Helsingin yliopisto, 2016- <strong>AIEMMAT P\u00c4\u00c4TOIM.<\/strong> tohtorikoulutettava, Helsingin yliopisto, <strong>2012-16 SIVUTOIM.<\/strong> assistentti, Helsingin yliopisto, 2009-12 <strong>LUOTTAMUSTEHT.<\/strong> hallituksen puheenjohtaja, Ainej\u00e4rjest\u00f6 ry, 2008-10, hallituksen j\u00e4sen, Luonnontieteellisten seurain valtuuskunta, 2014-15 \u2013 Ainej\u00e4rjest\u00f6 ry:n kunniaj\u00e4sen 2015 \u2013 SVR R1 2014 \u2013 Helsingin yliopiston palkinto parhaasta pro gradu -ty\u00f6st\u00e4 2012, Tiedes\u00e4\u00e4ti\u00f6n palkinto 2015, Suomen Akatemian tutkijatohtori 2016- <strong>OPINTOMATKAT<\/strong> Stanford University, Yhdysvallat, 2014-15 <strong>JULK.<\/strong> Fysiikan historia 2015, 10 tieteellist\u00e4 artikkelia teoreettisen fysiikan alalta, 5 lehtiartikkelia.<\/p>\n","protected":false},"excerpt":{"rendered":"<p>Ilmoittautuminen on p\u00e4\u00e4ttynyt. Ennen ilmoittautumista on hyv\u00e4 tutustua huolellisesti t\u00e4m\u00e4n sivun lis\u00e4ksi ainakin seuraaviin sivuihin: Mik\u00e4 on promootio? Pukeutuminen ja etiketti Hinta Tapahtumaperiaatteet Ketk\u00e4 voivat osallistua? Helsingin yliopiston filosofisen tiedekunnan promootioon 2022 voivat osallistua kaikki ne humanistisesta, matemaattis-luonnontieteellisest\u00e4, bio- ja ymp\u00e4rist\u00f6tieteellisest\u00e4, kasvatus- tai k\u00e4ytt\u00e4ytymistieteellisest\u00e4 tai farmasian tiedekunnasta maisterin, proviisorin tai tohtorin tutkinnon suorittaneet tai viimeist\u00e4\u00e4n [&hellip;]<\/p>\n","protected":false},"author":6,"featured_media":0,"parent":0,"menu_order":0,"comment_status":"closed","ping_status":"closed","template":"","meta":{"footnotes":""},"class_list":["post-483","page","type-page","status-publish","hentry"],"_links":{"self":[{"href":"https:\/\/fil-promootio.helsinki.fi\/2022\/wp-json\/wp\/v2\/pages\/483","targetHints":{"allow":["GET"]}}],"collection":[{"href":"https:\/\/fil-promootio.helsinki.fi\/2022\/wp-json\/wp\/v2\/pages"}],"about":[{"href":"https:\/\/fil-promootio.helsinki.fi\/2022\/wp-json\/wp\/v2\/types\/page"}],"author":[{"embeddable":true,"href":"https:\/\/fil-promootio.helsinki.fi\/2022\/wp-json\/wp\/v2\/users\/6"}],"replies":[{"embeddable":true,"href":"https:\/\/fil-promootio.helsinki.fi\/2022\/wp-json\/wp\/v2\/comments?post=483"}],"version-history":[{"count":25,"href":"https:\/\/fil-promootio.helsinki.fi\/2022\/wp-json\/wp\/v2\/pages\/483\/revisions"}],"predecessor-version":[{"id":1266,"href":"https:\/\/fil-promootio.helsinki.fi\/2022\/wp-json\/wp\/v2\/pages\/483\/revisions\/1266"}],"wp:attachment":[{"href":"https:\/\/fil-promootio.helsinki.fi\/2022\/wp-json\/wp\/v2\/media?parent=483"}],"curies":[{"name":"wp","href":"https:\/\/api.w.org\/{rel}","templated":true}]}}