{"id":480,"date":"2021-01-15T19:58:24","date_gmt":"2021-01-15T17:58:24","guid":{"rendered":"https:\/\/fil-promootio.helsinki.fi\/?page_id=480"},"modified":"2021-10-17T17:41:30","modified_gmt":"2021-10-17T14:41:30","slug":"tapahtumaperiaatteet","status":"publish","type":"page","link":"https:\/\/fil-promootio.helsinki.fi\/2022\/tapahtumaperiaatteet\/","title":{"rendered":"Promootion turvallisemman tilan periaatteet"},"content":{"rendered":"\n<p>Haluamme mahdollistaa jokaiselle promootioon osallistuvalle turvallisen ja viihtyis\u00e4n promootion. Promootion turvallisemman tilan periaatteet ovat toimintaohjeita, joiden avulla on tarkoitus luoda tapahtumaan turvallista ja toisia kunnioittavaa ja arvostavaa ilmapiiri\u00e4 yhdess\u00e4. Periaatteet ovat voimassa kaikissa promootion tapahtumissa ja jokaisen osallistujan edellytet\u00e4\u00e4n noudattavan niit\u00e4. Periaatteiden laiminly\u00f6nti tai rikkominen voivat johtaa tapahtumasta poistamiseen.<\/p>\n\n\n\n<ul class=\"wp-block-list\"><li>Kohtaa toiset avoimesti sellaisina kuin he ovat. Yrit\u00e4 tunnistaa tekem\u00e4si olettamukset ja huomioida ihmisten moninaisuus. Kuuntele, anna tilaa ja anna jokaisen m\u00e4\u00e4ritell\u00e4 identiteettins\u00e4 ja kokemuksensa itse.<\/li><li>Tunnista omat etuoikeutesi. Etuoikeuksilla tarkoitetaan etuja, joita yksil\u00f6t saavat kuulumalla tiettyihin sosiaalisiin ryhmiin. Etuoikeudet liittyv\u00e4t muun muassa sukupuoleen, seksuaaliseen suuntautumiseen, ihonv\u00e4riin, luokkaan, kieleen, terveydentilaan tai uskontoon. Vaikka sinulla olisi turvallinen ja hyv\u00e4ksytty olo, se ei tarkoita, ett\u00e4 kaikilla muillakin on. Jos sinulla on mukava olla, k\u00e4yt\u00e4 sit\u00e4 turvallisen ilmapiirin luomiseksi kaikille.&nbsp;<\/li><li>Huolehdi, ett\u00e4 kaikki tulevat keskustelussa kuulluksi ja p\u00e4\u00e4sev\u00e4t osallisiksi. Pyri puhumaan niin, ett\u00e4 kaikki ymm\u00e4rt\u00e4v\u00e4t.&nbsp;<\/li><li>Promootiossa on nollatoleranssi kaikenlaiselle h\u00e4irinn\u00e4lle, rasismille, syrjinn\u00e4lle tai muulle ep\u00e4asialliselle kohtelulle.<\/li><li>Kunnioita muiden fyysist\u00e4 ja henkist\u00e4 koskemattomuutta. \u00c4l\u00e4 h\u00e4iritse ket\u00e4\u00e4n sanallisesti, koskettamalla tai tuijottamalla. Ei tarkoittaa ei, muuta k\u00e4yt\u00f6st\u00e4si tai lopeta jos toinen niin pyyt\u00e4\u00e4.&nbsp;<\/li><li>Jos n\u00e4et tai koet ep\u00e4asiallista k\u00e4yt\u00f6st\u00e4, puutu tilanteeseen, tai ilmoita tapahtuneesta airuelle. Halutessasi voit my\u00f6s olla tapahtuman j\u00e4lkeen yhteydess\u00e4 Helsingin yliopiston tai Helsingin yliopiston ylioppilaskunnan h\u00e4irint\u00e4yhdyshenkil\u00f6ihin.<\/li><li>Jos rikot tai sinulle huomautetaan turvallisemman tilan periaatteiden rikkomisesta, pyyd\u00e4 anteeksi. Kaikki tekev\u00e4t erehdyksi\u00e4. Korjaa tarvittaessa omaa k\u00e4yt\u00f6st\u00e4si. Suhtaudu my\u00f6s ymm\u00e4rt\u00e4v\u00e4isesti toisten virheisiin ja pyri sopimaan asia mahdollisuuksien mukaan osapuolten kanssa.<\/li><li>Jokaisella meist\u00e4 on vastuu siit\u00e4, ett\u00e4 kaikilla on mukava ja turvallinen olo. Rakenna omalla toiminnallasi avointa, arvostavaa ja turvallista ilmapiiri\u00e4.<\/li><\/ul>\n","protected":false},"excerpt":{"rendered":"<p>Haluamme mahdollistaa jokaiselle promootioon osallistuvalle turvallisen ja viihtyis\u00e4n promootion. Promootion turvallisemman tilan periaatteet ovat toimintaohjeita, joiden avulla on tarkoitus luoda tapahtumaan turvallista ja toisia kunnioittavaa ja arvostavaa ilmapiiri\u00e4 yhdess\u00e4. Periaatteet ovat voimassa kaikissa promootion tapahtumissa ja jokaisen osallistujan edellytet\u00e4\u00e4n noudattavan niit\u00e4. Periaatteiden laiminly\u00f6nti tai rikkominen voivat johtaa tapahtumasta poistamiseen. Kohtaa toiset avoimesti sellaisina kuin he [&hellip;]<\/p>\n","protected":false},"author":6,"featured_media":0,"parent":0,"menu_order":0,"comment_status":"closed","ping_status":"closed","template":"","meta":{"footnotes":""},"class_list":["post-480","page","type-page","status-publish","hentry"],"_links":{"self":[{"href":"https:\/\/fil-promootio.helsinki.fi\/2022\/wp-json\/wp\/v2\/pages\/480","targetHints":{"allow":["GET"]}}],"collection":[{"href":"https:\/\/fil-promootio.helsinki.fi\/2022\/wp-json\/wp\/v2\/pages"}],"about":[{"href":"https:\/\/fil-promootio.helsinki.fi\/2022\/wp-json\/wp\/v2\/types\/page"}],"author":[{"embeddable":true,"href":"https:\/\/fil-promootio.helsinki.fi\/2022\/wp-json\/wp\/v2\/users\/6"}],"replies":[{"embeddable":true,"href":"https:\/\/fil-promootio.helsinki.fi\/2022\/wp-json\/wp\/v2\/comments?post=480"}],"version-history":[{"count":4,"href":"https:\/\/fil-promootio.helsinki.fi\/2022\/wp-json\/wp\/v2\/pages\/480\/revisions"}],"predecessor-version":[{"id":925,"href":"https:\/\/fil-promootio.helsinki.fi\/2022\/wp-json\/wp\/v2\/pages\/480\/revisions\/925"}],"wp:attachment":[{"href":"https:\/\/fil-promootio.helsinki.fi\/2022\/wp-json\/wp\/v2\/media?parent=480"}],"curies":[{"name":"wp","href":"https:\/\/api.w.org\/{rel}","templated":true}]}}