{"id":463,"date":"2021-01-15T19:27:02","date_gmt":"2021-01-15T17:27:02","guid":{"rendered":"https:\/\/fil-promootio.helsinki.fi\/?page_id=463"},"modified":"2021-11-09T13:55:26","modified_gmt":"2021-11-09T11:55:26","slug":"usein-kysyttyja-kysymyksia","status":"publish","type":"page","link":"https:\/\/fil-promootio.helsinki.fi\/2022\/usein-kysyttyja-kysymyksia\/","title":{"rendered":"Usein kysyttyj\u00e4 kysymyksi\u00e4"},"content":{"rendered":"\n<h2 class=\"wp-block-heading\"><strong>Osallistuminen<\/strong><\/h2>\n\n\n\n<p><strong>Mihin menness\u00e4 minun pit\u00e4\u00e4 palauttaa graduni, jotta ehdin mukaan promootioon?<\/strong><\/p>\n\n\n\n<p>Sinun tulee valmistua 31.7.2021 menness\u00e4. Tarkista tiedekunnastasi tai laitokseltasi gradujen kev\u00e4\u00e4n viimeiset j\u00e4tt\u00f6p\u00e4iv\u00e4t. Muista tarkistaa my\u00f6s tutkintotodistuspyynn\u00f6n j\u00e4tt\u00e4misen ajankohta.<\/p>\n\n\n\n<p><strong>Jos nyt osallistun promootioon poissaolevana, voinko my\u00f6hemmin osallistua siihen uudelleen l\u00e4sn\u00e4olevana?<\/strong><\/p>\n\n\n\n<p>Valitettavasti et, mik\u00e4li kyse on samasta tutkinnosta. Akateeminen arvo my\u00f6nnet\u00e4\u00e4n promootiossa vain kerran. Jos osallistut nyt poissaolevana, et voi osallistua uudelleen l\u00e4sn\u00e4olevana.<\/p>\n\n\n\n<p><strong>Olen jo kertaalleen osallistunut promootioon ja se oli hauskaa. Voinko osallistua uudelleen?<\/strong><\/p>\n\n\n\n<p>Promootioon voi osallistua vain kerran suoritettua tutkintoa kohden. Eli mik\u00e4li osallistuit ensimm\u00e4iseen promootioosi maisterina ja olet sen j\u00e4lkeen valmistunut tohtoriksi, voit osallistua promootioon tohtoripromovendina. Akateeminen arvo my\u00f6nnet\u00e4\u00e4n promootiossa vain kerran.<\/p>\n\n\n\n<p><strong>Haluaisin osallistua promootioaktin ja aktiharjoituksen lis\u00e4ksi promootiop\u00e4iv\u00e4llisille, mutten muihin promootion tilaisuuksiin. Onko t\u00e4m\u00e4 mahdollista?<\/strong><\/p>\n\n\n\n<p>Promootioon voi osallistua joko kokonaisuutena 26.\u201328.5. tai vain perjantain aktiin ja edellisen p\u00e4iv\u00e4n aktiharjoitukseen. Koska promootio on kolmen p\u00e4iv\u00e4n mittainen kokonaisuus, osallistumisvaihtoehdot on rajattu edell\u00e4 mainittuihin. Erill\u00e4\u00e4n muista tapahtumista j\u00e4rjestett\u00e4v\u00e4\u00e4n Floran p\u00e4iv\u00e4\u00e4n 13.5. on kaikkien kuitenkin mahdollista ilmoittautua.<\/p>\n\n\n\n<p><strong>Olen valmistunut maisteriksi ja tohtoriksi aikaisemmin enk\u00e4 ole koskaan osallistunut promootioon. Voinko viel\u00e4 osallistua ja vihit\u00e4\u00e4nk\u00f6 minut maisteriksi vai tohtoriksi?<\/strong><\/p>\n\n\n\n<p>Voit osallistua! Promootiosi ei tarvitse olla ensimm\u00e4inen valmistumisesi j\u00e4lkeinen, vaan voit osallistua mihin tahansa my\u00f6hemp\u00e4\u00e4n promootioon. Jos olet promootioaktiin menness\u00e4 suorittanut tohtorin tutkinnon, sinut vihit\u00e4\u00e4n tohtoriksi riippumatta siit\u00e4, onko sinua aiemmin promovoitu maisteriksi vai ei. Promootiossa vihit\u00e4\u00e4n korkein suoritettu tutkinto.<\/p>\n\n\n\n<h2 class=\"wp-block-heading\"><strong>Ilmoittautuminen<\/strong><\/h2>\n\n\n\n<p><strong>Minulla ei ole avecia, onko se ongelma? Kenet voin valita avecikseni?<\/strong><\/p>\n\n\n\n<p>Promootioon voi ilmoittautua ilman avecia. Jos olet maisteripromovendi, yleinen seppeleensitoja sek\u00e4 promootiotoimikunta sitovat seppeleen sinulle.<\/p>\n\n\n\n<p>Toimikunta ei aseta rajoituksia avecin valinnalle lukuun ottamatta t\u00e4ysi-ik\u00e4isyytt\u00e4. Avec voi olla esimerkiksi yst\u00e4v\u00e4, kumppani tai perheenj\u00e4sen.<\/p>\n\n\n\n<p><strong>Ovatko promootion tilaisuudet esteett\u00f6mi\u00e4?<\/strong><\/p>\n\n\n\n<p>Promootion tapahtumapaikat on valittu esteett\u00f6myys mieless\u00e4 pit\u00e4en. Promootion tilaisuuksia j\u00e4rjestet\u00e4\u00e4n useissa eri ymp\u00e4rist\u00f6iss\u00e4 sis\u00e4- ja ulkotiloissa, ja osassa tiloista voi olla saavutettavuuden suhteen joitakin rajoitteita. Tarkemmat esteett\u00f6myystiedot ilmoitetaan osana <a href=\"https:\/\/fil-promo-22.it.helsinki.fi\/2022\/ohjelma\/\" data-type=\"page\" data-id=\"466\">ohjelmaa<\/a>. Jos sinulla on kysytt\u00e4v\u00e4\u00e4 esteett\u00f6myysasioista, kannattaa ottaa yhteytt\u00e4 promootiotoimikuntaan.<\/p>\n\n\n\n<p><strong>Voiko tohtorinmiekan lainata?<\/strong><\/p>\n\n\n\n<p>Yliopistolle on tullut miekkojen lainauspalvelu. Mik\u00e4li haluat lainata miekan, ota yhteys promootiotoimikuntaan osoitteeseen fil\u2011promootio@helsinki.fi viimeist\u00e4\u00e4n toukokuun alussa. Promootiotoimikunta hoitaa miekkojen lainauksen kootusti.<\/p>\n\n\n\n<h2 class=\"wp-block-heading\"><strong>Promootion aikana<\/strong><\/h2>\n\n\n\n<p><strong>Miten promootioon pukeudutaan?<\/strong><\/p>\n\n\n\n<p>Promootion eri tilaisuuksissa p\u00e4tee tietyt pukukoodit. Tarkat ohjeet l\u00f6ytyv\u00e4t <a href=\"https:\/\/fil-promo-22.it.helsinki.fi\/2022\/pukeutuminen-ja-etiketti\/\" data-type=\"page\" data-id=\"469\">pukeutuminen ja etiketti<\/a> -sivulta.<\/p>\n\n\n\n<p><strong>P\u00e4\u00e4sev\u00e4tk\u00f6 omaiset seuraamaan aktia?<\/strong><\/p>\n\n\n\n<p>Promootioakti j\u00e4rjestet\u00e4\u00e4n yliopiston juhlasalissa, jossa paikkoja on tarjolla vain rajallisesti. Promootiotoimikunta ei voi taata p\u00e4\u00e4sy\u00e4 suureen juhlasaliin ennen kuin tiedossa on promootioon osallistuvien lukum\u00e4\u00e4r\u00e4 ja kutsuvieraiden ilmoittautumiset. Omaisten mahdollisuudesta p\u00e4\u00e4st\u00e4 seuraamaan aktia suuressa juhlasalissa tiedotetaan promovendeille erikseen kev\u00e4\u00e4ll\u00e4, ja mahdolliset paikat jaetaan toukokuussa.<\/p>\n\n\n\n<p><strong>Onko valokuvaus ja videointi sallittua?<\/strong><\/p>\n\n\n\n<p>Promootiotoimikunta vastaa kaikkien promootiotilaisuuksien ikuistamisesta huolehtimalla valokuvaamisesta. Valokuvien sek\u00e4 promootiosta teht\u00e4v\u00e4n muistokirjan jakelusta ja myynnist\u00e4 ilmoitetaan promovendeille promootion j\u00e4lkeen.<\/p>\n\n\n\n<p>Promootioaktin aikana valokuvaus ja videointi juhlasalissa on ehdottomasti kielletty tilaisuuden arvokkaasta luonteesta johtuen. Promovendien toivotaan kertovan kuvausrajoituksista my\u00f6s tilaisuuksiin osallistuville seuralaisilleen ja sukulaisilleen.<\/p>\n\n\n\n<p><strong>Voinko osallistua promootiotanssiaisten tansseihin, vaikka en p\u00e4\u00e4sek\u00e4\u00e4n osallistumaan tanssiharjoituksiin?<\/strong><\/p>\n\n\n\n<p>Harjoituksiin osallistuminen on pakollista, mik\u00e4li aiot osallistua n\u00e4yt\u00f6stansseihin (tohtoripoloneesi ja maisterifranseesi). Muihin tansseihin voi sen sijaan osallistua, vaikka ei olisikaan k\u00e4ynyt harjoituksissa. N\u00e4m\u00e4 vapaat tanssit ovat nk. vanhoja tansseja.<\/p>\n\n\n\n<p><strong>Olen tohtoripromovendi ja avecini on maisteripromovendi. Voinko tanssia h\u00e4nen kanssaan tohtoripoloneesin?<\/strong><\/p>\n\n\n\n<p>Kaikkien tohtoripoloneesiin osallistuvien tulee olla pukeutuneita mustaan. Jos seuralaisesi pukeutuu promootiossa valkoiseen (ks. <a href=\"https:\/\/fil-promo-22.it.helsinki.fi\/2022\/pukeutuminen-ja-etiketti\/\" data-type=\"page\" data-id=\"469\">pukeutumisohjeet<\/a>), on h\u00e4nen vaihdettava tohtoripoloneesia varten mustaan asuun. Jos poloneesin tanssiparisi on maisteripromovendi, tulee h\u00e4nen riisua seppeleens\u00e4 poloneesin ajaksi.<\/p>\n\n\n\n<p><strong>Olen maisteripromovendi, ja avecini pukeutuu promootiossa samaan v\u00e4riin. Voimmeko tanssia yhdess\u00e4 maisterifranseesin?<\/strong><\/p>\n\n\n\n<p>Maisterifranseesi on tanssi, jonka visuaalinen idea perustuu mustaan ja valkoiseen pukeutuneiden tanssijoiden muodostamiin kuvioihin. Franseesiin voi osallistua ainoastaan pari, jossa toinen osapuoli on pukeutunut frakkiin ja toinen valkoiseen pukuun. Jos pukeudut avecisi kanssa promootiossa samaan v\u00e4riin (ks. <a href=\"http:\/\/h51.it.helsinki.fi\/osallistujille\/pukeutuminen-ja-etiketti\/\">pukeutumisohjeet<\/a>), t\u00e4ytyy toisen parista vaihtaa asua maisterifranseesia varten.<\/p>\n\n\n\n<p>Franseesia ei kuitenkaan ole pakko tanssia oman avecin kanssa, vaan sen voi tanssia my\u00f6s jonkun promootioon ilman seuralaista tulevan maisteripromovendin kanssa ja pareja voidaan sekoittaa tarpeen mukaan. Kannattaa olla paikalla ensimm\u00e4isess\u00e4 tanssiharjoituksessa, jossa parit muodostetaan.<\/p>\n\n\n\n<p><strong>Olen maisteripromovendi, ja seuralaiseni on tohtoripromovendi. Kumpaan iltatilaisuuteen osallistumme torstaina?<\/strong><\/p>\n\n\n\n<p>Seppeleensitojais- ja miekanhiojaisp\u00e4iv\u00e4lliset j\u00e4rjestet\u00e4\u00e4n t\u00e4ll\u00e4 kertaa erikseen, mink\u00e4 vuoksi ette valitettavasti voi osallistua samaan tilaisuuteen torstai-iltana. Maisteripromovendit osallistuvat seppeleensitojaisp\u00e4iv\u00e4llisille ja tohtoripromovendit miekanhiojaisp\u00e4iv\u00e4llisille.<\/p>\n","protected":false},"excerpt":{"rendered":"<p>Osallistuminen Mihin menness\u00e4 minun pit\u00e4\u00e4 palauttaa graduni, jotta ehdin mukaan promootioon? Sinun tulee valmistua 31.7.2021 menness\u00e4. Tarkista tiedekunnastasi tai laitokseltasi gradujen kev\u00e4\u00e4n viimeiset j\u00e4tt\u00f6p\u00e4iv\u00e4t. Muista tarkistaa my\u00f6s tutkintotodistuspyynn\u00f6n j\u00e4tt\u00e4misen ajankohta. Jos nyt osallistun promootioon poissaolevana, voinko my\u00f6hemmin osallistua siihen uudelleen l\u00e4sn\u00e4olevana? Valitettavasti et, mik\u00e4li kyse on samasta tutkinnosta. Akateeminen arvo my\u00f6nnet\u00e4\u00e4n promootiossa vain kerran. Jos [&hellip;]<\/p>\n","protected":false},"author":6,"featured_media":0,"parent":0,"menu_order":0,"comment_status":"closed","ping_status":"closed","template":"","meta":{"footnotes":""},"class_list":["post-463","page","type-page","status-publish","hentry"],"_links":{"self":[{"href":"https:\/\/fil-promootio.helsinki.fi\/2022\/wp-json\/wp\/v2\/pages\/463","targetHints":{"allow":["GET"]}}],"collection":[{"href":"https:\/\/fil-promootio.helsinki.fi\/2022\/wp-json\/wp\/v2\/pages"}],"about":[{"href":"https:\/\/fil-promootio.helsinki.fi\/2022\/wp-json\/wp\/v2\/types\/page"}],"author":[{"embeddable":true,"href":"https:\/\/fil-promootio.helsinki.fi\/2022\/wp-json\/wp\/v2\/users\/6"}],"replies":[{"embeddable":true,"href":"https:\/\/fil-promootio.helsinki.fi\/2022\/wp-json\/wp\/v2\/comments?post=463"}],"version-history":[{"count":7,"href":"https:\/\/fil-promootio.helsinki.fi\/2022\/wp-json\/wp\/v2\/pages\/463\/revisions"}],"predecessor-version":[{"id":1019,"href":"https:\/\/fil-promootio.helsinki.fi\/2022\/wp-json\/wp\/v2\/pages\/463\/revisions\/1019"}],"wp:attachment":[{"href":"https:\/\/fil-promootio.helsinki.fi\/2022\/wp-json\/wp\/v2\/media?parent=463"}],"curies":[{"name":"wp","href":"https:\/\/api.w.org\/{rel}","templated":true}]}}