{"id":460,"date":"2021-01-15T19:25:48","date_gmt":"2021-01-15T17:25:48","guid":{"rendered":"https:\/\/fil-promootio.helsinki.fi\/?page_id=460"},"modified":"2022-05-11T17:27:51","modified_gmt":"2022-05-11T14:27:51","slug":"osatapahtumat","status":"publish","type":"page","link":"https:\/\/fil-promootio.helsinki.fi\/2022\/osatapahtumat\/","title":{"rendered":"Osatapahtumat"},"content":{"rendered":"\n<h2 class=\"wp-block-heading\"><strong>Floran p\u00e4iv\u00e4<\/strong><\/h2>\n\n\n\n<p><strong>Lyhyt kuvaus:<\/strong><\/p>\n\n\n\n<p>Floran p\u00e4iv\u00e4 on perinteinen ylioppilaiden juhlap\u00e4iv\u00e4. Floran p\u00e4iv\u00e4n\u00e4 filosofisen tiedekunnan promootioon liittyen yleinen seppeleensitoja esitell\u00e4\u00e4n kaikille promovendeille. Floran p\u00e4iv\u00e4 alkaa klo 11.30 kokoontumisella A. I. Virtasen aukiolla, josta jatketaan kulkueena Kumt\u00e4hden kent\u00e4lle. Siell\u00e4 kohotetaan malja kev\u00e4\u00e4lle ja lauletaan ylioppilaiden perinteen mukaisesti Maamme-laulu.<\/p>\n\n\n\n<p><strong>Pitk\u00e4 kuvaus:<\/strong><\/p>\n\n\n\n<p>Floran p\u00e4iv\u00e4\u00e4n kuuluvat seuraavat tapahtumat:<\/p>\n\n\n\n<p>\u25cf yleisen seppeleensitojan esittely<\/p>\n\n\n\n<p>\u25cf Floran p\u00e4iv\u00e4n juhla Kumt\u00e4hden kent\u00e4ll\u00e4<\/p>\n\n\n\n<p>\u25cf Floran p\u00e4iv\u00e4n lounas<\/p>\n\n\n\n<p><\/p>\n\n\n\n<p>Floran p\u00e4iv\u00e4 alkaa klo 11.30 kokoontumisella A. I. Virtasen aukiolla, josta jatketaan kulkueena Kumt\u00e4hden kent\u00e4lle. Siell\u00e4 kohotetaan malja kev\u00e4\u00e4lle ja lauletaan ylioppilaiden perinteen mukaisesti Maamme-laulu. Lis\u00e4ksi Kumt\u00e4hden kent\u00e4ll\u00e4 on ohjelmassa puheita ja musiikkiesitys. Juhlallisuuksien j\u00e4lkeen klo 13 lounaalle ilmoittautuneet jatkavat ravintola Pjazzaan (Yrj\u00f6nkatu 18B).<\/p>\n\n\n\n<h2 class=\"wp-block-heading\"><strong>Aktiharjoitus \/ Seppeleensitojaiset<\/strong><\/h2>\n\n\n\n<h2 class=\"wp-block-heading\"><strong>Seppeleensitojaisp\u00e4iv\u00e4lliset<\/strong><\/h2>\n\n\n\n<p><strong>Lyhyt kuvaus:<\/strong><\/p>\n\n\n\n<p>Varsinaiset promootiojuhlallisuudet alkavat maisteripromovendien osalta&nbsp; seppeleensitojaisp\u00e4iv\u00e4llisill\u00e4. Se j\u00e4rjestet\u00e4\u00e4n aina torstaisin, sill\u00e4 perjantai on varattu tyylikk\u00e4\u00e4lle ja juhlalliselle promootiop\u00e4iv\u00e4lle. Seppeleensitojaisissa maisteripromovendien seuralaiset sitovat promovendeilleen laakerinlehdist\u00e4 seppeleen, joka symboloi oppineisuutta sek\u00e4 roomalaiseen tapaan voittoa. T\u00e4m\u00e4 seppele lasketaankin maisteripromovendin p\u00e4\u00e4h\u00e4n promootiop\u00e4iv\u00e4n huipentumassa, promootioaktissa. Seppeleensitojaisp\u00e4iv\u00e4 huipentuu hienoihin p\u00e4iv\u00e4llisiin, joissa on luvassa upeita puheita, hienoja musiikkiesityksi\u00e4 sek\u00e4 erinomaista ruokaa.<\/p>\n\n\n\n<p><strong>Pitk\u00e4 kuvaus:<\/strong><\/p>\n\n\n\n<p>Promootion aloittaa seppeleensitojaisp\u00e4iv\u00e4, joka koostuu seppeleensitojaisista, aktiharjoituksista, rehtorin vastaanotosta sek\u00e4 seppeleensitojais- ja miekanhiojaisp\u00e4iv\u00e4llisist\u00e4. Maisteripromovendien seuralaiset solmivat promovendeilleen laakeriseppeleet yleisen seppeleensitojan ja h\u00e4nen edelt\u00e4jiens\u00e4 opastamina samalla kun promovendit harjoittelevat seuraavan p\u00e4iv\u00e4n promootioaktin askelkuviot kuntoon. Laakeriseppeleen voi my\u00f6s sitoa edellisen\u00e4 sunnuntaina, jolloin j\u00e4rjestet\u00e4\u00e4n esiseppeleensitojaiset. T\u00e4h\u00e4n tilaisuuteen voivat osallistua ne maisteripromovendien seuralaiset, jotka eiv\u00e4t jostain syyst\u00e4 p\u00e4\u00e4se varsinaisiin seppeleensitojaisiin torstaina. My\u00f6s ilman seuralaista olevat maisteripromovendit voivat tulla esiseppeleensitojaisiin sitomaan oman laakeriseppeleens\u00e4. Laakeriseppeleet lasketaan tyylikk\u00e4\u00e4sti maisteripromovendien p\u00e4\u00e4h\u00e4n juhlallisessa ja perinteikk\u00e4\u00e4ss\u00e4 promootioaktissa seuraavana p\u00e4iv\u00e4n\u00e4.<\/p>\n\n\n\n<p>Maisteripromovendien aktiharjoitusten aikana, omien harjoitustensa j\u00e4lkeen tohtoripromovendit ja heid\u00e4n seuralaisensa p\u00e4\u00e4sev\u00e4t vierailemaan rehtorin vastaanotolle, josta heid\u00e4n iltansa jatkuu upeilla miekanhiojaisp\u00e4iv\u00e4llisill\u00e4. Maisteripromovendeille ja heid\u00e4n seuralaisilleen luvassa on hienot seppeleensitojaisp\u00e4iv\u00e4lliset, joita is\u00e4nn\u00f6i yleisen seppeleensitojan kunnioitettu vanhempi. Luvassa on upeita puheita, tyylikk\u00e4it\u00e4 tervehdyksi\u00e4, kauniita musiikkiesityksi\u00e4 sek\u00e4 odottavaa juhlatunnelmaa.&nbsp;<\/p>\n\n\n\n<p><strong>Esteett\u00f6myystiedot:<\/strong><\/p>\n\n\n\n<p>Esiseppeleensitojaiset j\u00e4rjestet\u00e4\u00e4n H\u00e4m\u00e4l\u00e4isell\u00e4 Osakunnalla. Tilat ovat esteelliset. Inva-wc:t\u00e4 ei ole saatavilla. Sis\u00e4\u00e4nk\u00e4ynniss\u00e4 muutamia portaita sek\u00e4 mahdollisuus k\u00e4ytt\u00e4\u00e4 luiskia.<\/p>\n\n\n\n<h2 class=\"wp-block-heading\"><strong>Miekanhiojaisp\u00e4iv\u00e4lliset<\/strong><\/h2>\n\n\n\n<p><strong>Lyhyt kuvaus: <\/strong>Miekanhiojaisp\u00e4iv\u00e4lliset j\u00e4rjestet\u00e4\u00e4n tohtoripromovendeille ja heid\u00e4n seuralaisilleen torstaina rehtorin vastaanoton j\u00e4lkeen ravintola P\u00f6rssitalossa. Miekanhiojaisp\u00e4iv\u00e4llinen on iltatilaisuus, jossa juhlistetaan tohtoripromovendien seuralaisia eli miekanhiojia. Illan aikana nautitaan p\u00e4iv\u00e4llist\u00e4, kuullaan puheita sek\u00e4 musiikkiesitys. Nimens\u00e4 mukaisesti miekanhiojaisp\u00e4iv\u00e4llisill\u00e4 hiotaan my\u00f6s muutaman tohtoripromovendin miekat.&nbsp;<\/p>\n\n\n\n<p><strong>Pitk\u00e4 kuvaus: <\/strong>Promootiotorstain viimeinen ohjelmanumerot ovat miekanhiojais- ja seppeleensitojaisp\u00e4iv\u00e4lliset, jotka j\u00e4rjestet\u00e4\u00e4n erikseen tohtori- ja maisteripromovendeille. Miekanhiojaisp\u00e4iv\u00e4llisill\u00e4 juhlistetaan tohtoripromovendien aveceja eli miekanhiojia, kun taas seppeleensitojaisp\u00e4iv\u00e4llisill\u00e4 juhlistetaan maisteripromovendien aveceja eli seppeleensitojia. Iltaan kuuluu p\u00e4iv\u00e4llinen, jonka aikana kuullaan puheita ja tyypillisesti my\u00f6s musiikkiesitys. Nimens\u00e4 mukaisesti iltaan kuuluu totta kai my\u00f6s miekan hiontaa! Koska kaikkien tohtoripromovendien miekkoja ei voida illan ehdit\u00e4 hioa, promovendeist\u00e4 on valittu yleens\u00e4 noin 4 henkil\u00f6\u00e4 edustamaan kaikkia tohtoripromovendej\u00e4. Miekat hiotaan symbolisesti kivisell\u00e4 tahkolla, jossa kostukkeena k\u00e4ytet\u00e4\u00e4n shampanjaa.<\/p>\n\n\n\n<h2 class=\"wp-block-heading\"><strong>Laudatio Solemnis&nbsp;<\/strong><\/h2>\n\n\n\n<h2 class=\"wp-block-heading\"><strong>Laakerijuhla<\/strong><\/h2>\n\n\n\n<p><strong>Lyhyt kuvaus: <\/strong>Tunnustukseton Laakerijuhla j\u00e4rjestet\u00e4\u00e4n promootioaktin j\u00e4lkeen samanaikaisesti promootiojumalanpalveluksen kanssa. Laakerijuhlaan siirryt\u00e4\u00e4n promootioaktista j\u00e4rjest\u00e4ytyneen\u00e4 kulkueena, joka kulkee yliopiston p\u00e4\u00e4rakennukselta Ritarihuoneelle. Tilaisuuden ohjelmaan kuuluu puheita, musiikkiesitys sek\u00e4 yhteislaulu. Tilaisuuden j\u00e4lkeen palataan kulkueena p\u00e4\u00e4rakennukselle, josta promovendit saavat todistuksensa. <strong>HUOM! Ritarihuoneella ei saa k\u00e4ytt\u00e4\u00e4 piikkikorkoja!<\/strong><\/p>\n\n\n\n<p><strong>Pitk\u00e4 kuvaus: <\/strong>Tunnustukseton Laakerijuhla on verrattain nuori promootioperinne, sill\u00e4 se j\u00e4rjestettiin ensimm\u00e4ist\u00e4 kertaa filosofisen tiedekunnan promootiossa vuonna 2010, kun osallistujille tahdottiin tarjota vaihtoehtoinen tilaisuus promootiojumalanpalvelukselle. Laakerijuhla ja promootiojumalanpalvelus ovat kesken\u00e4\u00e4n samanarvoisia sek\u00e4 yht\u00e4 juhlavia tilaisuuksia.<\/p>\n\n\n\n<p>Laakerijuhla j\u00e4rjestet\u00e4\u00e4n heti promootioaktin j\u00e4lkeen Ritarihuoneella, jonne osallistujat saapuvat kulkueena. (<strong>HUOM! Ritarihuoneella ei saa k\u00e4ytt\u00e4\u00e4 piikkikorkoja!<\/strong>) Kaikki promootioaktiin osallistuneet poistuvat yliopiston juhlasalista yhten\u00e4 kulkueena, josta osallistujat jakautuvat promootiojumalanpalvelukseen sek\u00e4 tunnustuksettomaan tilaisuuteen menij\u00f6ihin. Uudelleen j\u00e4rjest\u00e4ytyneet kulkueet jatkavat matkaansa sek\u00e4 Tuomiokirkkoon ett\u00e4 Ritarihuoneelle. Juhlavat mustavalkoiset kulkueet ovat yksi promootion n\u00e4ytt\u00e4vimmist\u00e4 hetkist\u00e4 ja ne ker\u00e4\u00e4v\u00e4t joukon promovendien l\u00e4heisi\u00e4 sek\u00e4 uteliaita ohikulkijoita Senaatintorin laidalle.<\/p>\n\n\n\n<p>Tunnustuksettomassa tilaisuudessa promovendit p\u00e4\u00e4sev\u00e4t vihdoin heng\u00e4ht\u00e4m\u00e4\u00e4n ja istumaan alas. Tilaisuudessa kuullaan puheita sek\u00e4 musiikkiesitys ja lauletaan yhteislaulu. Tunnustuksettoman tilaisuuden j\u00e4lkeen osallistujat j\u00e4rjest\u00e4ytyv\u00e4t j\u00e4lleen kulkueeksi, joka palaa p\u00e4\u00e4rakennukselle hakemaan todistukset.<\/p>\n\n\n\n<h2 class=\"wp-block-heading\"><strong>Jumalanpalvelus&nbsp;<\/strong><\/h2>\n\n\n\n<h2 class=\"wp-block-heading\"><strong>Promootiop\u00e4iv\u00e4lliset&nbsp;<\/strong><\/h2>\n\n\n\n<p><br>Lyhyt kuvaus: Aktip\u00e4iv\u00e4 huipentuu promootiop\u00e4iv\u00e4llisiin, joka on promootion juhlavin ja arvokkain, kolmen ruokalajin istuva illallinen. P\u00e4iv\u00e4llisill\u00e4 nautitaan puheista, promootiorunoudesta ja muusta ohjelmasta sek\u00e4 laadukkaasta ruoasta ja juomasta.&nbsp;<\/p>\n\n\n\n<p><br>Pitk\u00e4 kuvaus: Alkumaljojen saattelemana siirryt\u00e4\u00e4n p\u00f6ytiin nauttimaan juhlavista puheista, perinteisest\u00e4 promootiorunoudesta ja muusta ohjelmasta, tasokkaasta kolmen ruokalajin illallisesta sek\u00e4 toistemme seurasta pitk\u00e4n mutta palkitsevan aktip\u00e4iv\u00e4n p\u00e4\u00e4tteeksi. Promootiop\u00e4iv\u00e4llisille osallistuvat niin tuoreet maisteri- ja tohtoripromovendit, seuralaiset kuin kunniavieraat.<\/p>\n\n\n\n<h2 class=\"wp-block-heading\"><strong>Promootioretki<\/strong> <\/h2>\n\n\n\n<p>Promootioretki tapahtuu saaristoajeluna perinteisen promootiopurjehduksen hengess\u00e4. Oikean aluksen l\u00f6yt\u00e4\u00e4 Kauppatorilta t\u00e4hyst\u00e4m\u00e4ll\u00e4 lakkip\u00e4isi\u00e4 airuita ja muita osallistujia. Muistathan ottaa my\u00f6s oman ylioppilaslakkisi mukaan! Laivat<br>eiv\u00e4t voi odottaa, joten paikalle kannattaa saapua hyviss\u00e4 ajoin. Purjehduksen j\u00e4lkeen siirryt\u00e4\u00e4n retkilounaalle.<\/p>\n\n\n\n<h2 class=\"wp-block-heading\"><strong>Promootiotanssiaiset<\/strong><\/h2>\n\n\n\n<p>Promootiotanssiaiset pidet\u00e4\u00e4n Vanhalla ylioppilastalolla. Tilaisuudessa on luvassa n\u00e4yt\u00f6stansseja, kaikille avoimia vanhoja tansseja sek\u00e4 buffet-illallinen. Tilaisuus kest\u00e4\u00e4<br>noin klo 02 asti.<\/p>\n\n\n\n<h2 class=\"wp-block-heading\"><strong>Y\u00f6kulkue<\/strong><\/h2>\n\n\n\n<p><strong>Lyhyt kuvaus:<\/strong><\/p>\n\n\n\n<p>Tanssiaisten j\u00e4lkeen promootio jatkuu y\u00f6kulkueen muodossa. Kulkueen aikana promootiohenke\u00e4 levitet\u00e4\u00e4n l\u00e4pi Helsingin keskustan pys\u00e4htyen matkan varrella sijaitsevien patsaiden kohdille kuulemaan promootion viimeiset puheet. Y\u00f6kulkue l\u00e4htee Vanhan ylioppilastalon edest\u00e4 ja p\u00e4\u00e4ttyy yliopiston p\u00e4\u00e4rakennuksen eteen Senaatintorille, jossa promootioy\u00f6 hupentuu puheeseen nousevalle auringolle klo 04.11.<\/p>\n\n\n\n<p>Y\u00f6lkulkueeseen kannattaa varata mukaan l\u00e4mmint\u00e4 vaatetta sek\u00e4 matkaev\u00e4it\u00e4 oman maun mukaan. Vessamahdollisuuksia tarjoavat matkan varrella sijaitsevat yleis\u00f6-WC:t. Kulkueen p\u00e4\u00e4ttyess\u00e4 Senaatintorilta j\u00e4rjestet\u00e4\u00e4n my\u00f6s mahdollisuus k\u00e4yd\u00e4 vessassa yliopiston tiloissa.<\/p>\n\n\n\n<p>Kulkueen j\u00e4lkeen halukkaat voivat viel\u00e4 suunnata promootiojatkoille, joilla on tarjolla viel\u00e4 muutama tunti lis\u00e4\u00e4 promootiohenkisen juhlav\u00e4en seurassa.<\/p>\n\n\n\n<p><strong>Pitk\u00e4 kuvaus:<\/strong><\/p>\n","protected":false},"excerpt":{"rendered":"<p>Floran p\u00e4iv\u00e4 Lyhyt kuvaus: Floran p\u00e4iv\u00e4 on perinteinen ylioppilaiden juhlap\u00e4iv\u00e4. Floran p\u00e4iv\u00e4n\u00e4 filosofisen tiedekunnan promootioon liittyen yleinen seppeleensitoja esitell\u00e4\u00e4n kaikille promovendeille. Floran p\u00e4iv\u00e4 alkaa klo 11.30 kokoontumisella A. I. Virtasen aukiolla, josta jatketaan kulkueena Kumt\u00e4hden kent\u00e4lle. Siell\u00e4 kohotetaan malja kev\u00e4\u00e4lle ja lauletaan ylioppilaiden perinteen mukaisesti Maamme-laulu. Pitk\u00e4 kuvaus: Floran p\u00e4iv\u00e4\u00e4n kuuluvat seuraavat tapahtumat: \u25cf yleisen [&hellip;]<\/p>\n","protected":false},"author":6,"featured_media":0,"parent":0,"menu_order":0,"comment_status":"closed","ping_status":"closed","template":"","meta":{"footnotes":""},"class_list":["post-460","page","type-page","status-publish","hentry"],"_links":{"self":[{"href":"https:\/\/fil-promootio.helsinki.fi\/2022\/wp-json\/wp\/v2\/pages\/460","targetHints":{"allow":["GET"]}}],"collection":[{"href":"https:\/\/fil-promootio.helsinki.fi\/2022\/wp-json\/wp\/v2\/pages"}],"about":[{"href":"https:\/\/fil-promootio.helsinki.fi\/2022\/wp-json\/wp\/v2\/types\/page"}],"author":[{"embeddable":true,"href":"https:\/\/fil-promootio.helsinki.fi\/2022\/wp-json\/wp\/v2\/users\/6"}],"replies":[{"embeddable":true,"href":"https:\/\/fil-promootio.helsinki.fi\/2022\/wp-json\/wp\/v2\/comments?post=460"}],"version-history":[{"count":5,"href":"https:\/\/fil-promootio.helsinki.fi\/2022\/wp-json\/wp\/v2\/pages\/460\/revisions"}],"predecessor-version":[{"id":1310,"href":"https:\/\/fil-promootio.helsinki.fi\/2022\/wp-json\/wp\/v2\/pages\/460\/revisions\/1310"}],"wp:attachment":[{"href":"https:\/\/fil-promootio.helsinki.fi\/2022\/wp-json\/wp\/v2\/media?parent=460"}],"curies":[{"name":"wp","href":"https:\/\/api.w.org\/{rel}","templated":true}]}}