{"id":457,"date":"2021-01-15T19:23:36","date_gmt":"2021-01-15T17:23:36","guid":{"rendered":"https:\/\/fil-promootio.helsinki.fi\/?page_id=457"},"modified":"2021-05-15T11:50:07","modified_gmt":"2021-05-15T08:50:07","slug":"promootiokulttuuri","status":"publish","type":"page","link":"https:\/\/fil-promootio.helsinki.fi\/2022\/promootiokulttuuri\/","title":{"rendered":"Promootiokulttuuri"},"content":{"rendered":"\n<h2 class=\"wp-block-heading\">Historia<\/h2>\n\n\n\n<p>Helsingin yliopiston filosofisen tiedekunnan promootio on osa tuhatvuotista akateemista jatkumoa. Joka promootiossa uusi akateeminen sukupolvi saa oikeuden kantaa uuden oppiarvonsa symboleja. Historiansa aikana promootion ydin on pysynyt hyvin samana, mutta sen erilaiset oheisohjelmat ja juhlallisuudet ovat muuttuneet aikakausien mukana.&nbsp;<\/p>\n\n\n\n<p><strong>Promootio eli akateemisten oppiarvojen juhlava my\u00f6nt\u00e4minen<\/strong> on yht\u00e4 vanha kuin itse yliopistolaitos. Keskiajalla yliopistot olivat osa katolista kirkkoa ja kirkon kieli oli latina. Yliopiston oppikirjat olivat latinankielisi\u00e4 klassikoita Rooman valtakunnan ajalta. Latina oli my\u00f6s ainoa kodifioitu kirjakieli Euroopassa ennen 1600-lukua. Kun yliopistot olivat osa kirkkoa, saivat opettajat ja opiskelijat nauttia pappiss\u00e4\u00e4dyn erioikeuksista, joista nykyinen akateeminen vapaus polveutuu.\u00a0<\/p>\n\n\n\n<p>Ensimm\u00e4isen\u00e4 l\u00e4nsimaisena yliopistona pidet\u00e4\u00e4n syd\u00e4nkeskiajan Bolognan yliopistoa, joka sai keisarilta ja paavilta erioikeuden my\u00f6nt\u00e4\u00e4 akateemisia oppiarvoja. My\u00f6hempi\u00e4 yliopistoja perustettaessa niille usein annettiin Bolognan mallin mukaiset erioikeudet. <strong>Alusta alkaen promootion muodosti juhlava latinankielinen promootioakti<\/strong>, jossa promoottori antoi uusille maistereille oikeuden k\u00e4ytt\u00e4\u00e4 laakeriseppelett\u00e4 (alun perin punainen hattu) ja sormusta akateemisen oppiarvon merkkin\u00e4. Koska yliopistot olivat tiiviisti osa kirkkoa keskiajalla ja kauan sen j\u00e4lkeenkin, aktia seurasi kiitosjumalanpalvelus yliopiston kirkossa. T\u00e4m\u00e4n j\u00e4lkeen oli juhlaillallinen promovoiduille ja kutsuvieraille.\u00a0<\/p>\n\n\n\n<p>Suomeen promootio saapui, kun kenraalikuvern\u00f6\u00f6ri Pehr Brahe perusti Turkuun Ruotsin valtakunnan kolmannen yliopiston vuonna 1640. Promootion perinteet ja rituaalit saivat vaikutteita Pariisin, Prahan ja Uppsalan yliopistoilta. Vuonna 1643 pidettiin Turun kuninkaallisen akatemian ensimm\u00e4inen promootio, jossa promovoitiin kourallinen maistereita. T\u00e4st\u00e4 alkaen promootiota vietettiin Turussa noin nelj\u00e4n vuoden v\u00e4lein, koska promootioita pidettiin vuorovuosin Ruotsin valtakunnan muiden yliopistojen kanssa. Turussa promootioon kuului aktin, jumalanpalveluksen ja illallisten ohella my\u00f6s vaihtuvaa ohjelmaa, kuten erilaisia musiikkin\u00e4yt\u00f6ksi\u00e4, runonlausuntaa ja ylioppilaiden esitt\u00e4mi\u00e4 teatterin\u00e4yt\u00f6ksi\u00e4.&nbsp;<\/p>\n\n\n\n<p>1700-luvulle tultaessa promootioita pyrittiin usein viett\u00e4m\u00e4\u00e4n erilaisten merkkitapahtumien ohessa, kuten hallitsijan vieraillessa Turussa. Samalla latinan kieli alkoi v\u00e4isty\u00e4 juhlarunoista ruotsin kielen tielt\u00e4. Promootioon alettiin tilata varta vasten runoilijoilta promootiorunoja, ja syntyi promootiorunoilijan kunnia-asema. 1800-luvun alkupuolella yliopiston lukuvuoden p\u00e4\u00e4ttymisen juhliminen siirtyi toukokuun alusta toukokuun 13. p\u00e4iv\u00e4n tienoille. Kev\u00e4tjuhlasta kehittyi lopulta Floran p\u00e4iv\u00e4, joka sai nimens\u00e4 antiikin Rooman kev\u00e4\u00e4n ja kukkien jumalattarelta.\u00a0<\/p>\n\n\n\n<p>Promootion kannalta merkitt\u00e4v\u00e4 muutos oli Suomen siirtyminen Ruotsilta Ven\u00e4j\u00e4n vallan alaisuuteen vuonna 1809 ja Turun palo vuonna 1828, mink\u00e4 j\u00e4lkeen keisari Nikolai I siirr\u00e4tti yliopiston Helsinkiin. Ven\u00e4j\u00e4n keisarien kaksinkertaistama yliopiston budjetti ja Suomen vaurastuminen yhdess\u00e4 Pietarin keisarihovin vaikutuksen kanssa kasvattivat promootioista aiempaa juhlavampia ja pitk\u00e4kestoisempia seremonioita. 1800-luvun alussa promootio jakaantui kahtia maisterin ja tohtorin arvojen my\u00f6nt\u00e4miseen ja 50 vuotta aiemmin promovoituja maistereita promovoitiin uudestaan riemumaistereina ensimm\u00e4ist\u00e4 kertaa. 1800-luvun puoliv\u00e4liss\u00e4 promootiossa vihittiin ensimm\u00e4iset kunniatohtorit. Tavaksi tuli my\u00f6s valita Floran p\u00e4iv\u00e4n\u00e4 jonkin filosofisen tiedekunnan professorin tyt\u00e4r yleiseksi seppeleensitojattareksi sitomaan laakeriseppeleet niille maisteripromovendeille, joilla ei omaa seuralaista eli seppeleensitojatarta ollut. Alkujaan kaikki promovendit olivat miehi\u00e4 ja heid\u00e4n seuralaisensa naisia.<\/p>\n\n\n\n<p>Vuosisadan loppua kohden juhla kasvoi kolmip\u00e4iv\u00e4iseksi, kun seppeleensitojaiset kehittyiv\u00e4t t\u00e4ysimittaisiksi illallisiksi ja tanssiaiset siirtyiv\u00e4t pois juhlap\u00e4iv\u00e4llisten iltaohjelmasta seuraavaan p\u00e4iv\u00e4\u00e4n. Samalla tanssiaisp\u00e4iv\u00e4n ohjelmaan syntyi promootioretki, jossa laivalla tai vaunuilla matkattiin luonnon helmaan lounaalle. Tanssiaiset saivat vaikutteita Pietarin keisarihovin tanssiaisista, ja tanssien oheen kehittyi uusia rituaaleja ja ohjelmanumeroita, kuten kunniakannot, tohtorien miekkakuja ja Maccaroni-kulkue. Ennen Suomen valtion ja valtiollisten seremonioiden kehittymist\u00e4 yliopisto ja promootio kokosivat Suomen s\u00e4\u00e4tyl\u00e4isi\u00e4 yhteen, mink\u00e4 vuoksi promootio sai my\u00f6s valtakunnallista huomiota.\u00a0<\/p>\n\n\n\n<p>Ensimm\u00e4isen maailmansodan ja sis\u00e4llissodan j\u00e4lkeen vuonna 1919 vietettiin ensimm\u00e4ist\u00e4 promootiota itsen\u00e4isess\u00e4 Suomessa, miss\u00e4 kunniatohtoriksi vihittiin valtionhoitaja Mannerheim ja yleisen\u00e4 seppeleensitojattarena toimi h\u00e4nen tytt\u00e4rens\u00e4. 1920- ja 1930-luvuilla promootioiden kieli vaihtui suomeksi ja tavaksi vakiintui tilata suomenkielinen ja ruotsinkielinen runo. Samaan aikaan itse promootio perinteen\u00e4 sai osakseen kritiikki\u00e4 kalleutensa takia. Toinen maailmansota merkitsi katkosta promootioissa, ja sodan j\u00e4lkeisen\u00e4 aikana promootioissa pyrittiin palauttamaan sotaa edelt\u00e4neen ajan muodot ja perinteet. 1960- ja 1970-lukujen aikana promootioiden osallistujam\u00e4\u00e4r\u00e4 laski ja perinne sai osakseen kiivastakin kritiikki\u00e4 vanhan maailman porvarillisena hapatuksena.\u00a0<\/p>\n\n\n\n<p>1980-luvulta alkaen promootio koki kuitenkin yhdess\u00e4 muiden akateemisten perinteiden kanssa renessanssin. Vuonna 2014 promootion osallistujam\u00e4\u00e4r\u00e4 kasvoi niin suureksi, ett\u00e4 yliopiston juhlasalista loppui tila kesken.<strong> <\/strong>Promootion suuren suosion vuoksi promootiosykli\u00e4 on 2010-luvun lopulla lyhennetty viett\u00e4m\u00e4ll\u00e4 uusia promootioita, joilla ei ole suoraa edelt\u00e4j\u00e4\u00e4 50 vuoden takana menneisyydess\u00e4.&nbsp;<\/p>\n\n\n\n<p><strong>Maisteripromootio on hyv\u00e4ksytty osaksi Suomen aineettoman kulttuuriperinn\u00f6n luetteloa, sill\u00e4 promootio on <strong>l\u00e4hes 400 vuoden i\u00e4ll\u00e4\u00e4n<\/strong><\/strong> <strong>yksi Suomessa pisimp\u00e4\u00e4n vietettyj\u00e4 ja yh\u00e4 vietett\u00e4vi\u00e4 seremonioita ja juhlia.<\/strong> Kev\u00e4\u00e4ll\u00e4 2022 on vuorossa 99. filosofisen tiedekunnan promootio ja 100. promootio h\u00e4\u00e4m\u00f6tt\u00e4\u00e4 nurkan takana vuodessa 2023.\u00a0<\/p>\n\n\n\n<h2 class=\"wp-block-heading\">J\u00e4rjest\u00e4miseen liittyv\u00e4t perinteet<\/h2>\n\n\n\n<p><strong>Milloin j\u00e4rjestet\u00e4\u00e4n<\/strong><\/p>\n\n\n\n<p>Promootio on loistelias valmistujaisjuhla, joten sen ajankohta on aina ollut akateemisen lukuvuoden lopussa touko-kes\u00e4kuussa. Samalla promootiosta on muodostunut kev\u00e4inen riemujuhla, joka saattelee akateemisen tutkinnon suorittaneet seuraavaan el\u00e4m\u00e4nvaiheeseen komeilla juhlallisuuksilla.&nbsp;<\/p>\n\n\n\n<p><strong>Laulut<\/strong><\/p>\n\n\n\n<p>Akateeminen laulukulttuuri p\u00e4\u00e4see promootiossa esiin monissa eri muodoissaan, joista vanhinta edustaa 1270-luvulta periytyv\u00e4 kansainv\u00e4linen akateemisen maailman tunnuslaulu <em>Gaudeamus igitur<\/em>. Ekumeenisessa kiitosjumalanpalveluksessa on yhten\u00e4 virten\u00e4 alunperin vuoden 1897 promootioon Sibeliuksen s\u00e4velt\u00e4m\u00e4 promootiovirsi <em>Soi kunniaksi Luojan<\/em>, joka nousi suureen suosioon promootioissa ja levisi lopulta Suomen evankelis-luterilaisen kirkon viralliseen virsikirjaan. Promootion eri tapahtumissa, etenkin y\u00f6kulkueessa, kulloisenkin opiskelijasukupolven oma laulukulttuuri p\u00e4\u00e4see \u00e4\u00e4neen \u00f6isell\u00e4 Esplanadilla. Y\u00f6kulkue on perinteisesti p\u00e4\u00e4ttynyt yhteislauluna laulettavaan <em>Teinilauluun<\/em> yliopiston p\u00e4\u00e4rakennuksen edess\u00e4 Senaatintorilla.&nbsp;<\/p>\n\n\n\n<p><strong>N\u00e4yt\u00f6stanssit<\/strong><\/p>\n\n\n\n<p>Promootion tanssiaisten kaksi erikoisuutta ovat 1800-luvulta periytyv\u00e4t n\u00e4yt\u00f6stanssit, joita opetti aikoinaan yliopiston palkkaama tanssimestari, sill\u00e4 tanssi kuului aikakauden seurapiireiss\u00e4 s\u00e4\u00e4tyl\u00e4isten v\u00e4ltt\u00e4m\u00e4tt\u00f6miin selviytymistaitoihin. Halukkaat maisteripromovendit voivat ilmoittautua maisterifranseesiin ja vastaavasti tohtoripromovendit tohtoripoloneesiin. Kumpaakin tanssia varten ilmoittautuneet tanssijat harjoittelevat jo viikkoja etuk\u00e4teen, jotta itse kuviotanssi sujuu Vanhan ylioppilastalon juhlasalissa asiaankuuluvan symmetrisesti. N\u00e4yt\u00f6stanssien symmetrian takia osallistujilla t\u00e4ytyy olla pukukoodin mukainen musta tai valkea puku.\u00a0<\/p>\n\n\n\n<p><strong>Muut tanssit<\/strong><em>\u00a0<\/em><\/p>\n\n\n\n<p>Useimmiten tanssiaisissa on tanssittu yliopistomaailman vuosijuhlissakin tanssittavia tansseja, joista osaa monet ovat tanssineet jo aikoinaan lukion vanhojentansseissa. Viime vuosina on tanssittu mm. poloneesi, mignon eli kehruuvalssi, cicapo eli picador, valssi, pas d\u2019espagne ja pas de quatre. Tanssiaisten muut kuin n\u00e4yt\u00f6stanssit ovat avoimia kaikille tanssiaisten osallistujille, ja n\u00e4iden vapaiden tanssien tanssit my\u00f6s vaihtelevat promootioittain.\u00a0<\/p>\n\n\n\n<p><strong>Matrikkeli<\/strong><\/p>\n\n\n\n<p>Promootiossa promovoitavat henkil\u00f6t kootaan erilliseen matrikkelikirjaan, josta voi viel\u00e4 vuosia my\u00f6hemminkin katsoa, keit\u00e4 kaikkia promovoitiin samassa promootiossa. Matrikkeliin kootaan my\u00f6s esittelyt kunniatohtoreista, riemumaistereista ja \u2011tohtoreista sek\u00e4 100 vuotta sitten promovoiduista henkil\u00f6ist\u00e4.\u00a0<\/p>\n\n\n\n<h2 class=\"wp-block-heading\">Promootion kieli<\/h2>\n\n\n\n<p>Promootion viralliset kielet ovat <strong>suomi, ruotsi ja englanti<\/strong> yliopiston kielistrategian mukaisesti. Viestinn\u00e4n lis\u00e4ksi n\u00e4it\u00e4 kolmea kielt\u00e4 voi kuulla muun muassa promootion puheissa. Puheissa tai esimerkiksi menuissa saattaa n\u00e4ky\u00e4 muitakin kieli\u00e4 toimikunnan tai puhujan valitsemina.&nbsp;<\/p>\n\n\n\n<p>My\u00f6s<strong> latina<\/strong> on promootiolle t\u00e4rke\u00e4 kieli, sill\u00e4 latinankieliset tekstit ovat s\u00e4ilyneet osana seremonioita ja monet promootion tittelit on johdettu latinasta. Latina on merkitt\u00e4v\u00e4ss\u00e4 roolissa etenkin promootioaktissa, joka asettuu osaksi keskiaikaan ja suoraan ensimm\u00e4iseen promootioon Bolognan yliopistossa ulottuvaa jatkumoa. Nyky\u00e4\u00e4n latina on kuollut kieli, eli se ei ole kenenk\u00e4\u00e4n oma kieli ja toimii siten neutraalina yhteiskielen\u00e4 muun muassa yliopistoilla.\u00a0<\/p>\n\n\n\n<p><strong>Promootion tittelien uudistus:<\/strong> Monet promootion tittelit ovat latinankielisi\u00e4 sanoja tai niist\u00e4 johdettuja ja ovat olleet latinan maskuliini- ja feminiinimuotojen takia sukupuolittuneita. T\u00e4st\u00e4 esimerkkein\u00e4 gratisti\/gratista (promootiotoimikunnan puheenjohtaja), primus\/prima (promovendien joukosta valittava, akateemisesti parhaiten menestynyt maisteri tai tohtori), magister\/magistra (maisteri). My\u00f6s suomenkieliset tittelit ovat olleet sukupuolittuneita, esimerkiksi seppeleensitoja(tar) ja miekanhioja(tar).<\/p>\n\n\n\n<p>Vuoden 2022 promootion toimikunta on p\u00e4\u00e4tt\u00e4nyt, ett\u00e4 tulevassa promootiossa titteleist\u00e4 k\u00e4ytet\u00e4\u00e4n kaikkien kohdalla yleisen\u00e4 yhteisen\u00e4 neutraalimuotona sanojen maskuliinimuotoa. Latinan kieless\u00e4 on feminiini- ja maskuliinimuotojen ohella neutrimuoto, mutta sit\u00e4 ei k\u00e4ytet\u00e4 ihmisist\u00e4. Promootiotoimikunta koki, ett\u00e4 bin\u00e4\u00e4risyyteen pohjaavan sukupuolittuneisuuden poistaminen on t\u00e4rke\u00e4 askel osallistujien moninaisuuden huomioinnissa.\u00a0<\/p>\n\n\n\n<p>Maskuliinimuoto valikoitui k\u00e4ytett\u00e4v\u00e4ksi erityisesti Euroopan unionin italian kielen ohjeistuksen perusteella. EU:lla ei ole vastaavaa linjausta latinan kielest\u00e4, sill\u00e4 se ei ole unionin virallinen kieli. Koska italia on kuitenkin latinasta polveutuva romaaninen ja indoeurooppalainen sukupuolij\u00e4rjestelm\u00e4n omaava kieli, on se hyv\u00e4 rinnastus latinalle. My\u00f6s muiden maiden yliopistot k\u00e4ytt\u00e4v\u00e4t latinankielisiss\u00e4 diplomeissaan maskuliinimuotoa.\u00a0<\/p>\n\n\n\n<p>Promootiotoimikunta luopui sukupuoleen viittaavista p\u00e4\u00e4tteist\u00e4 my\u00f6s suomenkielisiss\u00e4 promootiotitteleiss\u00e4.<\/p>\n\n\n\n<h2 class=\"wp-block-heading\">Promootion henkil\u00f6t:<\/h2>\n\n\n\n<p><em>Officiantti:<\/em> Tiedekunnan valitsema promootion toimihenkil\u00f6. Officiantteja ovat promoottori, juhlamenojen ohjaaja ja yliairut.<\/p>\n\n\n\n<ul class=\"wp-block-list\"><li><em>Promoottori: <\/em>Promoottori on promootion korkein arvohenkil\u00f6. H\u00e4n promovoi eli vihkii promootioaktissa promovendit akateemiseen oppiarvoonsa. Promoottorin on itsens\u00e4 oltava promovoitu, jotta h\u00e4n voi promovoida. Promoottori on yleens\u00e4 virkai\u00e4lt\u00e4\u00e4n vanhin professori jossakin filosofisen tiedekunnan tiedekunnista.&nbsp;<\/li><li><em>Juhlamenojen ohjaaja: <\/em>Juhlamenojen ohjaaja sananmukaisesti ohjaa juhlamenoja eli huolehtii promootioaktin ja muiden tapahtumien seremoniallisesta sujuvuudesta.<\/li><li><em>Yliairut: <\/em>Yliairut huolehtii promootiotapahtumien sujuvuudesta yhdess\u00e4 juhlamenojen ohjaajan kanssa ja toimii promootion airuiden johtajana.<\/li><\/ul>\n\n\n\n<p><em>Toimikunta: <\/em>Promootion j\u00e4rjest\u00e4misest\u00e4 vastaa vapaaehtoisty\u00f6n periaatteella toimiva toimikunta, joka muodostuu maisteri- ja tohtoripromovendeista. Toimikuntaa johtaa gratisti.<\/p>\n\n\n\n<ul class=\"wp-block-list\"><li><em>Gratisti<\/em>: Gratisti on promootiotoimikunnan keskuudestaan valitsema puheenjohtaja. Gratistilla on usein yksi tai useampi varagratisti.&nbsp;<\/li><\/ul>\n\n\n\n<p><em>Airuet: <\/em>Perinteen mukaan airuet ovat nuoria ylioppilaita, mutta nyky\u00e4\u00e4n airut voi olla kuka tahansa opiskelija. Airuet toimivat juhlamenojen ohjaajan ja yliairuen apulaisina. Airuiden teht\u00e4viin kuuluu esimerkiksi vieraiden opastaminen sek\u00e4 kunniavartiona toimiminen. Airuen tunnistaa airutnauhasta ja ylioppilaslakista. Promootion airuet edustavat filosofisen tiedekunnan eri tiedekuntia sek\u00e4 Suomen eri maakuntia.&nbsp;<\/p>\n\n\n\n<p><em>Promovendi: <\/em>Promootiossa promovoitava eli oppiarvoonsa vihitt\u00e4v\u00e4 maisteri tai tohtori. Promovendien joukosta valitaan primusmaisteri ja \u2011tohtori sek\u00e4 ultimusmaisteri ja \u2011tohtori: Heille kuuluu tiettyj\u00e4 rituaaleja, kuten puheita.\u00a0<\/p>\n\n\n\n<ul class=\"wp-block-list\"><li><em>Primusmaisteri ja primustohtori: <\/em>Parhaan arvosanan opinn\u00e4ytteest\u00e4\u00e4n saanutta maisteria kutsutaan primusmaisteriksi, tohtoria vastaavasti primustohtoriksi. Primuksen teht\u00e4viin kuuluu vastata maisteri- ja tohtorikysymykseen promootioaktissa.<\/li><li><em>Ultimusmaisteri ja ultimustohtori: <\/em>Toiseksi parhaan arvosanan opinn\u00e4ytteest\u00e4\u00e4n saanutta maisteria kutsutaan ultimusmaisteriksi, tohtoria vastaavasti ultimustohtoriksi.<\/li><\/ul>\n\n\n\n<p><em>Promovendien avecit:&nbsp;<\/em><\/p>\n\n\n\n<ul class=\"wp-block-list\"><li><em>Seppeleensitoja: <\/em>Maisteripromovendin avec. Seppeleensitoja sitoo maisterin laakeriseppeleen lehv\u00e4t seppelepohjaan eli karkaasiin yleisen seppeleensitojan opastuksella seppeleensitojaisissa. Yksin osallistuville maisteripromovendeille seppeleen sitoo yleinen seppeleensitoja apulaisineen.<\/li><li><em>Miekanhioja: <\/em>Tohtoripromovendin avec. Nimityksest\u00e4\u00e4n huolimatta miekanhioja ei joudu hiomateht\u00e4viin<em> <\/em>primustohtorin avecia lukuunottamatta.<\/li><\/ul>\n\n\n\n<p><em>Yleinen seppeleensitoja: <\/em>Floran p\u00e4iv\u00e4n\u00e4 eli 13. toukokuuta promovendit kokoontuvat aamulla valitsemaan promootiolle yleist\u00e4 seppeleensitojaa. Yleisen seppeleensitojan teht\u00e4viin kuuluu muun muassa maisterinseppeleiden valmistuksen valvominen. Yleiseksi seppeleensitojaksi voidaan valita filosofisen tiedekunnan professorin tai muun arvostetun henkil\u00f6n lapsi. Seppeleensitoja symboloi kev\u00e4tt\u00e4, nuoruutta ja uskoa tulevaisuuteen.&nbsp;<\/p>\n\n\n\n<p><em>Kunniatohtorit:<\/em> Promootiossa filosofinen tiedekunta promovoi my\u00f6s kunniatohtoreita. Filosofinen tiedekunta voi my\u00f6nt\u00e4\u00e4 kunniatohtorin arvon kenelle tahansa tarpeeksi ansioituneeksi katsomalleen henkil\u00f6lle riippumatta t\u00e4m\u00e4n koulutustaustasta.&nbsp;<\/p>\n\n\n\n<p><em>Riemumaisterit ja riemutohtorit:<\/em> Promootiossa 50 vuotta sitten promovoidut maisterit ja tohtorit vihit\u00e4\u00e4n riemumaistereiksi ja \u2011tohtoreiksi. Kev\u00e4\u00e4n 2022 promootiolla ei ole suoraa riemupromootiota 50 vuotta aikaisemmin, vaan riemut ovat vuosien 1969 ja 1971 v\u00e4lill\u00e4 valmistuneita, vuoden 1973 promootiossa promovoituja.\u00a0<\/p>\n\n\n\n<p><em>Promootiorunoilija<\/em>: Promootioon on aktin j\u00e4lkeisill\u00e4 illallisilla esitett\u00e4v\u00e4ksi tilattu perinteisesti erityinen uusi juhlaruno. 1900-luvun alusta l\u00e4htien tapana on ollut tilata sek\u00e4 suomenkielinen ett\u00e4 ruotsinkielinen runo, kumpikin omalta runoilijaltaan. Toimikunnan runon kirjoittajaksi valitsemaa runoilijaa kutsutaan promootiorunoilijaksi. Vuoden 2021 promootiotoimikunta p\u00e4\u00e4tti olla tilaamatta uusia runoja. Ohjelmassa on aikaisempien vuosisatojen promootiorunojen uudelleenesityksi\u00e4.\u00a0<\/p>\n","protected":false},"excerpt":{"rendered":"<p>Historia Helsingin yliopiston filosofisen tiedekunnan promootio on osa tuhatvuotista akateemista jatkumoa. Joka promootiossa uusi akateeminen sukupolvi saa oikeuden kantaa uuden oppiarvonsa symboleja. Historiansa aikana promootion ydin on pysynyt hyvin samana, mutta sen erilaiset oheisohjelmat ja juhlallisuudet ovat muuttuneet aikakausien mukana.&nbsp; Promootio eli akateemisten oppiarvojen juhlava my\u00f6nt\u00e4minen on yht\u00e4 vanha kuin itse yliopistolaitos. Keskiajalla yliopistot olivat [&hellip;]<\/p>\n","protected":false},"author":6,"featured_media":0,"parent":0,"menu_order":0,"comment_status":"closed","ping_status":"closed","template":"","meta":{"footnotes":""},"class_list":["post-457","page","type-page","status-publish","hentry"],"_links":{"self":[{"href":"https:\/\/fil-promootio.helsinki.fi\/2022\/wp-json\/wp\/v2\/pages\/457","targetHints":{"allow":["GET"]}}],"collection":[{"href":"https:\/\/fil-promootio.helsinki.fi\/2022\/wp-json\/wp\/v2\/pages"}],"about":[{"href":"https:\/\/fil-promootio.helsinki.fi\/2022\/wp-json\/wp\/v2\/types\/page"}],"author":[{"embeddable":true,"href":"https:\/\/fil-promootio.helsinki.fi\/2022\/wp-json\/wp\/v2\/users\/6"}],"replies":[{"embeddable":true,"href":"https:\/\/fil-promootio.helsinki.fi\/2022\/wp-json\/wp\/v2\/comments?post=457"}],"version-history":[{"count":2,"href":"https:\/\/fil-promootio.helsinki.fi\/2022\/wp-json\/wp\/v2\/pages\/457\/revisions"}],"predecessor-version":[{"id":645,"href":"https:\/\/fil-promootio.helsinki.fi\/2022\/wp-json\/wp\/v2\/pages\/457\/revisions\/645"}],"wp:attachment":[{"href":"https:\/\/fil-promootio.helsinki.fi\/2022\/wp-json\/wp\/v2\/media?parent=457"}],"curies":[{"name":"wp","href":"https:\/\/api.w.org\/{rel}","templated":true}]}}