{"id":454,"date":"2021-01-15T19:22:05","date_gmt":"2021-01-15T17:22:05","guid":{"rendered":"https:\/\/fil-promootio.helsinki.fi\/?page_id=454"},"modified":"2022-03-24T16:16:42","modified_gmt":"2022-03-24T14:16:42","slug":"hinta","status":"publish","type":"page","link":"https:\/\/fil-promootio.helsinki.fi\/2022\/hinta\/","title":{"rendered":"Hinta"},"content":{"rendered":"\n<p>Promootio on juhlana ainutkertainen. Se on monip\u00e4iv\u00e4isen\u00e4 tapahtumana ikimuistoinen tapa juhlia saavutettua tutkintoa ja yhden el\u00e4m\u00e4nvaiheen p\u00e4\u00e4ttymist\u00e4. Osallistujamaksut kattavat alle puolet promootion kustannuksista, ja budjetin merkitt\u00e4v\u00e4n\u00e4 osana on tiedekuntien my\u00f6nt\u00e4m\u00e4 avustus promootion j\u00e4rjest\u00e4miseen. T\u00e4m\u00e4n lis\u00e4ksi promootion tukijoiksi haetaan aktiivisesti yrityksi\u00e4 ja yhteis\u00f6j\u00e4.<\/p>\n\n\n\n<p><strong>Osallistumismaksut<\/strong><\/p>\n\n\n\n<p>Promootion osallistumismaksu sis\u00e4lt\u00e4\u00e4 kolmen p\u00e4iv\u00e4n juhlallisuudet, joihin kuuluu esimerkiksi kaksi juhlallista illallista, tanssiaiset buffet-illallisineen, promootioretken sek\u00e4 promootiomatrikkelin. Promootioon voi osallistua yksin (<em>solo<\/em>) tai seuralaisen kanssa (<em>avec<\/em>). Avec voi olla esimerkiksi yst\u00e4v\u00e4, kumppani tai perheenj\u00e4sen.<\/p>\n\n\n\n<p>Promootioon yksin osallistuvan promovoitavan, <em>solo promovendin<\/em>, osallistujamaksu on 300 euroa.<\/p>\n\n\n\n<p>Promootioon voi osallistua my\u00f6s avecin kanssa, jolloin osallistujamaksu on yhteens\u00e4 500 euroa. Mik\u00e4li molemmat promovoidaan, kumpikin maksaa yksin osallistuvan promovendin maksun, joka on 300 euroa.<\/p>\n\n\n\n<p>Promovendin on my\u00f6s mahdollista osallistua ainoastaan promootioaktiin ja aktiharjoitukseen. T\u00e4ll\u00f6in osallistujamaksu on 100 euroa yksin tai avecin kanssa ja sis\u00e4lt\u00e4\u00e4 my\u00f6s promootiomatrikkelin.<\/p>\n\n\n\n<p>Promootioon voi osallistua my\u00f6s poissaolevana (<em>absens<\/em>), jolloin promovendi saa oikeuden k\u00e4ytt\u00e4\u00e4 arvonsa mukaisia akateemisia arvomerkkej\u00e4 sek\u00e4 nimens\u00e4 ja tietonsa promootiomatrikkeliin. Poissaolevana osallistuvalta osallistumismaksu on 100 euroa ja sis\u00e4lt\u00e4\u00e4 my\u00f6s promootiomatrikkelin.<\/p>\n\n\n\n<p>Floran p\u00e4iv\u00e4n lounas ei sis\u00e4lly promootion varsinaiseen osallistumismaksuun, vaan se maksetaan erikseen. Floran p\u00e4iv\u00e4n lounaan osallistumismaksu on 70 euroa. Muihin Floran p\u00e4iv\u00e4n tapahtumiin on mahdollista osallistua veloituksetta.<\/p>\n\n\n\n<p><strong>Muut promootioon osallistumiseen liittyv\u00e4t kustannukset<\/strong><\/p>\n\n\n\n<p>Huomioithan, ett\u00e4 promootioon osallistumisesta syntyy my\u00f6s muita kustannuksia erityisesti pukukoodin sek\u00e4 akateemisten arvomerkkien hankkimisen vuoksi. Lue tarkemmat ohjeet <a href=\"https:\/\/fil-promo-22.it.helsinki.fi\/2022\/arvomerkit\/\" data-type=\"page\" data-id=\"475\">arvomerkkeihin<\/a> ja <a href=\"https:\/\/fil-promo-22.it.helsinki.fi\/2022\/pukeutuminen-ja-etiketti\/\" data-type=\"page\" data-id=\"469\">pukeutumiseen<\/a> liittyen.<\/p>\n\n\n\n<p>Suosittelemme l\u00e4mpim\u00e4sti tutustumaan my\u00f6s <a href=\"https:\/\/www.facebook.com\/groups\/1673660669534202\">Promootiot kierr\u00e4tt\u00e4\u00e4<\/a> -Facebook-ryhm\u00e4\u00e4n!<\/p>\n","protected":false},"excerpt":{"rendered":"<p>Promootio on juhlana ainutkertainen. Se on monip\u00e4iv\u00e4isen\u00e4 tapahtumana ikimuistoinen tapa juhlia saavutettua tutkintoa ja yhden el\u00e4m\u00e4nvaiheen p\u00e4\u00e4ttymist\u00e4. Osallistujamaksut kattavat alle puolet promootion kustannuksista, ja budjetin merkitt\u00e4v\u00e4n\u00e4 osana on tiedekuntien my\u00f6nt\u00e4m\u00e4 avustus promootion j\u00e4rjest\u00e4miseen. T\u00e4m\u00e4n lis\u00e4ksi promootion tukijoiksi haetaan aktiivisesti yrityksi\u00e4 ja yhteis\u00f6j\u00e4. Osallistumismaksut Promootion osallistumismaksu sis\u00e4lt\u00e4\u00e4 kolmen p\u00e4iv\u00e4n juhlallisuudet, joihin kuuluu esimerkiksi kaksi juhlallista illallista, [&hellip;]<\/p>\n","protected":false},"author":6,"featured_media":0,"parent":0,"menu_order":0,"comment_status":"closed","ping_status":"closed","template":"","meta":{"footnotes":""},"class_list":["post-454","page","type-page","status-publish","hentry"],"_links":{"self":[{"href":"https:\/\/fil-promootio.helsinki.fi\/2022\/wp-json\/wp\/v2\/pages\/454","targetHints":{"allow":["GET"]}}],"collection":[{"href":"https:\/\/fil-promootio.helsinki.fi\/2022\/wp-json\/wp\/v2\/pages"}],"about":[{"href":"https:\/\/fil-promootio.helsinki.fi\/2022\/wp-json\/wp\/v2\/types\/page"}],"author":[{"embeddable":true,"href":"https:\/\/fil-promootio.helsinki.fi\/2022\/wp-json\/wp\/v2\/users\/6"}],"replies":[{"embeddable":true,"href":"https:\/\/fil-promootio.helsinki.fi\/2022\/wp-json\/wp\/v2\/comments?post=454"}],"version-history":[{"count":5,"href":"https:\/\/fil-promootio.helsinki.fi\/2022\/wp-json\/wp\/v2\/pages\/454\/revisions"}],"predecessor-version":[{"id":1247,"href":"https:\/\/fil-promootio.helsinki.fi\/2022\/wp-json\/wp\/v2\/pages\/454\/revisions\/1247"}],"wp:attachment":[{"href":"https:\/\/fil-promootio.helsinki.fi\/2022\/wp-json\/wp\/v2\/media?parent=454"}],"curies":[{"name":"wp","href":"https:\/\/api.w.org\/{rel}","templated":true}]}}