{"id":448,"date":"2021-01-15T19:20:13","date_gmt":"2021-01-15T17:20:13","guid":{"rendered":"https:\/\/fil-promootio.helsinki.fi\/?page_id=448"},"modified":"2022-03-03T14:33:04","modified_gmt":"2022-03-03T12:33:04","slug":"mika-on-promootio","status":"publish","type":"page","link":"https:\/\/fil-promootio.helsinki.fi\/2022\/mika-on-promootio\/","title":{"rendered":"Mik\u00e4 on promootio?"},"content":{"rendered":"\n<p>Promootio on ainutlaatuinen monip\u00e4iv\u00e4inen valmistujaisjuhla, jossa maisterit ja tohtorit p\u00e4\u00e4sev\u00e4t juhlimaan suorittamiaan tutkintoja upeissa puitteissa koko yliopistoyhteis\u00f6n kanssa. Osallistumalla promootioon promovendit saavat oikeuden k\u00e4ytt\u00e4\u00e4 akateemisen arvonsa merkkej\u00e4 eli maisterit maisterinseppelett\u00e4 ja -sormusta ja tohtorit tohtorinhattua ja -miekkaa.&nbsp;<\/p>\n\n\n\n<p>Promootiossa yhdistyv\u00e4t nykyhetki ja ajattomuus sek\u00e4 riemukas ja arvokas juhlinta. Ensimm\u00e4inen filosofisen tiedekunnan promootio j\u00e4rjestettiin jo vuonna 1643. Se on Suomen akateemisista juhlista vanhin ja listattu osaksi kansallista el\u00e4v\u00e4\u00e4 kulttuuriperint\u00f6\u00e4.&nbsp;<\/p>\n\n\n\n<p>Promootio on kolme p\u00e4iv\u00e4\u00e4 iloista ja intensiivist\u00e4 el\u00e4mist\u00e4 ja juhlaa, joka pit\u00e4\u00e4 sis\u00e4ll\u00e4\u00e4n kaikkea upeista illallisista auringonnousuun p\u00e4\u00e4ttyv\u00e4\u00e4n y\u00f6kulkueeseen. Promootio on kokemuksena unohtumaton, ja se tarjoaa viel\u00e4 yhden, hyvin ansaitun mahdollisuuden juhlistaa opiskeluvuosia.&nbsp;<\/p>\n\n\n\n<p>Lue tarkemmin promootion historiasta, henkil\u00f6ist\u00e4 ja perinteist\u00e4 <a href=\"https:\/\/fil-promo-22.it.helsinki.fi\/2022\/promootiokulttuuri\/\" data-type=\"page\" data-id=\"457\">t\u00e4\u00e4lt\u00e4<\/a>. Kuvaukset promootion eri osatapahtumista l\u00f6yd\u00e4t <a href=\"https:\/\/fil-promo-22.it.helsinki.fi\/2022\/osatapahtumat\/\" data-type=\"page\" data-id=\"460\">t\u00e4\u00e4lt\u00e4<\/a>. V\u00e4l\u00e4yksi\u00e4 edellisen filosofisen tiedekunnan promootion tunnelmista voit n\u00e4hd\u00e4 oheiselta koostevideolta.<\/p>\n\n\n\n<figure class=\"wp-block-embed is-type-video is-provider-youtube wp-block-embed-youtube wp-embed-aspect-16-9 wp-has-aspect-ratio\"><div class=\"wp-block-embed__wrapper\">\n<iframe loading=\"lazy\" title=\"Filpro19 \u2013 Aftermovie\" width=\"580\" height=\"326\" src=\"https:\/\/www.youtube.com\/embed\/Wk-LWj9O4f8?feature=oembed\" frameborder=\"0\" allow=\"accelerometer; autoplay; clipboard-write; encrypted-media; gyroscope; picture-in-picture; web-share\" referrerpolicy=\"strict-origin-when-cross-origin\" allowfullscreen><\/iframe>\n<\/div><\/figure>\n\n\n\n<p>Helsingin yliopiston filosofinen tiedekunta viett\u00e4\u00e4 seuraavaa maisteri- ja tohtoripromootiotaan toukokuussa 2022. Ilmoittautuminen on auki 7.3.2022 klo 23.59 asti <a href=\"https:\/\/fil-promo-22.it.helsinki.fi\/2022\/ilmoittautuminen\/\">t\u00e4\u00e4ll\u00e4<\/a>.<\/p>\n","protected":false},"excerpt":{"rendered":"<p>Promootio on ainutlaatuinen monip\u00e4iv\u00e4inen valmistujaisjuhla, jossa maisterit ja tohtorit p\u00e4\u00e4sev\u00e4t juhlimaan suorittamiaan tutkintoja upeissa puitteissa koko yliopistoyhteis\u00f6n kanssa. Osallistumalla promootioon promovendit saavat oikeuden k\u00e4ytt\u00e4\u00e4 akateemisen arvonsa merkkej\u00e4 eli maisterit maisterinseppelett\u00e4 ja -sormusta ja tohtorit tohtorinhattua ja -miekkaa.&nbsp; Promootiossa yhdistyv\u00e4t nykyhetki ja ajattomuus sek\u00e4 riemukas ja arvokas juhlinta. Ensimm\u00e4inen filosofisen tiedekunnan promootio j\u00e4rjestettiin jo vuonna 1643. [&hellip;]<\/p>\n","protected":false},"author":6,"featured_media":0,"parent":0,"menu_order":0,"comment_status":"closed","ping_status":"closed","template":"","meta":{"footnotes":""},"class_list":["post-448","page","type-page","status-publish","hentry"],"_links":{"self":[{"href":"https:\/\/fil-promootio.helsinki.fi\/2022\/wp-json\/wp\/v2\/pages\/448","targetHints":{"allow":["GET"]}}],"collection":[{"href":"https:\/\/fil-promootio.helsinki.fi\/2022\/wp-json\/wp\/v2\/pages"}],"about":[{"href":"https:\/\/fil-promootio.helsinki.fi\/2022\/wp-json\/wp\/v2\/types\/page"}],"author":[{"embeddable":true,"href":"https:\/\/fil-promootio.helsinki.fi\/2022\/wp-json\/wp\/v2\/users\/6"}],"replies":[{"embeddable":true,"href":"https:\/\/fil-promootio.helsinki.fi\/2022\/wp-json\/wp\/v2\/comments?post=448"}],"version-history":[{"count":5,"href":"https:\/\/fil-promootio.helsinki.fi\/2022\/wp-json\/wp\/v2\/pages\/448\/revisions"}],"predecessor-version":[{"id":1117,"href":"https:\/\/fil-promootio.helsinki.fi\/2022\/wp-json\/wp\/v2\/pages\/448\/revisions\/1117"}],"wp:attachment":[{"href":"https:\/\/fil-promootio.helsinki.fi\/2022\/wp-json\/wp\/v2\/media?parent=448"}],"curies":[{"name":"wp","href":"https:\/\/api.w.org\/{rel}","templated":true}]}}