{"id":1355,"date":"2022-05-27T16:13:50","date_gmt":"2022-05-27T13:13:50","guid":{"rendered":"https:\/\/fil-promootio.helsinki.fi\/?page_id=1355"},"modified":"2022-05-27T16:23:11","modified_gmt":"2022-05-27T13:23:11","slug":"kunniatohtorit","status":"publish","type":"page","link":"https:\/\/fil-promootio.helsinki.fi\/2022\/kunniatohtorit\/","title":{"rendered":"Kunniatohtorit"},"content":{"rendered":"\n<p><strong>MIKA ANTTONEN<\/strong><\/p>\n\n\n\n<figure class=\"wp-block-image size-large\"><img loading=\"lazy\" decoding=\"async\" width=\"1277\" height=\"853\" src=\"https:\/\/fil-promo-22.it.helsinki.fi\/2022\/wp-content\/uploads\/sites\/3\/2022\/05\/Mika-Anttonen-pienempi-kuva.jpg\" alt=\"\" class=\"wp-image-1359\" srcset=\"https:\/\/fil-promootio.helsinki.fi\/2022\/wp-content\/uploads\/sites\/3\/2022\/05\/Mika-Anttonen-pienempi-kuva.jpg 1277w, https:\/\/fil-promootio.helsinki.fi\/2022\/wp-content\/uploads\/sites\/3\/2022\/05\/Mika-Anttonen-pienempi-kuva-600x401.jpg 600w, https:\/\/fil-promootio.helsinki.fi\/2022\/wp-content\/uploads\/sites\/3\/2022\/05\/Mika-Anttonen-pienempi-kuva-900x601.jpg 900w, https:\/\/fil-promootio.helsinki.fi\/2022\/wp-content\/uploads\/sites\/3\/2022\/05\/Mika-Anttonen-pienempi-kuva-768x513.jpg 768w, https:\/\/fil-promootio.helsinki.fi\/2022\/wp-content\/uploads\/sites\/3\/2022\/05\/Mika-Anttonen-pienempi-kuva-1200x802.jpg 1200w\" sizes=\"auto, (max-width: 1277px) 100vw, 1277px\" \/><\/figure>\n\n\n\n<p><\/p>\n\n\n\n<p>Diplomi-insin\u00f6\u00f6ri Mika Anttonen on energiakonserni St1 Nordic Oy:n hallituksen puheenjohtaja ja p\u00e4\u00e4omistaja. H\u00e4n on perehtynyt syv\u00e4llisesti energia-alan kokonaiskuvaan ja h\u00e4nell\u00e4 on aito halu l\u00f6yt\u00e4\u00e4 ratkaisuja globaaleihin energiahaasteisiin sek\u00e4 edist\u00e4\u00e4 kest\u00e4v\u00e4\u00e4 hiilikiertoa. <\/p>\n\n\n\n<p>Anttonen uskoo, ett\u00e4 energiatransitio ei tapahdu ilman innovaatioita ja ett\u00e4 niiden kokeilu vaatii k\u00e4rsiv\u00e4llisyytt\u00e4 ja usein merkitt\u00e4v\u00e4\u00e4 tutkimus- ja kehitysty\u00f6budjettia. Tulosten aikaan saaminen edellytt\u00e4\u00e4 my\u00f6s hyvi\u00e4 kumppanuuksia ja yhteisty\u00f6t\u00e4 eri aloilla. Nelj\u00e4ss\u00e4 maassa toimiva St1 haluaa n\u00e4ytt\u00e4\u00e4 omalla toiminnallaan esimerkki\u00e4 siit\u00e4, ett\u00e4 energiayhti\u00f6iden on n\u00e4ytett\u00e4v\u00e4 johtajuutta skaalautuvien uusien kest\u00e4vien energiaratkaisujen rohkeassa edist\u00e4misess\u00e4 ja kehitt\u00e4misess\u00e4. <\/p>\n\n\n\n<p>Anttonen per\u00e4\u00e4nkuuluttaa globaalia sitoutumista tieteelliseen tutkimukseen perustuvaan tiekarttaan, joka m\u00e4\u00e4rittelisi pakolliset toimenpiteet ja niiden j\u00e4rjestyksen ilmakeh\u00e4n hiilidioksidipitoisuuden v\u00e4hent\u00e4miseksi. Osana t\u00e4t\u00e4 tarvitaan my\u00f6s p\u00e4\u00e4st\u00f6v\u00e4hennysten standardoitu laskentamalli toimenpiteiden todellisten vaikutusten todentamiseksi. <\/p>\n\n\n\n<p>Yksi tehokkaimmista tavoista v\u00e4hent\u00e4\u00e4 hiilen m\u00e4\u00e4r\u00e4\u00e4 ilmakeh\u00e4ss\u00e4 on hiilinielujen luominen metsitt\u00e4m\u00e4ll\u00e4. Anttonen onkin tuonut voimakkaasti esille tarvetta lis\u00e4t\u00e4 metsien m\u00e4\u00e4r\u00e4\u00e4 ja St1 pilotoi kest\u00e4v\u00e4\u00e4 hiilensidontaa metsitt\u00e4m\u00e4ll\u00e4 Marokossa. Yhteisty\u00f6 Helsingin yliopiston Ilmakeh\u00e4tieteiden keskuksen INARin professori Markku Kulmalan johtamassa metsien kokonaisilmastovaikutuksen mittausmenetelm\u00e4n tutkimushankkeessa on ollut erinomainen esimerkki yritysten ja tiedemaailman yhteisist\u00e4 pyrkimyksist\u00e4 v\u00e4hent\u00e4\u00e4 hiilidioksidia ilmakeh\u00e4st\u00e4.<\/p>\n\n\n\n<p><strong>B. ROSEMARY GRANT<\/strong><\/p>\n\n\n\n<figure class=\"wp-block-image size-large\"><img loading=\"lazy\" decoding=\"async\" width=\"240\" height=\"242\" src=\"https:\/\/fil-promo-22.it.helsinki.fi\/2022\/wp-content\/uploads\/sites\/3\/2022\/05\/Rosemary-Grant.jpeg\" alt=\"\" class=\"wp-image-1360\" srcset=\"https:\/\/fil-promootio.helsinki.fi\/2022\/wp-content\/uploads\/sites\/3\/2022\/05\/Rosemary-Grant.jpeg 240w, https:\/\/fil-promootio.helsinki.fi\/2022\/wp-content\/uploads\/sites\/3\/2022\/05\/Rosemary-Grant-150x150.jpeg 150w\" sizes=\"auto, (max-width: 240px) 100vw, 240px\" \/><\/figure>\n\n\n\n<p><\/p>\n\n\n\n<p>Rosemary Grant is a senior research biologist, emeritus, in ecology and<br>evolutionary biology at Princeton University. Together with her husband<br>Peter Grant, she has studied the interplay of genetics, ecology, and<br>behavior on questions concerning evolution, and specifically on how new<br>species form. Her study system is the radiation of Darwin\u2019s finches in the<br>Gal\u00e1pagos archipelago. Results from the research on small islands in a<br>natural state unaffected by humans have widespread implications. These<br>range from how, when, and why species multiply to problems concerned<br>with our planet\u2019s deteriorating biodiversity and extending into the fields of<br>agriculture and medical science, particularly cancer research. The research<br>provides a valuable parallel to the intensive field studies of the Glanville<br>fritillary butterfly (Melitaea cinxia) in the network of 4000 small meadows in the \u00c5land islands carried out by the late Finnish biologist Ilkka Hanski.<\/p>\n\n\n\n<p><strong>JAANA KAPARI-JATTA<\/strong><\/p>\n\n\n\n<figure class=\"wp-block-image size-large is-resized\"><img loading=\"lazy\" decoding=\"async\" src=\"https:\/\/fil-promo-22.it.helsinki.fi\/2022\/wp-content\/uploads\/sites\/3\/2022\/05\/Jaana-Kapari-Jatta.jpg\" alt=\"\" class=\"wp-image-1361\" width=\"549\" height=\"732\" srcset=\"https:\/\/fil-promootio.helsinki.fi\/2022\/wp-content\/uploads\/sites\/3\/2022\/05\/Jaana-Kapari-Jatta.jpg 960w, https:\/\/fil-promootio.helsinki.fi\/2022\/wp-content\/uploads\/sites\/3\/2022\/05\/Jaana-Kapari-Jatta-450x600.jpg 450w, https:\/\/fil-promootio.helsinki.fi\/2022\/wp-content\/uploads\/sites\/3\/2022\/05\/Jaana-Kapari-Jatta-675x900.jpg 675w, https:\/\/fil-promootio.helsinki.fi\/2022\/wp-content\/uploads\/sites\/3\/2022\/05\/Jaana-Kapari-Jatta-768x1024.jpg 768w\" sizes=\"auto, (max-width: 549px) 100vw, 549px\" \/><\/figure>\n\n\n\n<p><\/p>\n\n\n\n<p>Jaana Marjatta Kapari-Jatta, syntynyt Turussa 1955. Vanhemmat lehtori Inkeri Kapari ja FM Pekka Kapari. Valmistui ylioppilaaksi M\u00e4kel\u00e4nrinteen yhteiskoulusta 1974. Fysiikan opintoja Helsingin yliopistossa, talousmaantieteen opintoja Helsingin Kauppakorkeakoulussa. Lis\u00e4ksi k\u00e4ynyt Helsingin yliopistolla Kristiina Rikmanin suomennoskurssin olematta kuitenkaan kirjoilla yliopistossa. Aloittanut kirjallisuuden suomentajana vuonna 1988. Suomennettuja teoksia t\u00e4h\u00e4n menness\u00e4 noin 180. Tuotanto painottuu lasten- ja nuortenkirjallisuuteen. On suomentanut muiden muassa seuraavien kirjailijoiden teoksia: J. K. Rowling, Dav Pilkey, Jessica Townsend, David Walliams, Sam Copeland, Shaun Tan, Ian Whybrow, Roddy Doyle, Edgar Allan Poe, Oscar Wilde ja Virginia Woolf. H\u00e4n on my\u00f6s kirjoittanut kirjan Pollomuhku ja Posityyhtynen, jossa kertoo Harry Potter -kirjojen suomentamisesta. H\u00e4nelle on my\u00f6nnetty WSOY:n tunnustuspalkinto 2001, Kansainv\u00e4lisen k\u00e4\u00e4nt\u00e4jien liiton Astrid Lindgren -palkinto 2002, Lastenkulttuurin valtionpalkinto 2007, J. A. Hollo -palkinto 2014 ja Helsingin Suomalaisen Klubin tunnustuspalkinto 2020. Vuonna 2017 h\u00e4nelle my\u00f6nnettiin Pro Finlandia -mitali ja vuonna 2019 taitelijael\u00e4ke.<\/p>\n\n\n\n<p><strong>HERBERT MARSH<\/strong><\/p>\n\n\n\n<figure class=\"wp-block-image size-large\"><img loading=\"lazy\" decoding=\"async\" width=\"1280\" height=\"719\" src=\"https:\/\/fil-promo-22.it.helsinki.fi\/2022\/wp-content\/uploads\/sites\/3\/2022\/05\/Herb-Marsh-thumbnail_image001.png\" alt=\"\" class=\"wp-image-1363\" srcset=\"https:\/\/fil-promootio.helsinki.fi\/2022\/wp-content\/uploads\/sites\/3\/2022\/05\/Herb-Marsh-thumbnail_image001.png 1280w, https:\/\/fil-promootio.helsinki.fi\/2022\/wp-content\/uploads\/sites\/3\/2022\/05\/Herb-Marsh-thumbnail_image001-600x337.png 600w, https:\/\/fil-promootio.helsinki.fi\/2022\/wp-content\/uploads\/sites\/3\/2022\/05\/Herb-Marsh-thumbnail_image001-900x506.png 900w, https:\/\/fil-promootio.helsinki.fi\/2022\/wp-content\/uploads\/sites\/3\/2022\/05\/Herb-Marsh-thumbnail_image001-768x431.png 768w, https:\/\/fil-promootio.helsinki.fi\/2022\/wp-content\/uploads\/sites\/3\/2022\/05\/Herb-Marsh-thumbnail_image001-1200x674.png 1200w\" sizes=\"auto, (max-width: 1280px) 100vw, 1280px\" \/><\/figure>\n\n\n\n<p>Herb Marsh (PhD, DSc) is a Professor of Educational Psychology at the Institute for Positive Psychology and Education, Australian Catholic University,&nbsp;33 Berry Street, North Sydney 2060 (<a rel=\"noreferrer noopener\" href=\"mailto:Herb.Marsh@acu.edu.au\" target=\"_blank\">Herb.Marsh@acu.edu.au<\/a>,&nbsp;ORCID ID:&nbsp;<a rel=\"noreferrer noopener\" href=\"https:\/\/orcid.org\/0000-0002-1078-9717\" target=\"_blank\">0000-0002-1078-9717<\/a>).&nbsp;He coined the phrase substantive-methodological research synergy, which underpins his substantive and methodological research interests\u2014including multilevel and structural equation modeling in relation to&nbsp;self-concept and well-being, evaluations of teaching\/educational effectiveness, peer review, bullying,&nbsp;and gender issues.&nbsp;In 2020 and again in 2021, Professor Marsh was recognized as the highest-ranked educational researcher in the world compared to a cohort of 75,000+ educational researchers for both total career and calendar year citrations&nbsp;(<a rel=\"noreferrer noopener\" href=\"https:\/\/doi.org\/10.1371\/journal.%20pbio.3000918\" target=\"_blank\">https:\/\/doi.org\/10.1371\/journal. pbio.3000918<\/a>). He founded and has served as Director for 25 years of the International Self-concept Enhancement and Learning Facilitation (SELF) Research Centre which has 500+ members and satellite centres at leading universities worldwide. He co-edited 9 volumes of the SELF monograph series and co-convened 10 SELF conferences.<\/p>\n\n\n\n<p><strong>THOMAS RADES<\/strong><\/p>\n\n\n\n<p>Thomas Rades\u2019 whole research career has always focused on improving drug delivery systems. The exact topics of course have shifted over the years, and span from colloidal delivery systems (including liposomal and other liquid crystalline systems, and polymeric and lipid nanoparticles) to solid state dosage forms, including polymorphic drugs and amorphous drug delivery systems. The work is strongly based on a physicochemical underpinning of these formulations, and a deep analytical characterization of such systems. Work in recent years has increasingly used thermal analytical, diffractometric, and spectroscopic methods, both quantitatively and structurally. An additional focus has always been the preparative aspects of such enabling formulations, including technologies such as spray drying, melt extrusion, mechano-chemical activation, tabletting, and encapsulation. Rades had many research and teaching links to the University of Helsinki and has co-authored 44 publications affiliated with the University, including with esteemed coauthors such as J. Yliruusi, J. Hein\u00e4m\u00e4ki, C. Strachan, L. Peltonen, J. Aaltonen, S. Svanb\u00e4ck, S. Hietala, and H. Tenhu. He had the privilege to serve as a PhD opponent on several occasions and has collaborated on joint international grants and networks and supported other applications such as for the Academy of Finland. A specific pleasure is to teach as a guest teacher in courses at the Faculty of Pharmacy, such as several times in the Solid State Analysis of Pharmaceutics advanced level course. Rades has hosted and sent many PhD researchers and postdocs between the Faculty and his department over many years, to the mutual benefit of all involved.<\/p>\n\n\n\n<p><strong>ANTTI TUURI<\/strong><\/p>\n\n\n\n<figure class=\"wp-block-image size-large\"><img decoding=\"async\" src=\"https:\/\/fil-promo-22.it.helsinki.fi\/2022\/wp-content\/uploads\/sites\/3\/2022\/05\/Antti-Tuuri-kuva-Jouni-Harala-Otava-1-1600x1067.jpg\" alt=\"\" class=\"wp-image-1365\"\/><figcaption>Kuva Jouni Harala, Otava.<\/figcaption><\/figure>\n\n\n\n<p>Antti Tuuri syntyi Kauhavalla lokakuun 10. p\u00e4iv\u00e4n\u00e4 1944. Lapsuutensa ja nuoruutensa h\u00e4n asui Etel\u00e4-Pohjanmaalla, ylioppilaaksi p\u00e4\u00e4si Vimpelin Yhteiskoulusta vuonna 1963. Tuuri opiskeli yhden lukuvuoden matematiikkaa ja fysiikkaa Helsingin yliopistossa, mutta siirtyi sitten Teknilliseen korkeakouluun, josta valmistui graafisen tekniikan diplomi-insin\u00f6\u00f6riksi vuonna 1972.<\/p>\n\n\n\n<p>Tuuri toimi yli kymmenen vuotta teollisuudessa erilaisissa johtoteht\u00e4viss\u00e4, viimeksi Kustannusosakeyhti\u00f6 Otavan kehitysjohtajana. Vapaaksi kirjailijaksi h\u00e4n ryhtyi vuonna 1983. H\u00e4n on ollut Suomen Kirjailijaliiton johtokunnan j\u00e4sen ja puheenjohtaja, Valtion kirjallisuustoimikunnan puheenjohtaja ja Valtion taideneuvoston, Suomen Kulttuurirahaston hallituksen ja hallintoneuvoston j\u00e4sen, ja h\u00e4nell\u00e4 on ollut luottamusteht\u00e4vi\u00e4 my\u00f6s teollisuudessa.<\/p>\n\n\n\n<p>Tuuri julkaisi ensimm\u00e4iset kaunokirjalliset teoksensa jo opiskeluaikana ja jatkoi julkaisemista s\u00e4\u00e4nn\u00f6llisesti kun viel\u00e4 toimi teollisuudessa. H\u00e4n on julkaissut yli 80 teosta: romaaneja, novellikokoelmia, n\u00e4ytelmi\u00e4, matkakertomuksia, er\u00e4kertomuksia, kolumnikokoelmia, el\u00e4m\u00e4kertoja ja yrityshistoriikkeja. H\u00e4n on kirjoittanut televisiolle n\u00e4ytelmi\u00e4 ja sarjoja, radiolle kuunnelmia ja kirjoittanut my\u00f6s sanoma- ja aikakausilehtiin. H\u00e4nen romaaniensa pohjalta on tehty useita elokuvia.<\/p>\n\n\n\n<p>Tuurin kirjallisesta tuotannosta on tehty kaksi yliopistollista tohtorinv\u00e4it\u00f6st\u00e4, toinen niist\u00e4 Helsingin yliopistossa:&nbsp;<em>Juhani Sipil\u00e4<\/em>&nbsp;:&nbsp;<em>Maa luja, taivas korkia&#8211;Antti Tuurin Pohjanmaa-sarja.<\/em><\/p>\n\n\n\n<p>Tuurin kirjoitusty\u00f6 jatkuu. H\u00e4nen viimeisin teoksensa kertoo Down-ihmisest\u00e4 : <em>Mies kuin pantteri, Wahlroosin el\u00e4m\u00e4<\/em>.<\/p>\n\n\n\n<p><strong>GUNTHER UHLMANN<\/strong><\/p>\n\n\n\n<figure class=\"wp-block-image size-large is-resized\"><img loading=\"lazy\" decoding=\"async\" src=\"https:\/\/fil-promo-22.it.helsinki.fi\/2022\/wp-content\/uploads\/sites\/3\/2022\/05\/Uhlmann_photo_IMG_6372-1200x1600.jpg\" alt=\"\" class=\"wp-image-1366\" width=\"519\" height=\"692\"\/><\/figure>\n\n\n\n<p>Gunther Alberto Uhlmann Arancibia was born on February 9th, 1952 in Chile. He is a world-leading mathematician whose research focuses on inverse problems and imaging, partial differential equations and invisibility. He studied mathematics as an undergraduate at the Universidad de Chile in Santiago and received his PhD at MIT in 1976. Since 1985 he has worked in University of Washington in Seattle where is presently the Walker Family endowed Professor. In 2012-2017 he served as a Finnish Distinguished Professor in University of Helsinki. Prof. Uhlmann is the founder of the field of inverse problems which studies mathematical methods to image unknown structures from noisy measurement data. He has done pioneering work on the Electrical Impedance Tomography and the Optical Tomography. The latter imaging method is used to monitor the oxygen level in brain of neonatal babies and is being developed to detect the breast cancer. He has created the scientific proposals for invisibility cloaking and other novel optical devices.<\/p>\n\n\n\n<p>Prof. Uhlmann is the member of American Academy of Arts and Sciences of United States, the corresponding Member of the Chilean Academy of Sciences, and a SIAM Fellow. Institute of Scientific Information lists him as a Highly Cited Researcher. &nbsp;He is one of the founders and the present president of the Inverse Problems International Association.<\/p>\n\n\n\n<p>Prof. Uhlmann has educated several Finnish mathematicians and has had a huge impact for the present mathematical research in Finland.<\/p>\n","protected":false},"excerpt":{"rendered":"<p>MIKA ANTTONEN Diplomi-insin\u00f6\u00f6ri Mika Anttonen on energiakonserni St1 Nordic Oy:n hallituksen puheenjohtaja ja p\u00e4\u00e4omistaja. H\u00e4n on perehtynyt syv\u00e4llisesti energia-alan kokonaiskuvaan ja h\u00e4nell\u00e4 on aito halu l\u00f6yt\u00e4\u00e4 ratkaisuja globaaleihin energiahaasteisiin sek\u00e4 edist\u00e4\u00e4 kest\u00e4v\u00e4\u00e4 hiilikiertoa. Anttonen uskoo, ett\u00e4 energiatransitio ei tapahdu ilman innovaatioita ja ett\u00e4 niiden kokeilu vaatii k\u00e4rsiv\u00e4llisyytt\u00e4 ja usein merkitt\u00e4v\u00e4\u00e4 tutkimus- ja kehitysty\u00f6budjettia. Tulosten aikaan [&hellip;]<\/p>\n","protected":false},"author":11,"featured_media":0,"parent":0,"menu_order":0,"comment_status":"closed","ping_status":"closed","template":"","meta":{"footnotes":""},"class_list":["post-1355","page","type-page","status-publish","hentry"],"_links":{"self":[{"href":"https:\/\/fil-promootio.helsinki.fi\/2022\/wp-json\/wp\/v2\/pages\/1355","targetHints":{"allow":["GET"]}}],"collection":[{"href":"https:\/\/fil-promootio.helsinki.fi\/2022\/wp-json\/wp\/v2\/pages"}],"about":[{"href":"https:\/\/fil-promootio.helsinki.fi\/2022\/wp-json\/wp\/v2\/types\/page"}],"author":[{"embeddable":true,"href":"https:\/\/fil-promootio.helsinki.fi\/2022\/wp-json\/wp\/v2\/users\/11"}],"replies":[{"embeddable":true,"href":"https:\/\/fil-promootio.helsinki.fi\/2022\/wp-json\/wp\/v2\/comments?post=1355"}],"version-history":[{"count":3,"href":"https:\/\/fil-promootio.helsinki.fi\/2022\/wp-json\/wp\/v2\/pages\/1355\/revisions"}],"predecessor-version":[{"id":1367,"href":"https:\/\/fil-promootio.helsinki.fi\/2022\/wp-json\/wp\/v2\/pages\/1355\/revisions\/1367"}],"wp:attachment":[{"href":"https:\/\/fil-promootio.helsinki.fi\/2022\/wp-json\/wp\/v2\/media?parent=1355"}],"curies":[{"name":"wp","href":"https:\/\/api.w.org\/{rel}","templated":true}]}}