{"id":1323,"date":"2022-05-26T10:38:03","date_gmt":"2022-05-26T07:38:03","guid":{"rendered":"https:\/\/fil-promootio.helsinki.fi\/?page_id=1323"},"modified":"2022-05-26T10:41:31","modified_gmt":"2022-05-26T07:41:31","slug":"sponsorit","status":"publish","type":"page","link":"https:\/\/fil-promootio.helsinki.fi\/2022\/sponsorit\/","title":{"rendered":"Sponsorit"},"content":{"rendered":"\n<p>Filosofisen tiedekunnan promootion sponsoreina toimivat:<\/p>\n\n\n\n<h3 class=\"wp-block-heading\">Vantaan kukkatalo<\/h3>\n\n\n\n<p><\/p>\n\n\n\n<h3 class=\"wp-block-heading\">Niilo Helanderin s\u00e4\u00e4ti\u00f6<\/h3>\n\n\n\n<figure class=\"wp-block-image size-large\"><img loading=\"lazy\" decoding=\"async\" width=\"335\" height=\"192\" src=\"https:\/\/fil-promo-22.it.helsinki.fi\/2022\/wp-content\/uploads\/sites\/3\/2022\/05\/Niilo-Helander-logo.jpg\" alt=\"\" class=\"wp-image-1324\"\/><\/figure>\n\n\n\n<h3 class=\"wp-block-heading\">Ella ja Georg Ehrnroothin s\u00e4\u00e4ti\u00f6<\/h3>\n\n\n\n<figure class=\"wp-block-image size-large\"><img loading=\"lazy\" decoding=\"async\" width=\"405\" height=\"136\" src=\"https:\/\/fil-promo-22.it.helsinki.fi\/2022\/wp-content\/uploads\/sites\/3\/2022\/05\/Ehrnrooth-logo.jpg\" alt=\"\" class=\"wp-image-1325\"\/><\/figure>\n","protected":false},"excerpt":{"rendered":"<p>Filosofisen tiedekunnan promootion sponsoreina toimivat: Vantaan kukkatalo Niilo Helanderin s\u00e4\u00e4ti\u00f6 Ella ja Georg Ehrnroothin s\u00e4\u00e4ti\u00f6<\/p>\n","protected":false},"author":11,"featured_media":0,"parent":0,"menu_order":0,"comment_status":"closed","ping_status":"closed","template":"","meta":{"footnotes":""},"class_list":["post-1323","page","type-page","status-publish","hentry"],"_links":{"self":[{"href":"https:\/\/fil-promootio.helsinki.fi\/2022\/wp-json\/wp\/v2\/pages\/1323","targetHints":{"allow":["GET"]}}],"collection":[{"href":"https:\/\/fil-promootio.helsinki.fi\/2022\/wp-json\/wp\/v2\/pages"}],"about":[{"href":"https:\/\/fil-promootio.helsinki.fi\/2022\/wp-json\/wp\/v2\/types\/page"}],"author":[{"embeddable":true,"href":"https:\/\/fil-promootio.helsinki.fi\/2022\/wp-json\/wp\/v2\/users\/11"}],"replies":[{"embeddable":true,"href":"https:\/\/fil-promootio.helsinki.fi\/2022\/wp-json\/wp\/v2\/comments?post=1323"}],"version-history":[{"count":2,"href":"https:\/\/fil-promootio.helsinki.fi\/2022\/wp-json\/wp\/v2\/pages\/1323\/revisions"}],"predecessor-version":[{"id":1329,"href":"https:\/\/fil-promootio.helsinki.fi\/2022\/wp-json\/wp\/v2\/pages\/1323\/revisions\/1329"}],"wp:attachment":[{"href":"https:\/\/fil-promootio.helsinki.fi\/2022\/wp-json\/wp\/v2\/media?parent=1323"}],"curies":[{"name":"wp","href":"https:\/\/api.w.org\/{rel}","templated":true}]}}