{"id":1232,"date":"2022-03-18T11:50:06","date_gmt":"2022-03-18T09:50:06","guid":{"rendered":"https:\/\/fil-promootio.helsinki.fi\/?page_id=1232"},"modified":"2022-04-19T10:54:05","modified_gmt":"2022-04-19T07:54:05","slug":"varja-och-ringerbjudanden","status":"publish","type":"page","link":"https:\/\/fil-promootio.helsinki.fi\/2022\/sv\/varja-och-ringerbjudanden\/","title":{"rendered":"V\u00e4rja- och ringerbjudanden"},"content":{"rendered":"\n<div class=\"wp-block-columns is-layout-flex wp-container-core-columns-is-layout-9d6595d7 wp-block-columns-is-layout-flex\">\n<div class=\"wp-block-column is-layout-flow wp-block-column-is-layout-flow\" style=\"flex-basis:50%\">\n<figure class=\"wp-block-image size-large\"><img loading=\"lazy\" decoding=\"async\" width=\"1412\" height=\"695\" src=\"https:\/\/fil-promo-22.it.helsinki.fi\/2022\/wp-content\/uploads\/sites\/3\/2022\/03\/A.-Tillander-logo-6.jpg\" alt=\"\" class=\"wp-image-1233\" srcset=\"https:\/\/fil-promootio.helsinki.fi\/2022\/wp-content\/uploads\/sites\/3\/2022\/03\/A.-Tillander-logo-6.jpg 1412w, https:\/\/fil-promootio.helsinki.fi\/2022\/wp-content\/uploads\/sites\/3\/2022\/03\/A.-Tillander-logo-6-600x295.jpg 600w, https:\/\/fil-promootio.helsinki.fi\/2022\/wp-content\/uploads\/sites\/3\/2022\/03\/A.-Tillander-logo-6-900x443.jpg 900w, https:\/\/fil-promootio.helsinki.fi\/2022\/wp-content\/uploads\/sites\/3\/2022\/03\/A.-Tillander-logo-6-768x378.jpg 768w, https:\/\/fil-promootio.helsinki.fi\/2022\/wp-content\/uploads\/sites\/3\/2022\/03\/A.-Tillander-logo-6-1200x591.jpg 1200w\" sizes=\"auto, (max-width: 1412px) 100vw, 1412px\" \/><\/figure>\n<\/div>\n\n\n\n<div class=\"wp-block-column is-layout-flow wp-block-column-is-layout-flow\" style=\"flex-basis:50%\">\n<p><strong>A. Tillander<\/strong>: Vi erbjuder er doktorssv\u00e4rd och magisterringar f\u00f6r Promotionen 2022.<\/p>\n\n\n\n<p>Doktorssv\u00e4rd inklusive ett fodral, Helsingfors universitets emblem samt ingravering med namn och datum till priset 465 \u20ac \/ st. inklusive moms (norm. 545 \u20ac).<\/p>\n\n\n\n<p>Magisterring, inklusive ingravering (namn och datum) till priset 740 \u20ac \/ st. inklusive moms (norm. 780 \u20ac).<\/p>\n\n\n\n<p>Promovenderna b\u00f6r g\u00f6ra best\u00e4llningarna personligen i Alexander Tillanders butik p\u00e5 Alexandersgatan 17.<\/p>\n\n\n\n<p>Leveranstiden \u00e4r 3-4 veckor.<\/p>\n<\/div>\n<\/div>\n\n\n\n<div class=\"wp-block-columns is-layout-flex wp-container-core-columns-is-layout-9d6595d7 wp-block-columns-is-layout-flex\">\n<div class=\"wp-block-column is-layout-flow wp-block-column-is-layout-flow\" style=\"flex-basis:50%\">\n<figure class=\"wp-block-image size-large\"><img loading=\"lazy\" decoding=\"async\" width=\"288\" height=\"520\" src=\"https:\/\/fil-promo-22.it.helsinki.fi\/2022\/wp-content\/uploads\/sites\/3\/2022\/04\/au_holmberg_logo-2.jpg\" alt=\"\" class=\"wp-image-1278\"\/><\/figure>\n<\/div>\n\n\n\n<div class=\"wp-block-column is-layout-flow wp-block-column-is-layout-flow\" style=\"flex-basis:50%\">\n<p><strong>Au-Holmberg Oy<\/strong> erbjuder f\u00f6r filosofiska promotionen:<\/p>\n\n\n\n<p><strong>Doktorsv\u00e4rja <\/strong>f\u00f6r priset 280 \u20ac (inkl. moms)<\/p>\n\n\n\n<p>I priset ing\u00e5r: En doktorsv\u00e4rja 85 cm eller 95 cm med gravering (namn och datum f\u00f6r disputation eller promotion), Helsingfors universitets emblem i 24 karats guldpl\u00e4tering, b\u00e4ltes\u00f6gla, en skyddsp\u00e5se i tyg och en presentf\u00f6rpackning.<\/p>\n\n\n\n<p>Varje promovend best\u00e4ller sj\u00e4lv sv\u00e4rdet i onlinebutiken (<a href=\"http:\/\/www.au-holmberg.fi\/\">www.au-holmberg.fi<\/a>) och betalar sin best\u00e4llning.<\/p>\n\n\n\n<p>Du f\u00e5r rabatten med rabattkoden: <strong>Miekkafilosofia<\/strong><\/p>\n\n\n\n<p>Leverans till privat adress + 15 \u20ac eller som samleverans till Helsingfors universitet vid avtalad tidpunkt 0 \u20ac. Du kan v\u00e4lja det l\u00e4mpligaste leveranss\u00e4ttet f\u00f6r dig i onlinebutiken.<\/p>\n\n\n\n<p>Det g\u00e5r \u00e4ven bra att best\u00e4lla en <strong>doktorshatt<\/strong> hos oss!<\/p>\n\n\n\n<p><strong>Filosofie magisterring<\/strong> fr\u00e5n 560 \u20ac (inkl. moms)<\/p>\n\n\n\n<p>Magisterring gjord av 14 karats gult guld. I priset ing\u00e5r ocks\u00e5 handgravering och en f\u00f6rvaringsl\u00e5da.<\/p>\n\n\n\n<p>Ringar upp till storlek 18: 560 \u20ac<br>Ringstorlekar 18,5\u201320: + 30 \u20ac.<br>Ringstorlekar 20,5\u201322: \u200b\u200b+ 50 \u20ac.<br>Ring av vitguld + 60 \u20ac<\/p>\n\n\n\n<p>Ringen best\u00e4lls fr\u00e5n <a href=\"http:\/\/www.au-holmberg.fi\" data-type=\"URL\" data-id=\"www.au-holmberg.fi\">www.au-holmberg.fi<\/a> och leveransen sker enligt valt alternativ.<\/p>\n\n\n\n<p>Du f\u00e5r rabatten med rabattkoden: <strong>Sormusfilosofia<\/strong><\/p>\n<\/div>\n<\/div>\n","protected":false},"excerpt":{"rendered":"<p>A. Tillander: Vi erbjuder er doktorssv\u00e4rd och magisterringar f\u00f6r Promotionen 2022. Doktorssv\u00e4rd inklusive ett fodral, Helsingfors universitets emblem samt ingravering med namn och datum till priset 465 \u20ac \/ st. inklusive moms (norm. 545 \u20ac). Magisterring, inklusive ingravering (namn och datum) till priset 740 \u20ac \/ st. inklusive moms (norm. 780 \u20ac). Promovenderna b\u00f6r g\u00f6ra [&hellip;]<\/p>\n","protected":false},"author":11,"featured_media":0,"parent":0,"menu_order":0,"comment_status":"closed","ping_status":"closed","template":"","meta":{"footnotes":""},"class_list":["post-1232","page","type-page","status-publish","hentry"],"_links":{"self":[{"href":"https:\/\/fil-promootio.helsinki.fi\/2022\/wp-json\/wp\/v2\/pages\/1232","targetHints":{"allow":["GET"]}}],"collection":[{"href":"https:\/\/fil-promootio.helsinki.fi\/2022\/wp-json\/wp\/v2\/pages"}],"about":[{"href":"https:\/\/fil-promootio.helsinki.fi\/2022\/wp-json\/wp\/v2\/types\/page"}],"author":[{"embeddable":true,"href":"https:\/\/fil-promootio.helsinki.fi\/2022\/wp-json\/wp\/v2\/users\/11"}],"replies":[{"embeddable":true,"href":"https:\/\/fil-promootio.helsinki.fi\/2022\/wp-json\/wp\/v2\/comments?post=1232"}],"version-history":[{"count":4,"href":"https:\/\/fil-promootio.helsinki.fi\/2022\/wp-json\/wp\/v2\/pages\/1232\/revisions"}],"predecessor-version":[{"id":1287,"href":"https:\/\/fil-promootio.helsinki.fi\/2022\/wp-json\/wp\/v2\/pages\/1232\/revisions\/1287"}],"wp:attachment":[{"href":"https:\/\/fil-promootio.helsinki.fi\/2022\/wp-json\/wp\/v2\/media?parent=1232"}],"curies":[{"name":"wp","href":"https:\/\/api.w.org\/{rel}","templated":true}]}}