{"id":1223,"date":"2022-03-18T11:29:07","date_gmt":"2022-03-18T09:29:07","guid":{"rendered":"https:\/\/fil-promootio.helsinki.fi\/?page_id=1223"},"modified":"2022-04-19T10:53:07","modified_gmt":"2022-04-19T07:53:07","slug":"miekka-ja-sormustarjoukset","status":"publish","type":"page","link":"https:\/\/fil-promootio.helsinki.fi\/2022\/miekka-ja-sormustarjoukset\/","title":{"rendered":"Miekka- ja sormustarjoukset"},"content":{"rendered":"\n<div class=\"wp-block-columns is-layout-flex wp-container-core-columns-is-layout-9d6595d7 wp-block-columns-is-layout-flex\">\n<div class=\"wp-block-column is-layout-flow wp-block-column-is-layout-flow\" style=\"flex-basis:100%\">\n<div class=\"wp-block-columns is-layout-flex wp-container-core-columns-is-layout-9d6595d7 wp-block-columns-is-layout-flex\">\n<div class=\"wp-block-column is-layout-flow wp-block-column-is-layout-flow\" style=\"flex-basis:50%\">\n<div class=\"wp-block-columns is-layout-flex wp-container-core-columns-is-layout-9d6595d7 wp-block-columns-is-layout-flex\">\n<div class=\"wp-block-column is-layout-flow wp-block-column-is-layout-flow\" style=\"flex-basis:100%\">\n<figure class=\"wp-block-image size-large\"><img loading=\"lazy\" decoding=\"async\" width=\"1412\" height=\"695\" src=\"https:\/\/fil-promo-22.it.helsinki.fi\/2022\/wp-content\/uploads\/sites\/3\/2022\/03\/A.-Tillander-logo-4.jpg\" alt=\"\" class=\"wp-image-1224\" srcset=\"https:\/\/fil-promootio.helsinki.fi\/2022\/wp-content\/uploads\/sites\/3\/2022\/03\/A.-Tillander-logo-4.jpg 1412w, https:\/\/fil-promootio.helsinki.fi\/2022\/wp-content\/uploads\/sites\/3\/2022\/03\/A.-Tillander-logo-4-600x295.jpg 600w, https:\/\/fil-promootio.helsinki.fi\/2022\/wp-content\/uploads\/sites\/3\/2022\/03\/A.-Tillander-logo-4-900x443.jpg 900w, https:\/\/fil-promootio.helsinki.fi\/2022\/wp-content\/uploads\/sites\/3\/2022\/03\/A.-Tillander-logo-4-768x378.jpg 768w, https:\/\/fil-promootio.helsinki.fi\/2022\/wp-content\/uploads\/sites\/3\/2022\/03\/A.-Tillander-logo-4-1200x591.jpg 1200w\" sizes=\"auto, (max-width: 1412px) 100vw, 1412px\" \/><\/figure>\n<\/div>\n<\/div>\n<\/div>\n\n\n\n<div class=\"wp-block-column is-layout-flow wp-block-column-is-layout-flow\" style=\"flex-basis:50%\">\n<p><strong>A. Tillander<\/strong>: Tarjoamme teille promootiota 2022 varten tohtorinmiekkoja sek\u00e4 maisterinsormuksia.<\/p>\n\n\n\n<p>Tohtorinmiekkaan kuuluu tuppi, Helsingin yliopiston tunnus sek\u00e4 kaiverrus sis\u00e4lt\u00e4en nimen ja p\u00e4iv\u00e4m\u00e4\u00e4r\u00e4n hintaan 465\u20ac\/kpl sis\u00e4lt\u00e4en alv:n (ovh 545\u20ac).<\/p>\n\n\n\n<p>Maisterinsormus, johon kuuluu kaiverrus (nimi ja p\u00e4iv\u00e4m\u00e4\u00e4r\u00e4) hintaan 740\u20ac\/kpl sis\u00e4lt\u00e4en alv:n (ovh 780\u20ac).<\/p>\n\n\n\n<p>Promovendit tilaavat miekan tai maisterinsormuksen henkil\u00f6kohtaisesti Alexander Tillanderin liikkeest\u00e4 Aleksanterinkatu 17.<\/p>\n\n\n\n<p>Toimitusaika on 3-4 viikkoa.<\/p>\n<\/div>\n<\/div>\n<\/div>\n<\/div>\n\n\n\n<div class=\"wp-block-columns is-layout-flex wp-container-core-columns-is-layout-9d6595d7 wp-block-columns-is-layout-flex\">\n<div class=\"wp-block-column is-layout-flow wp-block-column-is-layout-flow\" style=\"flex-basis:50%\">\n<figure class=\"wp-block-image size-large\"><img loading=\"lazy\" decoding=\"async\" width=\"288\" height=\"520\" src=\"https:\/\/fil-promo-22.it.helsinki.fi\/2022\/wp-content\/uploads\/sites\/3\/2022\/04\/au_holmberg_logo-1.jpg\" alt=\"\" class=\"wp-image-1275\"\/><\/figure>\n<\/div>\n\n\n\n<div class=\"wp-block-column is-layout-flow wp-block-column-is-layout-flow\" style=\"flex-basis:50%\">\n<p><strong>Au-Holmberg Oy<\/strong> tarjoaa filosofiselle promootiolle:<\/p>\n\n\n\n<p><strong>Tohtorinmiekka<\/strong> hintaan 280\u20ac (sis: Alv:n)<\/p>\n\n\n\n<p>Hintaan sis\u00e4ltyy: Tohtorinmiekka 85cm tai 95cm, kaiverrus (nimi ja v\u00e4it\u00f6s- tai promootiop\u00e4iv\u00e4m\u00e4\u00e4r\u00e4), Helsingin yliopiston embleemi 24 karaatin kultauksella, vy\u00f6lenkki, kankainen suojapussi sek\u00e4 lahjapakkaus.<\/p>\n\n\n\n<p>Jokainen promovendi tilaa miekan itsen\u00e4isesti verkkokaupasta (<a href=\"http:\/\/www.au-holmberg.fi\/\">www.au-holmberg.fi<\/a>) sek\u00e4 maksaa tilauksensa.\u00a0<\/p>\n\n\n\n<p>Alennuksen saa alennuskoodilla: <strong>Miekkafilosofia<\/strong><\/p>\n\n\n\n<p>Toimitus yksityisosoitteeseen + 15\u20ac tai yhteistoimituksena Helsingin yliopistolle sovittuna aikana 0\u20ac. Tilaaja voi verkkokaupassa valita itselleen sopivimman tavan.<\/p>\n\n\n\n<p>Meilt\u00e4 on mahdollista tilata my\u00f6s<strong> tohtorinhattu!<\/strong><\/p>\n\n\n\n<p><strong>Filosofian maisterinsormus<\/strong> alkaen hintaan 560\u20ac&nbsp; (Sis: Alv:n)<\/p>\n\n\n\n<p>Maisterinsormus valmistettuna 14 karaatin keltakullasta. Hintaan sis\u00e4ltyy lis\u00e4ksi k\u00e4sinkaiverrus ja s\u00e4ilytysrasia.<\/p>\n\n\n\n<p>Sormukset kokoon 18 asti: 560 \u20ac<br>Sormuskoot 18.5\u201320: + 30\u20ac.<br>Sormuskoot 20.5\u201322: + 50\u20ac.<br>Sormus valmistettuna valkokullasta + 60\u20ac<\/p>\n\n\n\n<p>Sormus tilataan <a href=\"http:\/\/www.au-holmberg.fi\" data-type=\"URL\" data-id=\"www.au-holmberg.fi\">www.au-holmberg.fi<\/a> sivuilta ja toimitus tapahtuu valitulla vaihtoehdolla.<\/p>\n\n\n\n<p>Alennuksen saa alennuskoodilla: <strong>Sormusfilosofia<\/strong><\/p>\n<\/div>\n<\/div>\n","protected":false},"excerpt":{"rendered":"<p>A. Tillander: Tarjoamme teille promootiota 2022 varten tohtorinmiekkoja sek\u00e4 maisterinsormuksia. Tohtorinmiekkaan kuuluu tuppi, Helsingin yliopiston tunnus sek\u00e4 kaiverrus sis\u00e4lt\u00e4en nimen ja p\u00e4iv\u00e4m\u00e4\u00e4r\u00e4n hintaan 465\u20ac\/kpl sis\u00e4lt\u00e4en alv:n (ovh 545\u20ac). Maisterinsormus, johon kuuluu kaiverrus (nimi ja p\u00e4iv\u00e4m\u00e4\u00e4r\u00e4) hintaan 740\u20ac\/kpl sis\u00e4lt\u00e4en alv:n (ovh 780\u20ac). Promovendit tilaavat miekan tai maisterinsormuksen henkil\u00f6kohtaisesti Alexander Tillanderin liikkeest\u00e4 Aleksanterinkatu 17. Toimitusaika on 3-4 [&hellip;]<\/p>\n","protected":false},"author":11,"featured_media":0,"parent":0,"menu_order":0,"comment_status":"closed","ping_status":"closed","template":"","meta":{"footnotes":""},"class_list":["post-1223","page","type-page","status-publish","hentry"],"_links":{"self":[{"href":"https:\/\/fil-promootio.helsinki.fi\/2022\/wp-json\/wp\/v2\/pages\/1223","targetHints":{"allow":["GET"]}}],"collection":[{"href":"https:\/\/fil-promootio.helsinki.fi\/2022\/wp-json\/wp\/v2\/pages"}],"about":[{"href":"https:\/\/fil-promootio.helsinki.fi\/2022\/wp-json\/wp\/v2\/types\/page"}],"author":[{"embeddable":true,"href":"https:\/\/fil-promootio.helsinki.fi\/2022\/wp-json\/wp\/v2\/users\/11"}],"replies":[{"embeddable":true,"href":"https:\/\/fil-promootio.helsinki.fi\/2022\/wp-json\/wp\/v2\/comments?post=1223"}],"version-history":[{"count":5,"href":"https:\/\/fil-promootio.helsinki.fi\/2022\/wp-json\/wp\/v2\/pages\/1223\/revisions"}],"predecessor-version":[{"id":1286,"href":"https:\/\/fil-promootio.helsinki.fi\/2022\/wp-json\/wp\/v2\/pages\/1223\/revisions\/1286"}],"wp:attachment":[{"href":"https:\/\/fil-promootio.helsinki.fi\/2022\/wp-json\/wp\/v2\/media?parent=1223"}],"curies":[{"name":"wp","href":"https:\/\/api.w.org\/{rel}","templated":true}]}}