{"id":1003,"date":"2021-11-08T16:00:51","date_gmt":"2021-11-08T14:00:51","guid":{"rendered":"https:\/\/fil-promootio.helsinki.fi\/?page_id=1003"},"modified":"2022-01-20T22:32:30","modified_gmt":"2022-01-20T20:32:30","slug":"vaatetarjoukset","status":"publish","type":"page","link":"https:\/\/fil-promootio.helsinki.fi\/2022\/vaatetarjoukset\/","title":{"rendered":"Vaatetarjoukset"},"content":{"rendered":"\n<div class=\"wp-block-group alignfull\"><div class=\"wp-block-group__inner-container is-layout-flow wp-block-group-is-layout-flow\">\n<div class=\"wp-block-media-text alignwide is-stacked-on-mobile is-style-tw-shadow\" id=\"seremonia\"><figure class=\"wp-block-media-text__media\"><img decoding=\"async\" src=\"https:\/\/fil-promo-22.it.helsinki.fi\/2022\/wp-content\/uploads\/sites\/3\/2021\/11\/LOGO2019-1600x921.png\" alt=\"\" class=\"wp-image-1004 size-full\"\/><\/figure><div class=\"wp-block-media-text__content\">\n<h3 class=\"has-h-4-font-size wp-block-heading\">Seremonia<\/h3>\n\n\n\n<p>Seremonia tarjoaa promovendeille frakkipaketin vuokralle hintaan 149 \u20ac. Pakettiin sis\u00e4ltyy takki, housut, paita, musta ja valkoinen liivi, rusetti, olkaimet, hihastimet, taskuliina sek\u00e4 lakerikeng\u00e4t. Koodi <strong>FILPROMO22<\/strong><\/p>\n\n\n\n<p>Seremonia tarjoaa promootioon osallistuville naisten v\u00e4rillisist\u00e4 osto- ja vuokrajuhlapuvuista 20 % alennuksen koodilla&nbsp; <strong>FILPROMO22<\/strong><\/p>\n\n\n\n<p><a href=\"https:\/\/fil-promo-22.it.helsinki.fi\/2022\/hattutarjoukset\/#harvesteb\" data-type=\"URL\" data-id=\"https:\/\/fil-promo-22.it.helsinki.fi\/2022\/hattutarjoukset\/#harvesteb\">Tohtorinhatut Harvest EB:n<\/a> p\u00e4\u00e4nmittaukset my\u00f6s Seremoniassa.<\/p>\n\n\n\n<p>Yhteystiedot: <a href=\"https:\/\/www.seremonia.fi\/\">www.seremonia.fi<\/a>. Ajanvaraus p. 09-177224.<\/p>\n<\/div><\/div>\n<\/div><\/div>\n\n\n\n<div class=\"wp-block-media-text alignwide is-stacked-on-mobile is-style-tw-shadow\"><figure class=\"wp-block-media-text__media\"><img decoding=\"async\" src=\"https:\/\/fil-promo-22.it.helsinki.fi\/2022\/wp-content\/uploads\/sites\/3\/2021\/11\/Frakkipalvelu-NAM-1600x394.png\" alt=\"Frakkipalvelu NAM\" class=\"wp-image-1024 size-full\"\/><\/figure><div class=\"wp-block-media-text__content\">\n<h2 class=\"has-h-4-font-size wp-block-heading\">Frakkipalvelu NAM<\/h2>\n\n\n\n<p>Frakkipalvelu NAM tarjoaa frakkipaketin vuokralle hintaan 119 \u20ac (sis. musta liivi, lakeri- ja mattakeng\u00e4t. Norm. kengill\u00e4 159 \u20ac ja ilman kenki\u00e4 139 \u20ac). Frakkipaketti ilman kenki\u00e4 on vuokraltaan 110 \u20ac.&nbsp;<\/p>\n\n\n\n<p>Mainitsethan Filosofisen tiedekunnan promootion varatessasi sovitusaikaa.<\/p>\n\n\n\n<p><a href=\"http:\/\/www.frakkipalvelunam.fi\/\">www.frakkipalvelunam.fi\/<\/a><\/p>\n<\/div><\/div>\n","protected":false},"excerpt":{"rendered":"<p>Seremonia Seremonia tarjoaa promovendeille frakkipaketin vuokralle hintaan 149 \u20ac. Pakettiin sis\u00e4ltyy takki, housut, paita, musta ja valkoinen liivi, rusetti, olkaimet, hihastimet, taskuliina sek\u00e4 lakerikeng\u00e4t. Koodi FILPROMO22 Seremonia tarjoaa promootioon osallistuville naisten v\u00e4rillisist\u00e4 osto- ja vuokrajuhlapuvuista 20 % alennuksen koodilla&nbsp; FILPROMO22 Tohtorinhatut Harvest EB:n p\u00e4\u00e4nmittaukset my\u00f6s Seremoniassa. Yhteystiedot: www.seremonia.fi. Ajanvaraus p. 09-177224. Frakkipalvelu NAM Frakkipalvelu NAM [&hellip;]<\/p>\n","protected":false},"author":7,"featured_media":0,"parent":0,"menu_order":0,"comment_status":"closed","ping_status":"closed","template":"","meta":{"footnotes":""},"class_list":["post-1003","page","type-page","status-publish","hentry"],"_links":{"self":[{"href":"https:\/\/fil-promootio.helsinki.fi\/2022\/wp-json\/wp\/v2\/pages\/1003","targetHints":{"allow":["GET"]}}],"collection":[{"href":"https:\/\/fil-promootio.helsinki.fi\/2022\/wp-json\/wp\/v2\/pages"}],"about":[{"href":"https:\/\/fil-promootio.helsinki.fi\/2022\/wp-json\/wp\/v2\/types\/page"}],"author":[{"embeddable":true,"href":"https:\/\/fil-promootio.helsinki.fi\/2022\/wp-json\/wp\/v2\/users\/7"}],"replies":[{"embeddable":true,"href":"https:\/\/fil-promootio.helsinki.fi\/2022\/wp-json\/wp\/v2\/comments?post=1003"}],"version-history":[{"count":7,"href":"https:\/\/fil-promootio.helsinki.fi\/2022\/wp-json\/wp\/v2\/pages\/1003\/revisions"}],"predecessor-version":[{"id":1073,"href":"https:\/\/fil-promootio.helsinki.fi\/2022\/wp-json\/wp\/v2\/pages\/1003\/revisions\/1073"}],"wp:attachment":[{"href":"https:\/\/fil-promootio.helsinki.fi\/2022\/wp-json\/wp\/v2\/media?parent=1003"}],"curies":[{"name":"wp","href":"https:\/\/api.w.org\/{rel}","templated":true}]}}